{"id":13549,"date":"2021-06-28T18:20:53","date_gmt":"2021-06-28T21:20:53","guid":{"rendered":"https:\/\/mistersates-import.com.br\/loja\/?post_type=product&#038;p=13549"},"modified":"2023-10-20T21:44:57","modified_gmt":"2023-10-21T00:44:57","slug":"rgb-bluetooth-temporizador-indicado-led-controlador-usb-para-5-v-3528-5050-fita","status":"publish","type":"product","link":"https:\/\/mistersates-import.com.br\/loja\/product\/rgb-bluetooth-temporizador-indicado-led-controlador-usb-para-5-v-3528-5050-fita\/","title":{"rendered":"RGB bluetooth Temporizador Indicado LED Controlador USB para 5 V 3528 5050 Fita"},"content":{"rendered":"<p>Caracter\u00edstica :<\/p>\n<p>Alto Qualidade Feito de n\u00facleo de cobre fino e material de PVC , favor\u00e1vel ao meio ambiente, resistente ao desgaste, dur\u00e1vel. palmo vida palmo para 30 , 000 horas<br \/>\nF\u00f3sforo com 3528 5050 Luz Strip RGB ( N\u00e3o Inclu\u00eddo) Voc\u00ea pode uso lo com 3528 ou 5050 tira de luz RGB com conectores de 4 pinos ( n\u00e3o inclu\u00eddos), pode uso para decora\u00e7\u00e3o de ilumina\u00e7\u00e3o interior<br \/>\nSem fio Controle e USB Devices Alimentado Conectar bluetooth, controle a luz com o seu telefone e fazer a sua vida colorida facilmente, pode remoto controle dist\u00e2ncia escala at\u00e9 para 10m \/ 33 p\u00e9s Alimentado por dispositivo com porta USB 5V, banco de pot\u00eancia, laptop, isqueiro do carro, desktop e etc.<br \/>\nLuz Colorido 16 milh\u00f5es de cores RGB podem ser escolhidos, 20 modos multicoloridos de estilo, modo de m\u00fasica, fun\u00e7\u00e3o de temporizador, velocidade de cor pode ser ajust\u00e1vel. Fazer sua vida colorida e relaxe em mundo da m\u00fasica<br \/>\nGerenciamento de Agrupamento Controle ao mesmo tempo uma faixa de luz ou v\u00e1rias faixas de luz por aplicativo de telefone, conveniente para gerenciar v\u00e1rias faixas de luz, perfeito para bares, caf\u00e9, hotel, casa, restaurante e etc.<br \/>\nEspecifica\u00e7\u00e3o:<br \/>\nTens\u00e3o : DC5V-24V<br \/>\nCorrente de sa\u00edda: 12A<br \/>\nDist\u00e2ncia Recebendo : 8-10m<br \/>\nComprimento: 50cm<br \/>\nPacote inclu\u00eddo:<br \/>\n1x Controlador<br \/>\n1x Instru\u00e7\u00f5es<\/p>\n","protected":false},"excerpt":{"rendered":"<p>Caracter\u00edstica :<\/p>\n<p>Alto Qualidade Feito de n\u00facleo de cobre fino e material de PVC , favor\u00e1vel ao meio ambiente, resistente ao desgaste, dur\u00e1vel. palmo vida palmo para 30 , 000 horas<br \/>\nF\u00f3sforo com 3528 5050 Luz Strip RGB ( N\u00e3o Inclu\u00eddo) Voc\u00ea pode uso lo com 3528 ou 5050 tira de luz RGB com conectores de 4 pinos ( n\u00e3o inclu\u00eddos), pode uso para decora\u00e7\u00e3o de ilumina\u00e7\u00e3o interior<br \/>\nSem fio Controle e USB Devices Alimentado Conectar bluetooth, controle a luz com o seu telefone e fazer a sua vida colorida facilmente, pode remoto controle dist\u00e2ncia escala at\u00e9 para 10m \/ 33 p\u00e9s Alimentado por dispositivo com porta USB 5V, banco de pot\u00eancia, laptop, isqueiro do carro, desktop e etc.<br \/>\nLuz Colorido 16 milh\u00f5es de cores RGB podem ser escolhidos, 20 modos multicoloridos de estilo, modo de m\u00fasica, fun\u00e7\u00e3o de temporizador, velocidade de cor pode ser ajust\u00e1vel. Fazer sua vida colorida e relaxe em mundo da m\u00fasica<br \/>\nGerenciamento de Agrupamento Controle ao mesmo tempo uma faixa de luz ou v\u00e1rias faixas de luz por aplicativo de telefone, conveniente para gerenciar v\u00e1rias faixas de luz, perfeito para bares, caf\u00e9, hotel, casa, restaurante e etc.<br \/>\nEspecifica\u00e7\u00e3o:<br \/>\nTens\u00e3o : DC5V-24V<br \/>\nCorrente de sa\u00edda: 12A<br \/>\nDist\u00e2ncia Recebendo : 8-10m<br \/>\nComprimento: 50cm<br \/>\nPacote inclu\u00eddo:<br \/>\n1x Controlador<br \/>\n1x Instru\u00e7\u00f5es<\/p>\n","protected":false},"featured_media":13551,"template":"","meta":{"_joinchat":[]},"_links":{"self":[{"href":"https:\/\/mistersates-import.com.br\/loja\/wp-json\/wp\/v2\/product\/13549"}],"collection":[{"href":"https:\/\/mistersates-import.com.br\/loja\/wp-json\/wp\/v2\/product"}],"about":[{"href":"https:\/\/mistersates-import.com.br\/loja\/wp-json\/wp\/v2\/types\/product"}],"wp:featuredmedia":[{"embeddable":true,"href":"https:\/\/mistersates-import.com.br\/loja\/wp-json\/wp\/v2\/media\/13551"}],"wp:attachment":[{"href":"https:\/\/mistersates-import.com.br\/loja\/wp-json\/wp\/v2\/media?parent=13549"}],"curies":[{"name":"wp","href":"https:\/\/api.w.org\/{rel}","templated":true}]}}