{"id":13569,"date":"2021-06-28T18:53:45","date_gmt":"2021-06-28T21:53:45","guid":{"rendered":"https:\/\/mistersates-import.com.br\/loja\/?post_type=product&#038;p=13569"},"modified":"2025-12-23T12:15:15","modified_gmt":"2025-12-23T15:15:15","slug":"afiador-amolador-de-brocas-para-metalaco-pronta-entrega","status":"publish","type":"product","link":"https:\/\/mistersates-import.com.br\/loja\/product\/afiador-amolador-de-brocas-para-metalaco-pronta-entrega\/","title":{"rendered":"Afiador Amolador De Brocas Para Metala\u00e7o Pronta Entrega"},"content":{"rendered":"<p>&#8212;- F\u00e1cil e pratico &#8212;&#8211;<\/p>\n<p>&#8212;- Use a energia da furadeira el\u00e9trica para pode afiar suas brocas de a\u00e7o r\u00e1pido\/metal<\/p>\n<p>&#8212;- Os maiores detalhes s\u00e3o fielmente mostrados nas fotos do an\u00fancio<\/p>\n<p>&#8212;- \u00c9 simples de usar, acople-o no mandril da furadeira, coloque a broca no seu alojamento de acordo seu di\u00e2metro, certifique que a mesma est\u00e1 na posi\u00e7\u00e3o correta do fio, de acordo com o sentido de giro do rebolo e v\u00e1 acionando devagar a furadeira at\u00e9 que a broca esteja afiada.<\/p>\n<p>&#8212;- IMPORTANTE: **** Sempre devem serem usados os EPIs, principalmente luvas, \u00f3culos de prote\u00e7\u00e3o.<\/p>\n<p>Caracter\u00edsticas:<\/p>\n<p>Use furadeira el\u00e9trica com mandril para acionar essa ferramenta.<br \/>\nAfie brocas e melhore seu desempenho de trabalho.<br \/>\nAgia brocas de a\u00e7o r\u00e1pido e outras, nas medidas de 2mm a 13mm<\/p>\n<p>Especifica\u00e7\u00e3o:<\/p>\n<p>Material: Corindo + ABS + A\u00e7o<\/p>\n<p>Cont\u00e9m no pacote:<\/p>\n<p>1 x apontador de broca<br \/>\n1 x chave<\/p>\n","protected":false},"excerpt":{"rendered":"<p>&#8212;- F\u00e1cil e pratico &#8212;&#8211;<\/p>\n<p>&#8212;- Use a energia da furadeira el\u00e9trica para pode afiar suas brocas de a\u00e7o r\u00e1pido\/metal<\/p>\n<p>&#8212;- Os maiores detalhes s\u00e3o fielmente mostrados nas fotos do an\u00fancio<\/p>\n<p>&#8212;- \u00c9 simples de usar, acople-o no mandril da furadeira, coloque a broca no seu alojamento de acordo seu di\u00e2metro, certifique que a mesma est\u00e1 na posi\u00e7\u00e3o correta do fio, de acordo com o sentido de giro do rebolo e v\u00e1 acionando devagar a furadeira at\u00e9 que a broca esteja afiada.<\/p>\n<p>&#8212;- IMPORTANTE: **** Sempre devem serem usados os EPIs, principalmente luvas, \u00f3culos de prote\u00e7\u00e3o.<\/p>\n<p>Caracter\u00edsticas:<\/p>\n<p>Use furadeira el\u00e9trica com mandril para acionar essa ferramenta.<br \/>\nAfie brocas e melhore seu desempenho de trabalho.<br \/>\nAgia brocas de a\u00e7o r\u00e1pido e outras, nas medidas de 2mm a 13mm<\/p>\n<p>Especifica\u00e7\u00e3o:<\/p>\n<p>Material: Corindo + ABS + A\u00e7o<\/p>\n<p>Cont\u00e9m no pacote:<\/p>\n<p>1 x apontador de broca<br \/>\n1 x chave<\/p>\n","protected":false},"featured_media":15758,"template":"","meta":{"_joinchat":[]},"_links":{"self":[{"href":"https:\/\/mistersates-import.com.br\/loja\/wp-json\/wp\/v2\/product\/13569"}],"collection":[{"href":"https:\/\/mistersates-import.com.br\/loja\/wp-json\/wp\/v2\/product"}],"about":[{"href":"https:\/\/mistersates-import.com.br\/loja\/wp-json\/wp\/v2\/types\/product"}],"wp:featuredmedia":[{"embeddable":true,"href":"https:\/\/mistersates-import.com.br\/loja\/wp-json\/wp\/v2\/media\/15758"}],"wp:attachment":[{"href":"https:\/\/mistersates-import.com.br\/loja\/wp-json\/wp\/v2\/media?parent=13569"}],"curies":[{"name":"wp","href":"https:\/\/api.w.org\/{rel}","templated":true}]}}