{"id":13576,"date":"2021-06-28T18:54:25","date_gmt":"2021-06-28T21:54:25","guid":{"rendered":"https:\/\/mistersates-import.com.br\/loja\/?post_type=product&#038;p=13576"},"modified":"2024-05-13T11:39:50","modified_gmt":"2024-05-13T14:39:50","slug":"rebolo-para-afiador-de-brocas-metal-mais-chave-e-trava","status":"publish","type":"product","link":"https:\/\/mistersates-import.com.br\/loja\/product\/rebolo-para-afiador-de-brocas-metal-mais-chave-e-trava\/","title":{"rendered":"Rebolo Para Afiador De Brocas Metal mais Chave e Trava"},"content":{"rendered":"<p>Pedra (Rebolo) mais chave e trava para o afiador de brocas, n\u00e3o \u00e9 o aparelhe azul com a pedra e sim somente a pedra ou rebolo como \u00e9 chamado.<\/p>\n<p>cont\u00e9m uma pedra para afiador de brocas modelo da pedra ou rebolo igual das imagens somente a pedra sem o aparelho azul afiador de brocas.<\/p>\n<p>&#8212;- F\u00e1cil e pratico &#8212;&#8211;<\/p>\n<p>&#8212;- Serve para reposi\u00e7\u00e3o do rebolo do afiador de brocas port\u00e1til que usa a energia da furadeira el\u00e9trica para pode afiar suas brocas de a\u00e7o r\u00e1pido\/metal<\/p>\n<p>&#8212;- Cont\u00e9m uma pe\u00e7a (rebolo).<\/p>\n<p>&#8212;- IMPORTANTE: **** Sempre devem serem usados os EPIs, principalmente luvas, \u00f3culos de prote\u00e7\u00e3o.<\/p>\n","protected":false},"excerpt":{"rendered":"<p>Pedra (Rebolo) mais chave e trava para o afiador de brocas, n\u00e3o \u00e9 o aparelhe azul com a pedra e sim somente a pedra ou rebolo como \u00e9 chamado.<\/p>\n<p>cont\u00e9m uma pedra para afiador de brocas modelo da pedra ou rebolo igual das imagens somente a pedra sem o aparelho azul afiador de brocas.<\/p>\n<p>&#8212;- F\u00e1cil e pratico &#8212;&#8211;<\/p>\n<p>&#8212;- Serve para reposi\u00e7\u00e3o do rebolo do afiador de brocas port\u00e1til que usa a energia da furadeira el\u00e9trica para pode afiar suas brocas de a\u00e7o r\u00e1pido\/metal<\/p>\n<p>&#8212;- Cont\u00e9m uma pe\u00e7a (rebolo).<\/p>\n<p>&#8212;- IMPORTANTE: **** Sempre devem serem usados os EPIs, principalmente luvas, \u00f3culos de prote\u00e7\u00e3o.<\/p>\n","protected":false},"featured_media":13581,"template":"","meta":{"_joinchat":[]},"_links":{"self":[{"href":"https:\/\/mistersates-import.com.br\/loja\/wp-json\/wp\/v2\/product\/13576"}],"collection":[{"href":"https:\/\/mistersates-import.com.br\/loja\/wp-json\/wp\/v2\/product"}],"about":[{"href":"https:\/\/mistersates-import.com.br\/loja\/wp-json\/wp\/v2\/types\/product"}],"wp:featuredmedia":[{"embeddable":true,"href":"https:\/\/mistersates-import.com.br\/loja\/wp-json\/wp\/v2\/media\/13581"}],"wp:attachment":[{"href":"https:\/\/mistersates-import.com.br\/loja\/wp-json\/wp\/v2\/media?parent=13576"}],"curies":[{"name":"wp","href":"https:\/\/api.w.org\/{rel}","templated":true}]}}