{"id":13583,"date":"2021-06-28T19:56:39","date_gmt":"2021-06-28T22:56:39","guid":{"rendered":"https:\/\/mistersates-import.com.br\/loja\/?post_type=product&#038;p=13583"},"modified":"2025-03-20T12:30:48","modified_gmt":"2025-03-20T15:30:48","slug":"placa-letreiro-luminoso-led-uber-usb-painel-2-ventosas","status":"publish","type":"product","link":"https:\/\/mistersates-import.com.br\/loja\/product\/placa-letreiro-luminoso-led-uber-usb-painel-2-ventosas\/","title":{"rendered":"Placa Letreiro Luminoso Led Uber Usb Painel 2 Ventosas"},"content":{"rendered":"<p>PRODUTO ANUNCIADO N\u00c3O \u00c9 DA MARCA OU FABRICADO PELA UBER, SE TRATA DE UM PRODUTO FEITO POR OUTRA EMPRESA PARA SER USADO NO PARABRISA PARA INDENTIFICA\u00c7\u00c3O DE VE\u00cdCULOS QUE FAZEM USO DO APLICATIVO.<\/p>\n<p>F\u00e1cil instala\u00e7\u00e3o, basta ligar no USB do ve\u00edculo<\/p>\n<p>Tenha mais seguran\u00e7a para entrar em locais desertos, seja encontrado mais facilmente por seus clientes, eventos, festas.<br \/>\nTenha maior facilidade para passar em Blitz.<\/p>\n<p>Itens Inclusos:<\/p>\n<p>01 x Placa de LED<br \/>\n02 x Ventosas de silicone para fixa\u00e7\u00e3o<\/p>\n","protected":false},"excerpt":{"rendered":"<p>PRODUTO ANUNCIADO N\u00c3O \u00c9 DA MARCA OU FABRICADO PELA UBER, SE TRATA DE UM PRODUTO FEITO POR OUTRA EMPRESA PARA SER USADO NO PARABRISA PARA INDENTIFICA\u00c7\u00c3O DE VE\u00cdCULOS QUE FAZEM USO DO APLICATIVO. F\u00e1cil instala\u00e7\u00e3o, basta ligar no USB do &hellip; <a href=\"https:\/\/mistersates-import.com.br\/loja\/product\/placa-letreiro-luminoso-led-uber-usb-painel-2-ventosas\/\">Readmore<\/a><\/p>\n","protected":false},"featured_media":13591,"template":"","meta":{"_joinchat":[]},"_links":{"self":[{"href":"https:\/\/mistersates-import.com.br\/loja\/wp-json\/wp\/v2\/product\/13583"}],"collection":[{"href":"https:\/\/mistersates-import.com.br\/loja\/wp-json\/wp\/v2\/product"}],"about":[{"href":"https:\/\/mistersates-import.com.br\/loja\/wp-json\/wp\/v2\/types\/product"}],"wp:featuredmedia":[{"embeddable":true,"href":"https:\/\/mistersates-import.com.br\/loja\/wp-json\/wp\/v2\/media\/13591"}],"wp:attachment":[{"href":"https:\/\/mistersates-import.com.br\/loja\/wp-json\/wp\/v2\/media?parent=13583"}],"curies":[{"name":"wp","href":"https:\/\/api.w.org\/{rel}","templated":true}]}}