{"id":13617,"date":"2021-06-29T09:23:48","date_gmt":"2021-06-29T12:23:48","guid":{"rendered":"https:\/\/mistersates-import.com.br\/loja\/?post_type=product&#038;p=13617"},"modified":"2024-03-26T18:27:50","modified_gmt":"2024-03-26T21:27:50","slug":"suporte-de-braco-celular-iphone-caminhada-e-academia-media-17-cm-x-9-cm","status":"publish","type":"product","link":"https:\/\/mistersates-import.com.br\/loja\/product\/suporte-de-braco-celular-iphone-caminhada-e-academia-media-17-cm-x-9-cm\/","title":{"rendered":"Suporte De Bra\u00e7o Celular iPhone Caminhada e Academia Media 17 cm x 9 cm"},"content":{"rendered":"<p>****BRA\u00c7ADEIRA****DESCRI\u00c7\u00c3O****<\/p>\n<p>Perfeito para a pr\u00e1tica de esportes, Ideal para caminhadas, treinos, passeios de bicicleta, academias,<\/p>\n<p>fitness, esteira, ginastica, corridas, running e muito mais&#8230;<\/p>\n<p>Bra\u00e7adeira Universal se encaixa a maioria dos smartphones<br \/>\n(certos telefones de tela grande necessidade de remover a capa protetora)<\/p>\n<p>Compat\u00edvel com celulares smartphones de medidas de 4.7 polegadas \/ 5.5 \/ 6 polegadas ou at\u00e9 no m\u00e1ximo 17 x 9 cm<\/p>\n<p>Material: PU, neoprene, PVC, Imperme\u00e1vel<\/p>\n<p>nota: A fun\u00e7\u00e3o da tela de toque pode funcionar no telefone exceto a fun\u00e7\u00e3o de identifica\u00e7\u00e3o de impress\u00f5es digitais.<\/p>\n<p>Compat\u00edvel com celulares Smartphone de medidas de 5\/ 5.5 \/ 6 polegadas<\/p>\n<p>Bra\u00e7adeira: largura m\u00e1xima 38cm de espessura<\/p>\n<p>Obs: ( Modelo iPhone 7 8 a bra\u00e7adeira vai com furo central para o fone )<\/p>\n","protected":false},"excerpt":{"rendered":"<p>****BRA\u00c7ADEIRA****DESCRI\u00c7\u00c3O****<\/p>\n<p>Perfeito para a pr\u00e1tica de esportes, Ideal para caminhadas, treinos, passeios de bicicleta, academias,<\/p>\n<p>fitness, esteira, ginastica, corridas, running e muito mais&#8230;<\/p>\n<p>Bra\u00e7adeira Universal se encaixa a maioria dos smartphones<br \/>\n(certos telefones de tela grande necessidade de remover a capa protetora)<\/p>\n<p>Compat\u00edvel com celulares smartphones de medidas de 4.7 polegadas \/ 5.5 \/ 6 polegadas ou at\u00e9 no m\u00e1ximo 17 x 9 cm<\/p>\n<p>Material: PU, neoprene, PVC, Imperme\u00e1vel<\/p>\n<p>nota: A fun\u00e7\u00e3o da tela de toque pode funcionar no telefone exceto a fun\u00e7\u00e3o de identifica\u00e7\u00e3o de impress\u00f5es digitais.<\/p>\n<p>Compat\u00edvel com celulares Smartphone de medidas de 5\/ 5.5 \/ 6 polegadas<\/p>\n<p>Bra\u00e7adeira: largura m\u00e1xima 38cm de espessura<\/p>\n<p>Obs: ( Modelo iPhone 7 8 a bra\u00e7adeira vai com furo central para o fone )<\/p>\n","protected":false},"featured_media":13618,"template":"","meta":{"_joinchat":[]},"_links":{"self":[{"href":"https:\/\/mistersates-import.com.br\/loja\/wp-json\/wp\/v2\/product\/13617"}],"collection":[{"href":"https:\/\/mistersates-import.com.br\/loja\/wp-json\/wp\/v2\/product"}],"about":[{"href":"https:\/\/mistersates-import.com.br\/loja\/wp-json\/wp\/v2\/types\/product"}],"wp:featuredmedia":[{"embeddable":true,"href":"https:\/\/mistersates-import.com.br\/loja\/wp-json\/wp\/v2\/media\/13618"}],"wp:attachment":[{"href":"https:\/\/mistersates-import.com.br\/loja\/wp-json\/wp\/v2\/media?parent=13617"}],"curies":[{"name":"wp","href":"https:\/\/api.w.org\/{rel}","templated":true}]}}