{"id":13926,"date":"2021-07-08T11:53:34","date_gmt":"2021-07-08T14:53:34","guid":{"rendered":"https:\/\/mistersates-import.com.br\/loja\/?post_type=product&#038;p=13926"},"modified":"2025-03-10T11:14:58","modified_gmt":"2025-03-10T14:14:58","slug":"fita-led-rolo-5m-5050-vermelho-sem-fonte","status":"publish","type":"product","link":"https:\/\/mistersates-import.com.br\/loja\/product\/fita-led-rolo-5m-5050-vermelho-sem-fonte\/","title":{"rendered":"Fita Led Rolo 5m 5050 Vermelho SEM FONTE"},"content":{"rendered":"<p>Fita Led Adesiva , ideal para enfeite de Natal, decora\u00e7\u00e3o de interiores, piscina, sacadas, escadas, corredores, janelas, moveis, contornos de espelhos, em autom\u00f3veis e embarca\u00e7\u00f5es ou ilumina\u00e7\u00f5es de lugares. Produto com prote\u00e7\u00e3o de silicone ..<\/p>\n<p>&#8211; Flex\u00edvel<br \/>\n&#8211; Tens\u00e3o: 12 v , Pode coloca-lo no carro para acender<br \/>\n&#8211; Livre de manuten\u00e7\u00e3o, e instala\u00e7\u00e3o f\u00e1cil<br \/>\n&#8211; Comprimento: 5 metros<br \/>\n&#8211; 60 LED&#8217;s por metro<br \/>\n&#8211; F\u00e1cil instala\u00e7\u00e3o<br \/>\n&#8211; 200 Lumens Aproximadamente 180 WATTS<br \/>\n&#8211; N\u00e3o emite calor<br \/>\n&#8211; \u00c9 poss\u00edvel cort\u00e1-la a cada 5cm ( Havera uma figura de tesoura , \u00c9 o local onde vc podera corta-la )<br \/>\n&#8211; Cor: Verde<br \/>\n&#8211; Acompanha Fonte: N\u00c3O<br \/>\n&#8211; Largura: 10mm<\/p>\n<p>&#8211; Fita Led Vermelho 5M dupla face 5050<\/p>\n","protected":false},"excerpt":{"rendered":"<p>Fita Led Adesiva , ideal para enfeite de Natal, decora\u00e7\u00e3o de interiores, piscina, sacadas, escadas, corredores, janelas, moveis, contornos de espelhos, em autom\u00f3veis e embarca\u00e7\u00f5es ou ilumina\u00e7\u00f5es de lugares. Produto com prote\u00e7\u00e3o de silicone ..<\/p>\n<p>&#8211; Flex\u00edvel<br \/>\n&#8211; Tens\u00e3o: 12 v , Pode coloca-lo no carro para acender<br \/>\n&#8211; Livre de manuten\u00e7\u00e3o, e instala\u00e7\u00e3o f\u00e1cil<br \/>\n&#8211; Comprimento: 5 metros<br \/>\n&#8211; 60 LED&#8217;s por metro<br \/>\n&#8211; F\u00e1cil instala\u00e7\u00e3o<br \/>\n&#8211; 200 Lumens Aproximadamente 180 WATTS<br \/>\n&#8211; N\u00e3o emite calor<br \/>\n&#8211; \u00c9 poss\u00edvel cort\u00e1-la a cada 5cm ( Havera uma figura de tesoura , \u00c9 o local onde vc podera corta-la )<br \/>\n&#8211; Cor: Verde<br \/>\n&#8211; Acompanha Fonte: N\u00c3O<br \/>\n&#8211; Largura: 10mm<\/p>\n<p>&#8211; Fita Led Vermelho 5M dupla face 5050<\/p>\n","protected":false},"featured_media":13931,"template":"","meta":{"_joinchat":[]},"_links":{"self":[{"href":"https:\/\/mistersates-import.com.br\/loja\/wp-json\/wp\/v2\/product\/13926"}],"collection":[{"href":"https:\/\/mistersates-import.com.br\/loja\/wp-json\/wp\/v2\/product"}],"about":[{"href":"https:\/\/mistersates-import.com.br\/loja\/wp-json\/wp\/v2\/types\/product"}],"wp:featuredmedia":[{"embeddable":true,"href":"https:\/\/mistersates-import.com.br\/loja\/wp-json\/wp\/v2\/media\/13931"}],"wp:attachment":[{"href":"https:\/\/mistersates-import.com.br\/loja\/wp-json\/wp\/v2\/media?parent=13926"}],"curies":[{"name":"wp","href":"https:\/\/api.w.org\/{rel}","templated":true}]}}