{"id":13932,"date":"2021-07-08T12:08:02","date_gmt":"2021-07-08T15:08:02","guid":{"rendered":"https:\/\/mistersates-import.com.br\/loja\/?post_type=product&#038;p=13932"},"modified":"2025-07-28T11:07:34","modified_gmt":"2025-07-28T14:07:34","slug":"mini-teclado-touch-sem-fio-tv-wireless-rgb-luz-led-com-efeitos","status":"publish","type":"product","link":"https:\/\/mistersates-import.com.br\/loja\/product\/mini-teclado-touch-sem-fio-tv-wireless-rgb-luz-led-com-efeitos\/","title":{"rendered":"Mini Teclado Touch Sem Fio Tv Wireless Rgb Luz Led Com Efeitos"},"content":{"rendered":"<p>Mini Teclado Wireless Com Touchpad e LEDs Rgb:<\/p>\n<p>Tenha facilidade e acessibilidade para utilizar qualquer dispositivo como Computador, Smart Tv, Android TV Box MXQ e outros, Google TV Box, Consoles Xbox 360, Xbox One, PS3, PS4, HTPC \/ IPTV e muitos outros dispositivos.<\/p>\n<p>CARACTER\u00cdSTICAS:<\/p>\n<p>&#8211; 92 teclas, teclado sem fio de 2,4 GHz com Touchpad.<br \/>\n&#8211; Fun\u00e7\u00f5es Touchpad DPI ajust\u00e1vel.<br \/>\n&#8211; Touchpad sens\u00edvel e inteligente Com 360 graus de flip.<br \/>\n&#8211; Use o touch tamb\u00e9m na vertical<br \/>\n&#8211; Teclado iluminado para melhor manuseio em ambientes com pouca ilumina\u00e7\u00e3o<br \/>\n&#8211; Para ativar\/desativar o LED ou alterar a cor, Aperte Fn + F2<br \/>\n&#8211; Mini teclado QWERTY com teclas multim\u00eddia e teclas de controle de jogos de PC de controle.<br \/>\n&#8211; O design ergon\u00f4mico, \u00e9 f\u00e1cil de transportar e operar.<\/p>\n<p>Especifica\u00e7\u00f5es:<\/p>\n<p>&#8211; Alcance de at\u00e9 10 metros.<br \/>\n&#8211; Plug and play: n\u00e3o precisa instalar o software<br \/>\n&#8211; Alimenta\u00e7\u00e3o: Bateria recarreg\u00e1vel (inclusa)<br \/>\n&#8211; Faixa de frequ\u00eancia: 2.480GHz ~ 2.403GHZ<br \/>\n&#8211; Tens\u00e3o de opera\u00e7\u00e3o: 5v<br \/>\n&#8211; Modula\u00e7\u00e3o: GFSK<br \/>\n&#8211; Taxa de transmiss\u00e3o: 1M bit \/ sec<br \/>\n&#8211; Toler\u00e2ncia de frequ\u00eancia: +\/- 30ppm<br \/>\n&#8211; Peso do teclado: 120g<br \/>\n&#8211; Dimens\u00f5es do teclado: 146,8 mil\u00edmetros \u00d7 97,5 mil\u00edmetros \u00d7 19 mil\u00edmetros<\/p>\n<p>Itens inclusos:<\/p>\n<p>1 x Mini teclado Wireless<br \/>\n1 x Receptor USB<br \/>\n1x Cabo USB para a recarga<br \/>\n1x Bateria<br \/>\n1 x Manual do Usu\u00e1rio<\/p>\n","protected":false},"excerpt":{"rendered":"<p>Mini Teclado Wireless Com Touchpad e LEDs Rgb:<\/p>\n<p>Tenha facilidade e acessibilidade para utilizar qualquer dispositivo como Computador, Smart Tv, Android TV Box MXQ e outros, Google TV Box, Consoles Xbox 360, Xbox One, PS3, PS4, HTPC \/ IPTV e muitos outros dispositivos.<\/p>\n","protected":false},"featured_media":13933,"template":"","meta":{"_joinchat":[]},"_links":{"self":[{"href":"https:\/\/mistersates-import.com.br\/loja\/wp-json\/wp\/v2\/product\/13932"}],"collection":[{"href":"https:\/\/mistersates-import.com.br\/loja\/wp-json\/wp\/v2\/product"}],"about":[{"href":"https:\/\/mistersates-import.com.br\/loja\/wp-json\/wp\/v2\/types\/product"}],"wp:featuredmedia":[{"embeddable":true,"href":"https:\/\/mistersates-import.com.br\/loja\/wp-json\/wp\/v2\/media\/13933"}],"wp:attachment":[{"href":"https:\/\/mistersates-import.com.br\/loja\/wp-json\/wp\/v2\/media?parent=13932"}],"curies":[{"name":"wp","href":"https:\/\/api.w.org\/{rel}","templated":true}]}}