{"id":13944,"date":"2021-07-08T16:13:59","date_gmt":"2021-07-08T19:13:59","guid":{"rendered":"https:\/\/mistersates-import.com.br\/loja\/?post_type=product&#038;p=13944"},"modified":"2023-01-26T16:58:15","modified_gmt":"2023-01-26T19:58:15","slug":"caixa-estanque-gopro-hero-8-black-caixa-protetora-60-mts","status":"publish","type":"product","link":"https:\/\/mistersates-import.com.br\/loja\/product\/caixa-estanque-gopro-hero-8-black-caixa-protetora-60-mts\/","title":{"rendered":"Caixa Estanque Gopro Hero 8 Black &#8211; Caixa Protetora 60 mts"},"content":{"rendered":"<p>CAIXA ESTANQUE PARA A GOPRO HERO 8.<\/p>\n<p>Feita em acr\u00edlico especial de excelente qualidade, essa caixa estanque ir\u00e1 proteger a sua GoPro de forma incr\u00edvel. E o melhor, n\u00e3o \u00e9 preciso remover a lente da sua GoPro.<\/p>\n<p>Vidro de alta qualidade, como uma lente imperme\u00e1vel, AF, revestimento duplo, duplo AR. Lente com maior transpar\u00eancia de luz, f\u00e1cil de limpar e resistente a riscos.<\/p>\n<p>A Caixa Estanque imperme\u00e1vel protege sua c\u00e2mera da \u00e1gua e de impactos.<\/p>\n<p>Com traseira backdoor troc\u00e1vel.<\/p>\n<p>Itens Inclu\u00eddos: (N\u00e3o incluindo a c\u00e2mera)<\/p>\n<p>&#8211; 1x Caixa Estanque.<br \/>\n&#8211; 1x Parafuso.<br \/>\n&#8211; 1x Base.<\/p>\n<p>Compat\u00edvel com:<\/p>\n<p>&#8211; GoPro HERO 8.<\/p>\n","protected":false},"excerpt":{"rendered":"<p>CAIXA ESTANQUE PARA A GOPRO HERO 8.<\/p>\n<p>Feita em acr\u00edlico especial de excelente qualidade, essa caixa estanque ir\u00e1 proteger a sua GoPro de forma incr\u00edvel. E o melhor, n\u00e3o \u00e9 preciso remover a lente da sua GoPro.<\/p>\n<p>Vidro de alta qualidade, como uma lente imperme\u00e1vel, AF, revestimento duplo duplo AR. Lente com maior transpar\u00eancia de luz, f\u00e1cil de limpar e resistente a riscos.<\/p>\n<p>A Caixa Estanque imperme\u00e1vel protege sua c\u00e2mera da \u00e1gua e de impactos.<\/p>\n<p>Com traseira backdoor troc\u00e1vel.<\/p>\n<p>Itens Inclu\u00eddos: (N\u00e3o incluindo a c\u00e2mera)<\/p>\n<p>&#8211; 1x Caixa Estanque.<br \/>\n&#8211; 1x Parafuso.<br \/>\n&#8211; 1x Base.<\/p>\n<p>Compat\u00edvel com:<\/p>\n<p>&#8211; GoPro HERO 8.<\/p>\n","protected":false},"featured_media":16009,"template":"","meta":{"_joinchat":[]},"_links":{"self":[{"href":"https:\/\/mistersates-import.com.br\/loja\/wp-json\/wp\/v2\/product\/13944"}],"collection":[{"href":"https:\/\/mistersates-import.com.br\/loja\/wp-json\/wp\/v2\/product"}],"about":[{"href":"https:\/\/mistersates-import.com.br\/loja\/wp-json\/wp\/v2\/types\/product"}],"wp:featuredmedia":[{"embeddable":true,"href":"https:\/\/mistersates-import.com.br\/loja\/wp-json\/wp\/v2\/media\/16009"}],"wp:attachment":[{"href":"https:\/\/mistersates-import.com.br\/loja\/wp-json\/wp\/v2\/media?parent=13944"}],"curies":[{"name":"wp","href":"https:\/\/api.w.org\/{rel}","templated":true}]}}