{"id":13959,"date":"2021-07-08T18:37:40","date_gmt":"2021-07-08T21:37:40","guid":{"rendered":"https:\/\/mistersates-import.com.br\/loja\/?post_type=product&#038;p=13959"},"modified":"2025-08-23T13:12:05","modified_gmt":"2025-08-23T16:12:05","slug":"adaptador-2-usb-uma-3-0-e-uma-2-0-saida-hub-combo-sdtf-cartao-leitor","status":"publish","type":"product","link":"https:\/\/mistersates-import.com.br\/loja\/product\/adaptador-2-usb-uma-3-0-e-uma-2-0-saida-hub-combo-sdtf-cartao-leitor\/","title":{"rendered":"Adaptador 2 Usb uma 3.0 e uma 2.0 Sa\u00edda Hub Combo Sdtf Cart\u00e3o Leitor"},"content":{"rendered":"<p>Especifica\u00e7\u00f5es:<\/p>\n<p>Tipo de produto: usb tipo-c hub<\/p>\n<p>Material principal: liga de alum\u00ednio, abs<\/p>\n<p>Cor: prata, ouro<\/p>\n<p>Interface: 1 x porta usb 3.0, 1 x porta usb 2.0, 1 x porta usb tipo-c, 1 x slot para cart\u00e3o sd, slot para cart\u00e3o tf (por favor note: este hub s\u00f3 pode ler um cart\u00e3o tf ou um cart\u00e3o sd ao mesmo tempo)<\/p>\n<p>Conector: usb tipo-c<\/p>\n<p>&nbsp;<\/p>\n<p>5 em 1 liga de alum\u00ednio usb c hub: compat\u00edvel com (para) macbook 12 &#8221;, para chromebook pixel, para um mais 2 e outros dispositivos usb tipo c<\/p>\n<p>Portas multi-usb: 1 taxas de transfer\u00eancia de dados do apoio das portas usb 3.0 at\u00e9 5 gbps e 1 porta usb 2.0 at\u00e9 480 mbps; teclados do usb do apoio, a maioria do rato, movimenta\u00e7\u00e3o do flash de usb, usb Discos r\u00edgidos (conecte o carregador pd ao usar o disco r\u00edgido usb, dvd ou quaisquer outros dispositivos de alta pot\u00eancia com o hub); as 3 portas usb podem ser conectadas ao mesmo tempo<\/p>\n<p>Porto integrado de carregamento e transfer\u00eancia de dados: continue carregando seu port\u00e1til USB-C alimentado ou usando o dispositivo usb tipo-c atrav\u00e9s do porto de transfer\u00eancia de entrega de energia tipo-c<\/p>\n<p>Compacto e elegante: cubo de alum\u00ednio trabalhada profissionalmente economiza seu espa\u00e7o de mesa e expande sua conectividade de dispositivos; design incrivelmente compacto permite que voc\u00ea coloc\u00e1-lo em seu bolso, saco ou mala<\/p>\n<p>Suporte para macbook (usb tipo-c)<\/p>\n<p>Apoio Para Macbook (ou outros dispositivos usb tipo-c)<\/p>\n<p>Apoio Para Usb3.0\/2.0\/1.0<\/p>\n<p>Apoio Para Cart\u00e3o microsd\/microsdhc\/tf\/sd\/sdhc\/mmc.<\/p>\n<p>Apoio Para Windows 7\/8\/10, mac, os 9x\/10 sistemas.<\/p>\n<p>&nbsp;<\/p>\n","protected":false},"excerpt":{"rendered":"<p>Especifica\u00e7\u00f5es:<\/p>\n<p>Tipo de produto: usb tipo-c hub<\/p>\n<p>Material principal: liga de alum\u00ednio, abs<\/p>\n<p>Cor: prata, ouro<\/p>\n<p>Interface: 1 x porta usb 3.0, 1 x porta usb 2.0, 1 x porta usb tipo-c, 1 x slot para cart\u00e3o sd, slot para cart\u00e3o tf (por favor note: este hub s\u00f3 pode ler um cart\u00e3o tf ou um cart\u00e3o sd ao mesmo tempo)<\/p>\n<p>Conector: usb tipo-c<\/p>\n","protected":false},"featured_media":15643,"template":"","meta":{"_joinchat":[]},"_links":{"self":[{"href":"https:\/\/mistersates-import.com.br\/loja\/wp-json\/wp\/v2\/product\/13959"}],"collection":[{"href":"https:\/\/mistersates-import.com.br\/loja\/wp-json\/wp\/v2\/product"}],"about":[{"href":"https:\/\/mistersates-import.com.br\/loja\/wp-json\/wp\/v2\/types\/product"}],"wp:featuredmedia":[{"embeddable":true,"href":"https:\/\/mistersates-import.com.br\/loja\/wp-json\/wp\/v2\/media\/15643"}],"wp:attachment":[{"href":"https:\/\/mistersates-import.com.br\/loja\/wp-json\/wp\/v2\/media?parent=13959"}],"curies":[{"name":"wp","href":"https:\/\/api.w.org\/{rel}","templated":true}]}}