{"id":13977,"date":"2021-07-08T19:06:54","date_gmt":"2021-07-08T22:06:54","guid":{"rendered":"https:\/\/mistersates-import.com.br\/loja\/?post_type=product&#038;p=13977"},"modified":"2024-03-15T18:25:02","modified_gmt":"2024-03-15T21:25:02","slug":"cabo-adaptador-tipo-c-x-p2-fone-de-ouvido-xiaomi-mi-8-lite","status":"publish","type":"product","link":"https:\/\/mistersates-import.com.br\/loja\/product\/cabo-adaptador-tipo-c-x-p2-fone-de-ouvido-xiaomi-mi-8-lite\/","title":{"rendered":"Cabo Adaptador Tipo C X P2 Fone De Ouvido Xiaomi Mi 8 Lite"},"content":{"rendered":"<p>Descri\u00e7\u00e3o:<\/p>\n<p>Produto Testado com fone original Samsung antes do envio. (\u00f3tima qualidade)<\/p>\n<p>&nbsp;<\/p>\n<p>Com este cabo, voc\u00ea pode usar fones de ouvido de 3.5mm para celulares.<\/p>\n<p>\u00c9 apenas cerca de 10 cm, \u00e9 conveniente carreg\u00e1-lo.<\/p>\n<p>100% brand new<\/p>\n<p>Este adaptador n\u00e3o \u00e9 compat\u00edvel para todos os tipos de telefone celular tipo-c.<\/p>\n<p>Permite uma excelente qualidade de som devido sua constru\u00e7\u00e3o em material resistente<\/p>\n<p>Alguns modelos compat\u00edveis: Oneplus 7\/ 7-Pr\u00f3 \/HUAWEI Mate10 Pro \/Mate 20 Pro \/P20 \/ P20 Pro \/ P20 RS Porsche Design\/honor nota 10, Xiaomi mi6\/mi 6X\/mi 8\/mi X 2\/mi X 2 s\/mi Nota 3 \/Xiao mi Tubar\u00e3o Preto (black Shark) Smartisan 3\/Pro\/Pro 2, Nubia Z17\/ Moto Z2 \/ Z. MI9, Mi9-Se,etc.<\/p>\n<p>Modelos da Samsung Note 10 &#8211; Note 10+ &#8211; S20 &#8211; S20 &#8211; S20 Plus &#8211; S20 Ultra -A80<\/p>\n<p>Alguns modelos compat\u00edveis: Oneplus 7- 7 Pr\u00f3 \/HUAWEI Mate10 Pro \/Mate 20 Pro \/P20 \/ P20 Pro \/ P20 RS Porsche Design\/honor nota 10, Xiaomi mi6\/mi 6X\/mi 8\/mi X 2\/mi X 2 s\/mi Nota 3 \/Xiao mi Tubar\u00e3o Preto (black Shark) Smartisan 3\/Pro\/Pro 2, Nubia Z17\/ Moto Z2 \/ Z. etc.<\/p>\n<p>Ele n\u00e3o funciona para o Iphone\/ipad pro 2018\/HTC \/ LeEco le \/ GooglePixel 2\/Aquos afiadasS2\/ AsusZenFone 3 \/ Bluedio T4S\/Todos os smartphones com plug 3.5mm para fone<\/p>\n<p>Caro amigo, se o seu tipo-c celular embutido 3.5mm fone de ouvido jack, este adaptador n\u00e3o vai funcionar,, huawei p9 p10, por favor saber befor comprar<\/p>\n<p>Especifica\u00e7\u00f5es:<\/p>\n<p>Adote o design de prote\u00e7\u00e3o hd; artesanato requintado;<\/p>\n<p>Feito de material ambiental superior, confort\u00e1vel de tocar; design exclusivo;<\/p>\n<p>Forte capacidade anti-interfer\u00eancia; \u00f3timo efeito de transmiss\u00e3o de sinal;<\/p>\n<p>Tipo-c usb 3.1 macho a 3.5mm f\u00eamea adaptador de \u00e1udio e cabo do carregador para o telefone<\/p>\n<p>Pacote Inclui:<\/p>\n<p>1 * tipo c adaptador<\/p>\n","protected":false},"excerpt":{"rendered":"<p>Com este cabo, voc\u00ea pode usar fones de ouvido de 3.5mm para telefones leeco.<\/p>\n<p>\u00c9 apenas cerca de 10 cm, \u00e9 conveniente carreg\u00e1-lo.<\/p>\n<p>100% brand new<\/p>\n<p>Este adaptador n\u00e3o \u00e9 compat\u00edvel para todos os tipos de telefone celular tipo-c, eu s\u00f3 posso garantir que \u00e9 compat\u00edvel para letv 2\/letv 2 pro\/letv max2, xiaomi 6 mi6, outra marca, por favor seach por si mesmo<\/p>\n<p>Caro amigo, se o seu tipo-c celular embutido 3.5mm fone de ouvido jack, este adaptador n\u00e3o vai funcionar,, huawei p9 p10, por favor saber befor comprar<\/p>\n","protected":false},"featured_media":15900,"template":"","meta":{"_joinchat":[]},"_links":{"self":[{"href":"https:\/\/mistersates-import.com.br\/loja\/wp-json\/wp\/v2\/product\/13977"}],"collection":[{"href":"https:\/\/mistersates-import.com.br\/loja\/wp-json\/wp\/v2\/product"}],"about":[{"href":"https:\/\/mistersates-import.com.br\/loja\/wp-json\/wp\/v2\/types\/product"}],"wp:featuredmedia":[{"embeddable":true,"href":"https:\/\/mistersates-import.com.br\/loja\/wp-json\/wp\/v2\/media\/15900"}],"wp:attachment":[{"href":"https:\/\/mistersates-import.com.br\/loja\/wp-json\/wp\/v2\/media?parent=13977"}],"curies":[{"name":"wp","href":"https:\/\/api.w.org\/{rel}","templated":true}]}}