{"id":13984,"date":"2021-07-08T19:19:47","date_gmt":"2021-07-08T22:19:47","guid":{"rendered":"https:\/\/mistersates-import.com.br\/loja\/?post_type=product&#038;p=13984"},"modified":"2025-12-17T20:35:51","modified_gmt":"2025-12-17T23:35:51","slug":"gopro-suporte-armacao-go-pro-moldura-frame-hero-8-the-frame","status":"publish","type":"product","link":"https:\/\/mistersates-import.com.br\/loja\/product\/gopro-suporte-armacao-go-pro-moldura-frame-hero-8-the-frame\/","title":{"rendered":"Gopro Suporte Arma\u00e7\u00e3o Go Pro Moldura Frame Hero 8 The Frame"},"content":{"rendered":"<p>SUPORTE FRAME GOPRO HERO 8 BLACK<\/p>\n<p>O suporte frame para GoPro Hero 8 Black \u00e9 um acess\u00f3rio ideal para montar sua c\u00e2mera em outros acess\u00f3rios e suportes que possuam encaixe de tr\u00eas pinos ou engate r\u00e1pido. A moldura oferece uma montagem leve e compacta. Seu design mant\u00e9m aberta as laterais da c\u00e2mera, permitindo a captura de \u00e1udio ideal durante atividades, al\u00e9m de acesso em tempo integral as portas MicroSd, Micro Hdmi, Usb-c e muito mais, possibilitando o uso de cabos e transmiss\u00e3o ao vivo.<\/p>\n<p>A novidade do frame para a Hero 8 Black fica por conta dos m\u00f3dulos que a GoPro lan\u00e7ou para voc\u00ea usar com o Frame e turbinar a sua GoPro.<\/p>\n<p>COMPATIBILIDADE: GOPRO HERO 8 BLACK<\/p>\n<p>ITENS INCLUSOS:<\/p>\n<p>01 &#8211; Suporte de arma\u00e7\u00e3o moldura frame para Gopro 8 Black<br \/>\n01 &#8211; Parafuso<br \/>\n01 &#8211; Suporte encaixe r\u00e1pido<\/p>\n","protected":false},"excerpt":{"rendered":"<p>UPORTE FRAME GOPRO HERO 8 BLACK<\/p>\n<p>O suporte frame para GoPro Hero 8 Black \u00e9 um acess\u00f3rio ideal para montar sua c\u00e2mera em outros acess\u00f3rios e suportes que possuam encaixe de tr\u00eas pinos ou engate r\u00e1pido. A moldura oferece uma montagem leve e compacta. Seu design mant\u00e9m aberta as laterais da c\u00e2mera, permitindo a captura de \u00e1udio ideal durante atividades, al\u00e9m de acesso em tempo integral as portas MicroSd, Micro Hdmi, Usb-c e muito mais, possibilitando o uso de cabos e transmiss\u00e3o ao vivo.<\/p>\n<p>A novidade do frame para a Hero 8 Black fica por conta dos m\u00f3dulos que a GoPro lan\u00e7ou para voc\u00ea usar com o Frame e turbinar a sua GoPro.<\/p>\n<p>COMPATIBILIDADE: GOPRO HERO 8 BLACK<\/p>\n<p>ITENS INCLUSOS:<\/p>\n<p>01 &#8211; Suporte de arma\u00e7\u00e3o moldura frame para Gopro 8 Black<br \/>\n01 &#8211; Parafuso<br \/>\n01 &#8211; Suporte encaixe r\u00e1pido<\/p>\n","protected":false},"featured_media":13985,"template":"","meta":{"_joinchat":[]},"_links":{"self":[{"href":"https:\/\/mistersates-import.com.br\/loja\/wp-json\/wp\/v2\/product\/13984"}],"collection":[{"href":"https:\/\/mistersates-import.com.br\/loja\/wp-json\/wp\/v2\/product"}],"about":[{"href":"https:\/\/mistersates-import.com.br\/loja\/wp-json\/wp\/v2\/types\/product"}],"wp:featuredmedia":[{"embeddable":true,"href":"https:\/\/mistersates-import.com.br\/loja\/wp-json\/wp\/v2\/media\/13985"}],"wp:attachment":[{"href":"https:\/\/mistersates-import.com.br\/loja\/wp-json\/wp\/v2\/media?parent=13984"}],"curies":[{"name":"wp","href":"https:\/\/api.w.org\/{rel}","templated":true}]}}