{"id":13991,"date":"2021-07-08T19:31:20","date_gmt":"2021-07-08T22:31:20","guid":{"rendered":"https:\/\/mistersates-import.com.br\/loja\/?post_type=product&#038;p=13991"},"modified":"2025-10-22T12:56:06","modified_gmt":"2025-10-22T15:56:06","slug":"conjunto-pelicula-vidro-lente-tela-lcd-gopro-hero-8-black","status":"publish","type":"product","link":"https:\/\/mistersates-import.com.br\/loja\/product\/conjunto-pelicula-vidro-lente-tela-lcd-gopro-hero-8-black\/","title":{"rendered":"Conjunto com 3 Pel\u00edculas Vidro Lente Tela Lcd Gopro Hero 8 Black"},"content":{"rendered":"<p>Proteja a Lente e os LCDs de sua GoPro Hero 8 Black com estas Pel\u00edculas Protetoras de Vidro.<\/p>\n<p>Caracter\u00edsticas:<\/p>\n<p>1. Pel\u00edcula de vidro protetora para Lente E Tela de LCD ( Tanto frontal quanto traseira), especificamente para GoPro Hero 8 Black;<br \/>\n2. \u00d3tima qualidade, permite clareza da tela de LCD;<br \/>\n3. Protege o seu ecr\u00e3 e lente de arranh\u00f5es, poeiras e sinais de desgaste;<br \/>\n4. Instala\u00e7\u00e3o muito f\u00e1cil com superf\u00edcie auto-aderente;<br \/>\n5. N\u00e3o deixa nenhum res\u00edduo quando removida;<br \/>\n6. Material: Vidro de Alta Qualidade;<br \/>\n7. Peso: 38g;<br \/>\n8. Marca: Shoot;<br \/>\n9. Cor: Transparente<\/p>\n<p>Compatibilidade: GoPro Hero 8.<\/p>\n<p>Itens inclusos:<\/p>\n<p>1 x Pel\u00edcula Vidro para Prote\u00e7\u00e3o de Lente<br \/>\n1 x Pel\u00edcula Vidro para Prote\u00e7\u00e3o do LCD Frontal<br \/>\n1 x 1 x Pel\u00edcula Vidro para Prote\u00e7\u00e3o do LCD Traseira<br \/>\n2 x Pano de Limpeza<\/p>\n<p>C\u00e2mera n\u00e3o inclusa.<br \/>\nImagem meramente ilustrativa.<\/p>\n","protected":false},"excerpt":{"rendered":"<p>Proteja a Lente e os LCDs de sua GoPro Hero 8 Black com estas Pel\u00edculas Protetoras de Vidro.<\/p>\n<p>Caracter\u00edsticas:<\/p>\n<p>1. Pel\u00edcula de vidro protetora para Lente E Tela de Lcd ( Tanto frontal quanto traseira), especificamente para GoPro Hero 8 Black;<br \/>\n2. \u00d3tima qualidade, permite clareza da tela de LCD;<br \/>\n3. Protege o seu ecr\u00e3 e lente de arranh\u00f5es, poeiras e sinais de desgaste;<br \/>\n4. Instala\u00e7\u00e3o muito f\u00e1cil com superf\u00edcie auto-aderente;<br \/>\n5. N\u00e3o deixa nenhum res\u00edduo quando removida;<br \/>\n6. Material: Vidro de Alta Qualidade;<br \/>\n7. Peso: 38g;<br \/>\n8. Marca: Shoot;<br \/>\n9. Cor: Transparente<\/p>\n<p>Compatibilidade: GoPro Hero 8.<\/p>\n","protected":false},"featured_media":15059,"template":"","meta":{"_joinchat":[]},"_links":{"self":[{"href":"https:\/\/mistersates-import.com.br\/loja\/wp-json\/wp\/v2\/product\/13991"}],"collection":[{"href":"https:\/\/mistersates-import.com.br\/loja\/wp-json\/wp\/v2\/product"}],"about":[{"href":"https:\/\/mistersates-import.com.br\/loja\/wp-json\/wp\/v2\/types\/product"}],"wp:featuredmedia":[{"embeddable":true,"href":"https:\/\/mistersates-import.com.br\/loja\/wp-json\/wp\/v2\/media\/15059"}],"wp:attachment":[{"href":"https:\/\/mistersates-import.com.br\/loja\/wp-json\/wp\/v2\/media?parent=13991"}],"curies":[{"name":"wp","href":"https:\/\/api.w.org\/{rel}","templated":true}]}}