{"id":13996,"date":"2021-07-08T19:41:51","date_gmt":"2021-07-08T22:41:51","guid":{"rendered":"https:\/\/mistersates-import.com.br\/loja\/?post_type=product&#038;p=13996"},"modified":"2024-06-13T18:14:22","modified_gmt":"2024-06-13T21:14:22","slug":"suporte-de-celular-carro-ventosa-flexivel-inova","status":"publish","type":"product","link":"https:\/\/mistersates-import.com.br\/loja\/product\/suporte-de-celular-carro-ventosa-flexivel-inova\/","title":{"rendered":"Suporte de Celular Carro Ventosa Flex\u00edvel Inova"},"content":{"rendered":"<h2 class=\"ui-pdp-description__title\">Descri\u00e7\u00e3o<\/h2>\n<p class=\"ui-pdp-description__content\">Suporte de Celular Veicular.<br \/>\nDesign \u00fanico e compacto.<\/p>\n<p>Suporte para carro para telefone, compat\u00edvel para gps, para iphone, para blackberry, para samsung, para htc e a maioria dos telefones inteligentes.<\/p>\n<p>Largura de reten\u00e7\u00e3o ajust\u00e1vel de 0mm a 90mm, ajuste a qualquer tamanho de telefones.<\/p>\n<p>Rota\u00e7\u00e3o ajust\u00e1vel para 360 graus.<\/p>\n<p>Produto fixo para windows e console central.<\/p>\n<p>Design de bra\u00e7adeira, sem ferramentas necess\u00e1rias, f\u00e1cil de instalar e remover<\/p>\n<p>P\u00e9s antiderrapantes, mantenha seu telefone celular no suporte firmemente.<br \/>\nMaterial: Pl\u00e1stico<\/p>\n<p>Cor: Preto<\/p>\n<p>Altura: 230 mil\u00edmetros<\/p>\n<p>Tamanho da largura da abertura da bra\u00e7adeira: at\u00e9 9cm, apropriado para a maioria do telefone celular<\/p>\n<p>Especifica\u00e7\u00f5es:<\/p>\n<p>Rota\u00e7\u00e3o ajust\u00e1vel para 360 graus.<br \/>\nPacote Inclui:<\/p>\n<p>1 x universal 360 \u00b0 rota\u00e7\u00e3o pregui\u00e7oso carro suporte de montagem para o telefone m\u00f3vel gps<\/p>\n","protected":false},"excerpt":{"rendered":"<p>Fixa\u00e7\u00e3o por ventosa em superf\u00edcies como vidros, metais cromados e pl\u00e1sticos<br \/>\nPresilha com 4 pontos de contato e apliques em silicone para fixar GPS e outros dispositivos com seguran\u00e7a<br \/>\nHaste de metal flex\u00edvel, revestida em pl\u00e1stico resistente<br \/>\nF\u00e1cil de manusear e ajustar em diversas posi\u00e7\u00f5es e \u00e2ngulos, inclusive ao dirigir<br \/>\nN\u00e3o necessita de adesivos ou \u00edm\u00e3s para fixa\u00e7\u00e3o<\/p>\n","protected":false},"featured_media":13997,"template":"","meta":{"_joinchat":[]},"_links":{"self":[{"href":"https:\/\/mistersates-import.com.br\/loja\/wp-json\/wp\/v2\/product\/13996"}],"collection":[{"href":"https:\/\/mistersates-import.com.br\/loja\/wp-json\/wp\/v2\/product"}],"about":[{"href":"https:\/\/mistersates-import.com.br\/loja\/wp-json\/wp\/v2\/types\/product"}],"wp:featuredmedia":[{"embeddable":true,"href":"https:\/\/mistersates-import.com.br\/loja\/wp-json\/wp\/v2\/media\/13997"}],"wp:attachment":[{"href":"https:\/\/mistersates-import.com.br\/loja\/wp-json\/wp\/v2\/media?parent=13996"}],"curies":[{"name":"wp","href":"https:\/\/api.w.org\/{rel}","templated":true}]}}