{"id":14010,"date":"2021-07-08T20:31:47","date_gmt":"2021-07-08T23:31:47","guid":{"rendered":"https:\/\/mistersates-import.com.br\/loja\/?post_type=product&#038;p=14010"},"modified":"2023-03-01T11:20:42","modified_gmt":"2023-03-01T14:20:42","slug":"mini-adaptador-wireless-usb-wifi-950mbps","status":"publish","type":"product","link":"https:\/\/mistersates-import.com.br\/loja\/product\/mini-adaptador-wireless-usb-wifi-950mbps\/","title":{"rendered":"Mini Adaptador Wireless Usb Wifi 950mbps"},"content":{"rendered":"<p>============CHEGA DE ANTENA EXTERNA!!============<br \/>\n&#8212;&#8212;&#8212;&#8211;<br \/>\nAdaptador com antena integrada (interna)<br \/>\nMELHOR SUBSTITUTO DE UMA<br \/>\n=====<\/p>\n<p>PLACA DE REDE SEM FIO<br \/>\nAcompanha CD com DRIVE<br \/>\nreceptor mini USB<br \/>\nCaracter\u00edsticas:<br \/>\n* 802.11n padr\u00e3o.<br \/>\n* transmiss\u00e3o mais r\u00e1pida.<br \/>\n* maior ganho de sinal.<br \/>\n* perto m\u00e1ximo para a rede com fio.<\/p>\n<p>* apresenta um design compacto e elegante que se encaixa em sua porta usb do computador<br \/>\ntornando-a ideal para utiliza\u00e7\u00e3o em viagens ou em um espa\u00e7o de trabalho lotada.<br \/>\n* inclui a mais recente tecnologia 11n, o que proporciona um melhor sinal wireless.<br \/>\n* adicionando wireless- n para seu computador fornece uma excelente solu\u00e7\u00e3o<br \/>\npara a realiza\u00e7\u00e3o de atividades cotidianas como a transfer\u00eancia de arquivos,<br \/>\na navega\u00e7\u00e3o na internet, e download.<\/p>\n<p>Especificativo:<\/p>\n<p>* rede wireless normas: ieee 802.11n<br \/>\n* faixa de frequ\u00eancia: 2.4-2.4835ghz<br \/>\n* protocolo de rede suportados: csma\/ca com ack<br \/>\n* modo de transmiss\u00e3o: dsss<br \/>\n* tipo de dispositivo: adaptador sem fio<br \/>\n* sistemas de opera\u00e7\u00e3o Windows: Windows XP\/Vista \/ Windows 7\/8\/10 \/<br \/>\n* interface: usb 2.0<br \/>\n* tamanho do produto: 18*9mm<br \/>\n* tamanho do pacote: 130*86*22mm<br \/>\n* peso l\u00edquido: 2g<br \/>\n* pacote peso: 33g<\/p>\n<p>Pacote incluindo:<\/p>\n<p>1 nano wireless placa de rede usb adaptador<\/p>\n","protected":false},"excerpt":{"rendered":"<p>============CHEGA DE ANTENA EXTERNA!!============<br \/>\n&#8212;&#8212;&#8212;&#8211;<br \/>\nAdaptador com antena integrada (interna)<br \/>\nMELHOR SUBSTITUTO DE UMA<br \/>\n=====<\/p>\n<p>PLACA DE REDE SEM FIO<br \/>\nAcompanha CD com DRIVE<br \/>\nreceptor mini USB<br \/>\nCaracter\u00edsticas:<br \/>\n* 802.11n padr\u00e3o.<br \/>\n* transmiss\u00e3o mais r\u00e1pida.<br \/>\n* maior ganho de sinal.<br \/>\n* perto m\u00e1ximo para a rede com fio.<\/p>\n<p>* apresenta um design compacto e elegante que se encaixa em sua porta usb do computador<br \/>\ntornando-a ideal para utiliza\u00e7\u00e3o em viagens ou em um espa\u00e7o de trabalho lotada.<br \/>\n* inclui a mais recente tecnologia 11n, o que proporciona um melhor sinal wireless.<br \/>\n* adicionando wireless- n para seu computador fornece uma excelente solu\u00e7\u00e3o<br \/>\npara a realiza\u00e7\u00e3o de atividades cotidianas como a transfer\u00eancia de arquivos,<br \/>\na navega\u00e7\u00e3o na internet, e download.<\/p>\n","protected":false},"featured_media":14011,"template":"","meta":{"_joinchat":[]},"_links":{"self":[{"href":"https:\/\/mistersates-import.com.br\/loja\/wp-json\/wp\/v2\/product\/14010"}],"collection":[{"href":"https:\/\/mistersates-import.com.br\/loja\/wp-json\/wp\/v2\/product"}],"about":[{"href":"https:\/\/mistersates-import.com.br\/loja\/wp-json\/wp\/v2\/types\/product"}],"wp:featuredmedia":[{"embeddable":true,"href":"https:\/\/mistersates-import.com.br\/loja\/wp-json\/wp\/v2\/media\/14011"}],"wp:attachment":[{"href":"https:\/\/mistersates-import.com.br\/loja\/wp-json\/wp\/v2\/media?parent=14010"}],"curies":[{"name":"wp","href":"https:\/\/api.w.org\/{rel}","templated":true}]}}