{"id":14042,"date":"2021-07-09T23:15:27","date_gmt":"2021-07-10T02:15:27","guid":{"rendered":"https:\/\/mistersates-import.com.br\/loja\/?post_type=product&#038;p=14042"},"modified":"2024-05-25T07:58:04","modified_gmt":"2024-05-25T10:58:04","slug":"cabo-usb-2-otg-type-c-x-usb-2-0-femea","status":"publish","type":"product","link":"https:\/\/mistersates-import.com.br\/loja\/product\/cabo-usb-2-otg-type-c-x-usb-2-0-femea\/","title":{"rendered":"Cabo Usb 2 Otg, Type-c X Usb 2.0 Femea"},"content":{"rendered":"<p>Cabo Mobile Phone Type &#8211; C OTG Modelo S k07 ficou mais f\u00e1cil passar fotos, v\u00eddeos e outros arquivos para o seu celular. Com ele \u00e9 poss\u00edvel conectar mouse, c\u00e2mera, teclado, pendrive e outros acess\u00f3rios ao seu aparelho.<\/p>\n<p>Caracter\u00edsticas e Especifica\u00e7\u00f5es:<\/p>\n<p>Cabo Tipo USB 2.0 Tipo &#8211; C Para Usb Cabo de Dados OTG<\/p>\n<p>Micro Macho USB Macho e USB F\u00eamea<\/p>\n<p>Permite conectar Mouse, Teclado Pen Drive, C\u00e2mera, e Outros Acess\u00f3rios.<\/p>\n<p>Compat\u00edvel com todos Smartphones com Tecnologia OTG<\/p>\n<p>&nbsp;<\/p>\n<p>Conte\u00fado Embalagem :<\/p>\n<p>1 Cabo Adaptador para Celular OTG Modelo S K07 Macho F\u00eamea<\/p>\n","protected":false},"excerpt":{"rendered":"<p>Cabo Mobile Phone Type &#8211; C OTG Modelo S k07 ficou mais f\u00e1cil passar fotos, v\u00eddeos e outros arquivos para o seu celular. Com ele \u00e9 poss\u00edvel conectar mouse, c\u00e2mera, teclado, pendrive e outros acess\u00f3rios ao seu aparelho.<\/p>\n<p>Caracter\u00edsticas e Especifica\u00e7\u00f5es:<\/p>\n<p>Cabo Tipo USB 2.0 Tipo &#8211; C Para Usb Cabo de Dados OTG<\/p>\n<p>Micro Macho USB Macho e USB F\u00eamea<\/p>\n<p>Permite conectar Mouse, Teclado Pen Drive, C\u00e2mera, e Outros Acess\u00f3rios.<\/p>\n<p>Compat\u00edvel com todos Smartphones com Tecnologia OTG<\/p>\n<p>&nbsp;<\/p>\n<p>Conte\u00fado Embalagem :<\/p>\n<p>1 Cabo Adaptador para Celular OTG Modelo S K07 Macho F\u00eamea<\/p>\n","protected":false},"featured_media":15987,"template":"","meta":{"_joinchat":[]},"_links":{"self":[{"href":"https:\/\/mistersates-import.com.br\/loja\/wp-json\/wp\/v2\/product\/14042"}],"collection":[{"href":"https:\/\/mistersates-import.com.br\/loja\/wp-json\/wp\/v2\/product"}],"about":[{"href":"https:\/\/mistersates-import.com.br\/loja\/wp-json\/wp\/v2\/types\/product"}],"wp:featuredmedia":[{"embeddable":true,"href":"https:\/\/mistersates-import.com.br\/loja\/wp-json\/wp\/v2\/media\/15987"}],"wp:attachment":[{"href":"https:\/\/mistersates-import.com.br\/loja\/wp-json\/wp\/v2\/media?parent=14042"}],"curies":[{"name":"wp","href":"https:\/\/api.w.org\/{rel}","templated":true}]}}