{"id":14048,"date":"2021-07-09T23:24:25","date_gmt":"2021-07-10T02:24:25","guid":{"rendered":"https:\/\/mistersates-import.com.br\/loja\/?post_type=product&#038;p=14048"},"modified":"2025-01-31T18:10:10","modified_gmt":"2025-01-31T21:10:10","slug":"cabo-micro-usb-cable-5a-fast-charging-usb-sync-data","status":"publish","type":"product","link":"https:\/\/mistersates-import.com.br\/loja\/product\/cabo-micro-usb-cable-5a-fast-charging-usb-sync-data\/","title":{"rendered":"Cabo Micro USB Cable 5A Fast Charging USB Sync Data"},"content":{"rendered":"<p>OLAF 3A Cabo Micro USB Fio de carregamento r\u00e1pido para Samsung Carregador de cabo Para Xiaomi Redmi Note 5 Telefone Android Cabo Micro USB 1 m<\/p>\n<p>Descri\u00e7\u00e3o do Produto<\/p>\n<p>Tipo: Micro USB<\/p>\n<p>Comprimento: 1m<\/p>\n<p>Cor: preto<\/p>\n<p>Sa\u00edda: 5V \/ 3A (M\u00e1x.)<\/p>\n<p>Caracter\u00edstica do produto<\/p>\n<p>-Ultra Dur\u00e1vel<br \/>\nSubstitua seu cabo por um cabo tran\u00e7ado de nylon e adicione mais para casa, trabalho ou viagem, com uma vida \u00fatil de uso 10850 v\u00e1rias vezes maior que os cabos padr\u00e3o.<\/p>\n<p>Sincroniza\u00e7\u00e3o de dados de alta velocidade<br \/>\nIdeal para conectar perif\u00e9ricos de PC, como discos r\u00edgidos, telefones e muito mais, suporta velocidade de transmiss\u00e3o de 480 Mbps, ou seja, a largura de banda m\u00e1xima de transmiss\u00e3o \u00e9 de 60 MB \/ s<\/p>\n","protected":false},"excerpt":{"rendered":"<p>OLAF 3A Cabo Micro USB Fio de carregamento r\u00e1pido para Samsung Carregador de cabo Para Xiaomi Redmi Note 5 Telefone Android Cabo Micro USB 1 m<\/p>\n<p>Descri\u00e7\u00e3o do Produto<\/p>\n<p>Tipo: Micro USB<\/p>\n<p>Comprimento: 1m<\/p>\n<p>Cor: preto<\/p>\n<p>Sa\u00edda: 5V \/ 3A (M\u00e1x.)<\/p>\n<p>Caracter\u00edstica do produto<\/p>\n<p>-Ultra Dur\u00e1vel<br \/>\nSubstitua seu cabo por um cabo tran\u00e7ado de nylon e adicione mais para casa, trabalho ou viagem, com uma vida \u00fatil de uso 10850 v\u00e1rias vezes maior que os cabos padr\u00e3o.<\/p>\n<p>Sincroniza\u00e7\u00e3o de dados de alta velocidade<br \/>\nIdeal para conectar perif\u00e9ricos de PC, como discos r\u00edgidos, telefones e muito mais, suporta velocidade de transmiss\u00e3o de 480 Mbps, ou seja, a largura de banda m\u00e1xima de transmiss\u00e3o \u00e9 de 60 MB \/ s<\/p>\n","protected":false},"featured_media":15963,"template":"","meta":{"_joinchat":[]},"_links":{"self":[{"href":"https:\/\/mistersates-import.com.br\/loja\/wp-json\/wp\/v2\/product\/14048"}],"collection":[{"href":"https:\/\/mistersates-import.com.br\/loja\/wp-json\/wp\/v2\/product"}],"about":[{"href":"https:\/\/mistersates-import.com.br\/loja\/wp-json\/wp\/v2\/types\/product"}],"wp:featuredmedia":[{"embeddable":true,"href":"https:\/\/mistersates-import.com.br\/loja\/wp-json\/wp\/v2\/media\/15963"}],"wp:attachment":[{"href":"https:\/\/mistersates-import.com.br\/loja\/wp-json\/wp\/v2\/media?parent=14048"}],"curies":[{"name":"wp","href":"https:\/\/api.w.org\/{rel}","templated":true}]}}