{"id":14077,"date":"2021-07-10T00:22:44","date_gmt":"2021-07-10T03:22:44","guid":{"rendered":"https:\/\/mistersates-import.com.br\/loja\/?post_type=product&#038;p=14077"},"modified":"2025-11-21T11:29:36","modified_gmt":"2025-11-21T14:29:36","slug":"case-silicone-earpods-para-i9s-i11-i12-i13","status":"publish","type":"product","link":"https:\/\/mistersates-import.com.br\/loja\/product\/case-silicone-earpods-para-i9s-i11-i12-i13\/","title":{"rendered":"Case Silicone Earpods Para I9s I11 I12 I13"},"content":{"rendered":"<p>Caso protetor sem fio do fone de ouvido para caixa de carregamento casos de silicone para i9s i11 i12 i13<\/p>\n<p>Mat\u00e9ria:<\/p>\n<p>Produto: Caixa do silicone<\/p>\n<p>Compat\u00edvel para:I9s i10 i11 i12 i13 Bluetooth Fone de Ouvido<\/p>\n<p>Cor: Branco<\/p>\n<p>Fun\u00e7\u00e3o: Proteja sua caixa de carregamento, mais bonita<\/p>\n<p>Projetado especificamente para airpods caso de carregamento.<\/p>\n<p>Proteja seus airpods contra solavancos, gotas e choque.<\/p>\n<p>Feito de borracha de silicone resistente ao impacto dur\u00e1vel.<\/p>\n<p>Ele traz sentimentos super finos, e oferece uma ader\u00eancia maravilhosa.<\/p>\n<p>O caso n\u00e3o ficar\u00e1 deformado depois de tir\u00e1-lo e coloc\u00e1-lo de volta muitas vezes, porque \u00e9 altamente flex\u00edvel e pode contra solavancos.<\/p>\n<p>Design para uma instala\u00e7\u00e3o f\u00e1cil e f\u00e1cil.<\/p>\n<p>Combina perfeitamente com seus airpods.<\/p>\n<p>Especifica\u00e7\u00e3o<\/p>\n<p>Material: Silicone<\/p>\n<p>Estilo: Simples<\/p>\n<p>Peso l\u00edquido: 11 gramas<\/p>\n<p>Produtos aplic\u00e1veis: iphone airpods<\/p>\n<p>Elementos populares: cor s\u00f3lida<\/p>\n<p>Cor: branco<\/p>\n<p>Especifica\u00e7\u00f5es:<\/p>\n<p>Projetado especificamente para airpods caso de carregamento.<\/p>\n<p>Proteja seus airpods contra solavancos, gotas e choque.<\/p>\n<p>Feito de borracha de silicone resistente ao impacto dur\u00e1vel.<\/p>\n<p>Ele traz sentimentos super finos, e oferece uma ader\u00eancia maravilhosa.<\/p>\n<p>\u00c9 altamente flex\u00edvel e pode contra solavancos.<\/p>\n<p>Design para uma instala\u00e7\u00e3o f\u00e1cil e f\u00e1cil.<\/p>\n<p>Combina perfeitamente com seus airpods.<\/p>\n<p>Pacote Inclui:<\/p>\n<p>1 * iphone airpods fone de ouvido caso de armazenamento<\/p>\n","protected":false},"excerpt":{"rendered":"<p>Caso protetor sem fio do fone de ouvido para caixa de carregamento casos de silicone para i9s i11 i12 i13<\/p>\n<p>Mat\u00e9ria:<\/p>\n<p>Produto: Caixa do silicone<\/p>\n<p>Compat\u00edvel para:I9s i10 i11 i12 i13 Bluetooth Fone de Ouvido<\/p>\n<p>Cor: Branco<\/p>\n<p>Fun\u00e7\u00e3o: Proteja sua caixa de carregamento, mais bonita<\/p>\n<p>Projetado especificamente para airpods caso de carregamento.<\/p>\n<p>Proteja seus airpods contra solavancos, gotas e choque.<\/p>\n<p>Feito de borracha de silicone resistente ao impacto dur\u00e1vel.<\/p>\n<p>Ele traz sentimentos super finos, e oferece uma ader\u00eancia maravilhosa.<\/p>\n<p>O caso n\u00e3o ficar\u00e1 deformado depois de tir\u00e1-lo e coloc\u00e1-lo de volta muitas vezes, porque \u00e9 altamente flex\u00edvel e pode contra solavancos.<\/p>\n<p>Design para uma instala\u00e7\u00e3o f\u00e1cil e f\u00e1cil.<\/p>\n<p>Combina perfeitamente com seus airpods.<\/p>\n<p>Especifica\u00e7\u00e3o<\/p>\n<p>Material: Silicone<\/p>\n<p>Estilo: Simples<\/p>\n<p>Peso l\u00edquido: 11 gramas<\/p>\n<p>Produtos aplic\u00e1veis: iphone airpods<\/p>\n<p>Elementos populares: cor s\u00f3lida<\/p>\n<p>Cor: branco<\/p>\n","protected":false},"featured_media":14078,"template":"","meta":{"_joinchat":[]},"_links":{"self":[{"href":"https:\/\/mistersates-import.com.br\/loja\/wp-json\/wp\/v2\/product\/14077"}],"collection":[{"href":"https:\/\/mistersates-import.com.br\/loja\/wp-json\/wp\/v2\/product"}],"about":[{"href":"https:\/\/mistersates-import.com.br\/loja\/wp-json\/wp\/v2\/types\/product"}],"wp:featuredmedia":[{"embeddable":true,"href":"https:\/\/mistersates-import.com.br\/loja\/wp-json\/wp\/v2\/media\/14078"}],"wp:attachment":[{"href":"https:\/\/mistersates-import.com.br\/loja\/wp-json\/wp\/v2\/media?parent=14077"}],"curies":[{"name":"wp","href":"https:\/\/api.w.org\/{rel}","templated":true}]}}