{"id":14080,"date":"2021-07-10T00:50:55","date_gmt":"2021-07-10T03:50:55","guid":{"rendered":"https:\/\/mistersates-import.com.br\/loja\/?post_type=product&#038;p=14080"},"modified":"2022-09-13T18:00:28","modified_gmt":"2022-09-13T21:00:28","slug":"controle-17-tc-rf-wireless-para-fita-de-led-rgb-5v-usb","status":"publish","type":"product","link":"https:\/\/mistersates-import.com.br\/loja\/product\/controle-17-tc-rf-wireless-para-fita-de-led-rgb-5v-usb\/","title":{"rendered":"Controle 17 tc RF Wireless Para Fita De Led RGB 5v &#8211; USB"},"content":{"rendered":"<p>Design ultrafino RF remoto, fun\u00e7\u00e3o de mem\u00f3ria.<br \/>\nOs volts da fonte de alimenta\u00e7\u00e3o devem corresponder aos volts da luz da faixa! Por favor, verifique se a tira de luz volts \u00e9 a mesma que os volts de energia. (5 V de pot\u00eancia \u2192 5 V de tira de LED; 12 V de pot\u00eancia \u2192 12 V de tira de LED; 24 V de pot\u00eancia \u2192 24 V de tira de LED)<br \/>\n1 controle combina com 1 controle remoto RF, ambos permitem que voc\u00ea controle a fita RGB.<br \/>\nTens\u00e3o de entrada 5 V, 3 canais de sa\u00edda com controle de corrente de funcionamento 12 A.<br \/>\n19 modos din\u00e2micos, 20 cores est\u00e1ticas, 5 n\u00edveis de brilho e 10 n\u00edveis de velocidade.<\/p>\n<p>Modo din\u00e2mico: 22 modos<br \/>\nCor est\u00e1tica: 20 cores<br \/>\nGrau PWM: 256 n\u00edveis<br \/>\nGrau de brilho: 5 n\u00edveis<br \/>\nGrau de velocidade: 10 n\u00edveis<br \/>\nN\u00c3O ACOMPANHA BATERIA CR2032 NO CONTROLE<br \/>\nModo de demonstra\u00e7\u00e3o: Sim<br \/>\nSele\u00e7\u00e3o direta de cores: Sim<br \/>\nSa\u00edda de cor altern\u00e1vel. Sim. 6 op\u00e7\u00f5es<br \/>\nTens\u00e3o operacional: DC 5V<br \/>\nCorrente de sa\u00edda: 3&#215;4 pico, constante 3x2A<br \/>\nFrequ\u00eancia remota: 433.92MHZ<br \/>\nDist\u00e2ncia remota: &gt; 15m em \u00e1rea aberta<\/p>\n<p>Opera\u00e7\u00e3o de baixa tens\u00e3o, pode ser compat\u00edvel com qualquer dispositivo de interface USB. N\u00e3o \u00e9 para preocupa\u00e7\u00f5es de seguran\u00e7a. Certifique-se de que seus adaptadores de energia s\u00e3o adequados para suas tiras de LED<\/p>\n<p>Inclu\u00eddo na embalagem:<br \/>\n1 Controle remoto USB de 17 teclas para tiras de LED.<br \/>\nN\u00c3O ACOMPANHA BATERIA CR2032 NO CONTROLE<\/p>\n","protected":false},"excerpt":{"rendered":"<p>Design ultrafino RF remoto, fun\u00e7\u00e3o de mem\u00f3ria.<br \/>\nOs volts da fonte de alimenta\u00e7\u00e3o devem corresponder aos volts da luz da faixa! Por favor, verifique se a tira de luz volts \u00e9 a mesma que os volts de energia. (5 V de pot\u00eancia \u2192 5 V de tira de LED; 12 V de pot\u00eancia \u2192 12 V de tira de LED; 24 V de pot\u00eancia \u2192 24 V de tira de LED)<br \/>\n1 controle combina com 1 controle remoto RF, ambos permitem que voc\u00ea controle a fita RGB.<br \/>\nTens\u00e3o de entrada 5 V, 3 canais de sa\u00edda com controle de corrente de funcionamento 12 A.<br \/>\n19 modos din\u00e2micos, 20 cores est\u00e1ticas, 5 n\u00edveis de brilho e 10 n\u00edveis de velocidade.<\/p>\n<p>Modo din\u00e2mico: 22 modos<br \/>\nCor est\u00e1tica: 20 cores<br \/>\nGrau PWM: 256 n\u00edveis<br \/>\nGrau de brilho: 5 n\u00edveis<br \/>\nGrau de velocidade: 10 n\u00edveis<br \/>\nN\u00c3O ACOMPANHA BATERIA CR2032 NO CONTROLE<br \/>\nModo de demonstra\u00e7\u00e3o: Sim<br \/>\nSele\u00e7\u00e3o direta de cores: Sim<br \/>\nSa\u00edda de cor altern\u00e1vel. Sim. 6 op\u00e7\u00f5es<br \/>\nTens\u00e3o operacional: DC 5V<br \/>\nCorrente de sa\u00edda: 3&#215;4 pico, constante 3x2A<br \/>\nFrequ\u00eancia remota: 433.92MHZ<br \/>\nDist\u00e2ncia remota: &gt; 15m em \u00e1rea aberta<\/p>\n<p>Opera\u00e7\u00e3o de baixa tens\u00e3o, pode ser compat\u00edvel com qualquer dispositivo de interface USB. N\u00e3o \u00e9 para preocupa\u00e7\u00f5es de seguran\u00e7a. Certifique-se de que seus adaptadores de energia s\u00e3o adequados para suas tiras de LED<\/p>\n<p>Inclu\u00eddo na embalagem:<br \/>\n1 Controle remoto USB de 17 teclas para tiras de LED.<br \/>\nN\u00c3O ACOMPANHA BATERIA CR2032 NO CONTROLE<\/p>\n","protected":false},"featured_media":14081,"template":"","meta":{"_joinchat":[]},"_links":{"self":[{"href":"https:\/\/mistersates-import.com.br\/loja\/wp-json\/wp\/v2\/product\/14080"}],"collection":[{"href":"https:\/\/mistersates-import.com.br\/loja\/wp-json\/wp\/v2\/product"}],"about":[{"href":"https:\/\/mistersates-import.com.br\/loja\/wp-json\/wp\/v2\/types\/product"}],"wp:featuredmedia":[{"embeddable":true,"href":"https:\/\/mistersates-import.com.br\/loja\/wp-json\/wp\/v2\/media\/14081"}],"wp:attachment":[{"href":"https:\/\/mistersates-import.com.br\/loja\/wp-json\/wp\/v2\/media?parent=14080"}],"curies":[{"name":"wp","href":"https:\/\/api.w.org\/{rel}","templated":true}]}}