{"id":14117,"date":"2021-07-10T12:01:35","date_gmt":"2021-07-10T15:01:35","guid":{"rendered":"https:\/\/mistersates-import.com.br\/loja\/?post_type=product&#038;p=14117"},"modified":"2024-03-15T18:27:16","modified_gmt":"2024-03-15T21:27:16","slug":"kit-4-un-espaguete-tubo-termo-retratil-polyolefin-com-1-metro","status":"publish","type":"product","link":"https:\/\/mistersates-import.com.br\/loja\/product\/kit-4-un-espaguete-tubo-termo-retratil-polyolefin-com-1-metro\/","title":{"rendered":"Kit 4 un Espaguete Tubo Termo Retr\u00e1til polyolefin com 1 metro."},"content":{"rendered":"<p>Kit 4 un Espaguete Tubo Termo Retr\u00e1til polyolefin com 1 metro.<\/p>\n<p>2:1 preto 1 6 8 10mm di\u00e2metro heatshrink tubo de tubula\u00e7\u00e3o sleeving envolt\u00f3rio fio vender em uma perda<br \/>\nEu tenho 1mm-25mm tubo de psiquiatra de calor na minha loja! Voc\u00ea pode encontr\u00e1-los!!!<\/p>\n<p>1 ESPAGUETE DE 1 MM COM 1(UM) METRO<br \/>\n1 ESPAGUETE DE 6 MM COM 1(UM) METRO<br \/>\n1 ESPAGUETE DE 8 MM COM 1(UM) METRO<br \/>\n1 ESPAGUETE DE 10 MM COM 1(UM) METRO<\/p>\n<p>Principais caracter\u00edsticas:<\/p>\n<p>Di\u00e2metro: 1mm<\/p>\n<p>Cor: aleat\u00f3rio, por favor deixe uma mensagem se voc\u00ea precisa de uma cor espec\u00edfica<br \/>\nRela\u00e7\u00e3o do encolhimento: 2:1 (encolher m\u00e1ximo a 1\/2 seu di\u00e2metro fornecido)<\/p>\n<p>Uso escopo de temperatura:-55 graus ~ 125 graus<\/p>\n<p>Tens\u00e3o avaliado: 600 v<\/p>\n<p>M\u00e9todo de corte: tesoura ou faca afiada<\/p>\n<p>Certifica\u00e7\u00e3o: ul, certifica\u00e7\u00e3o csa, padr\u00f5es retardadores de fogo;<\/p>\n<p>Desempenho ambiental em linha com o sony e o padr\u00e3o de prote\u00e7\u00e3o ambiental da ue rohs<\/p>\n<p>Este produto tem uma rela\u00e7\u00e3o do psiquiatra de 2:1 e \u00e9 para at\u00e9 600 v, 125 graus cent\u00edgrados. O produto \u00e9 rohs complacente.<\/p>\n<p>O artigo \u00e9 usado principalmente para a conex\u00e3o do fio, a prote\u00e7\u00e3o da jun\u00e7\u00e3o da solda, a prote\u00e7\u00e3o eletr\u00f4nica do dispositivo e o tratamento da isola\u00e7\u00e3o, a prote\u00e7\u00e3o de superf\u00edcie do metal etc.<\/p>\n","protected":false},"excerpt":{"rendered":"<p>Kit 4 un Espaguete Tubo Termo Retr\u00e1til polyolefin com 1 metro.<\/p>\n<p>2:1 preto 1 6 8 10mm di\u00e2metro heatshrink tubo de tubula\u00e7\u00e3o sleeving envolt\u00f3rio fio vender em uma perda<br \/>\nEu tenho 1mm-25mm tubo de psiquiatra de calor na minha loja! Voc\u00ea pode encontr\u00e1-los!!!<\/p>\n<p>1 ESPAGUETE DE 1 MM COM 1(UM) METRO<br \/>\n1 ESPAGUETE DE 6 MM COM 1(UM) METRO<br \/>\n1 ESPAGUETE DE 8 MM COM 1(UM) METRO<br \/>\n1 ESPAGUETE DE 10 MM COM 1(UM) METRO<\/p>\n","protected":false},"featured_media":14118,"template":"","meta":{"_joinchat":[]},"_links":{"self":[{"href":"https:\/\/mistersates-import.com.br\/loja\/wp-json\/wp\/v2\/product\/14117"}],"collection":[{"href":"https:\/\/mistersates-import.com.br\/loja\/wp-json\/wp\/v2\/product"}],"about":[{"href":"https:\/\/mistersates-import.com.br\/loja\/wp-json\/wp\/v2\/types\/product"}],"wp:featuredmedia":[{"embeddable":true,"href":"https:\/\/mistersates-import.com.br\/loja\/wp-json\/wp\/v2\/media\/14118"}],"wp:attachment":[{"href":"https:\/\/mistersates-import.com.br\/loja\/wp-json\/wp\/v2\/media?parent=14117"}],"curies":[{"name":"wp","href":"https:\/\/api.w.org\/{rel}","templated":true}]}}