{"id":14122,"date":"2021-07-10T12:09:05","date_gmt":"2021-07-10T15:09:05","guid":{"rendered":"https:\/\/mistersates-import.com.br\/loja\/?post_type=product&#038;p=14122"},"modified":"2025-09-25T09:50:59","modified_gmt":"2025-09-25T12:50:59","slug":"cabo-usb-3-em-1-v8-iphone-e-type-c-le-835-lelong","status":"publish","type":"product","link":"https:\/\/mistersates-import.com.br\/loja\/product\/cabo-usb-3-em-1-v8-iphone-e-type-c-le-835-lelong\/","title":{"rendered":"Cabo USB 3 em 1 V8, Iphone e Type C LE-835 &#8211; Lelong"},"content":{"rendered":"<p>Cabo 3 em 1<\/p>\n<p>Cabo de dados USB R\u00e1pido<\/p>\n<p>Especifica\u00e7\u00f5es<\/p>\n<p>* fio de puro cobre, em compara\u00e7\u00e3o com outros produtos similares, reduz em 30% o tempo de recarga.<br \/>\n* \u00fanico fio para transmiss\u00e3o de dados e carga.<br \/>\n* USB 2.4 \u00e9 compat\u00edvel com todos as vers\u00f5es USB<\/p>\n","protected":false},"excerpt":{"rendered":"<p>Cabo 3 em 1<\/p>\n<p>Cabo de dados USB R\u00e1pido<\/p>\n<p>Especifica\u00e7\u00f5es<\/p>\n<p>* fio de puro cobre, em compara\u00e7\u00e3o com outros produtos similares, reduz em 30% o tempo de recarga.<br \/>\n* \u00fanico fio para transmiss\u00e3o de dados e carga.<br \/>\n* USB 2.4 \u00e9 compat\u00edvel com todos as vers\u00f5es USB<\/p>\n","protected":false},"featured_media":15991,"template":"","meta":{"_joinchat":[]},"_links":{"self":[{"href":"https:\/\/mistersates-import.com.br\/loja\/wp-json\/wp\/v2\/product\/14122"}],"collection":[{"href":"https:\/\/mistersates-import.com.br\/loja\/wp-json\/wp\/v2\/product"}],"about":[{"href":"https:\/\/mistersates-import.com.br\/loja\/wp-json\/wp\/v2\/types\/product"}],"wp:featuredmedia":[{"embeddable":true,"href":"https:\/\/mistersates-import.com.br\/loja\/wp-json\/wp\/v2\/media\/15991"}],"wp:attachment":[{"href":"https:\/\/mistersates-import.com.br\/loja\/wp-json\/wp\/v2\/media?parent=14122"}],"curies":[{"name":"wp","href":"https:\/\/api.w.org\/{rel}","templated":true}]}}