{"id":14126,"date":"2021-07-10T12:16:03","date_gmt":"2021-07-10T15:16:03","guid":{"rendered":"https:\/\/mistersates-import.com.br\/loja\/?post_type=product&#038;p=14126"},"modified":"2025-08-05T18:39:48","modified_gmt":"2025-08-05T21:39:48","slug":"conector-rj45-de-passagem-ez-crimp-cat5e","status":"publish","type":"product","link":"https:\/\/mistersates-import.com.br\/loja\/product\/conector-rj45-de-passagem-ez-crimp-cat5e\/","title":{"rendered":"Conector Rj45 De Passagem Ez Crimp Cat5e"},"content":{"rendered":"<p>Conector plug RJ45 Macho Cat5E crimpa f\u00e1cil EZ Crimp modelo de passagem para cabo de rede (Para Redes de At\u00e9 100 MBPS)<\/p>\n<p>O Conector RJ45 Macho Cat5E do modelo crimpa f\u00e1cil ou EZ Crimp \u00e9 um plug para redes de dados que possui o topo do conector perfurado, permitindo a passagem dos condutores do cabo UTP atrav\u00e9s do corpo do conector de rede. Por esta raz\u00e3o o conector \u00e9 chamado conector de passagem ou simplesmente de conector de rede Easy crimp.<\/p>\n<p>Devido \u00e0 melhor visualiza\u00e7\u00e3o dos fios no interior do conector, \u00e9 poss\u00edvel evitar os erros na montagem ou crimpagem do conector de rede tais como fios invertido, aumentando a produtividade das equipes.<\/p>\n<p>Altamente recomendado para as equipes de instala\u00e7\u00e3o de cabeamento de rede ou provedores de Internet, os conectores de rede do tipo crimpa f\u00e1cil EZ crimp, s\u00e3o uma novidade no mercado e permitem uma maior confiabilidade na crimpagem dos conectores RJ45.<\/p>\n<p>O modelo EZ crimp possui revestimento dos contatos em ouro, permitindo um melhor contato dos terminais ao patch panel, modem, roteador, keystone , switch ou placa de rede do computador. Por ser revestido com 30 microns de ouro, o conector de rede RJ45 Ez Crimp n\u00e3o sofre problemas de oxida\u00e7\u00e3o.<\/p>\n<p>Os conectores de rede EZ crimp oferecem muitos benef\u00edcios em rela\u00e7\u00e3o aos conectores RJ45 comuns, pois aumentam a produtividade das equipes de cabeamento, reduzem o desperd\u00edcio de material, facilitam a montagem da rede, permitem a identifica\u00e7\u00e3o de erros antes da crimpagem e n\u00e3o oferecem problemas de mau contato ou oxida\u00e7\u00e3o.<\/p>\n","protected":false},"excerpt":{"rendered":"<p>Conector plug RJ45 Macho Cat5E crimpa f\u00e1cil EZ Crimp modelo de passagem para cabo de rede (Para Redes de At\u00e9 100 MBPS)<\/p>\n<p>O Conector RJ45 Macho Cat5E do modelo crimpa f\u00e1cil ou EZ Crimp \u00e9 um plug para redes de dados que possui o topo do conector perfurado, permitindo a passagem dos condutores do cabo UTP atrav\u00e9s do corpo do conector de rede. Por esta raz\u00e3o o conector \u00e9 chamado conector de passagem ou simplesmente de conector de rede Easy crimp.<\/p>\n<p>Devido \u00e0 melhor visualiza\u00e7\u00e3o dos fios no interior do conector, \u00e9 poss\u00edvel evitar os erros na montagem ou crimpagem do conector de rede tais como fios invertido, aumentando a produtividade das equipes.<\/p>\n<p>Altamente recomendado para as equipes de instala\u00e7\u00e3o de cabeamento de rede ou provedores de Internet, os conectores de rede do tipo crimpa f\u00e1cil EZ crimp, s\u00e3o uma novidade no mercado e permitem uma maior confiabilidade na crimpagem dos conectores RJ45.<\/p>\n<p>O modelo EZ crimp possui revestimento dos contatos em ouro, permitindo um melhor contato dos terminais ao patch panel, modem, roteador, keystone , switch ou placa de rede do computador. Por ser revestido com 30 microns de ouro, o conector de rede RJ45 Ez Crimp n\u00e3o sofre problemas de oxida\u00e7\u00e3o.<\/p>\n<p>Os conectores de rede EZ crimp oferecem muitos benef\u00edcios em rela\u00e7\u00e3o aos conectores RJ45 comuns, pois aumentam a produtividade das equipes de cabeamento, reduzem o desperd\u00edcio de material, facilitam a montagem da rede, permitem a identifica\u00e7\u00e3o de erros antes da crimpagem e n\u00e3o oferecem problemas de mau contato ou oxida\u00e7\u00e3o.<\/p>\n","protected":false},"featured_media":14131,"template":"","meta":{"_joinchat":[]},"_links":{"self":[{"href":"https:\/\/mistersates-import.com.br\/loja\/wp-json\/wp\/v2\/product\/14126"}],"collection":[{"href":"https:\/\/mistersates-import.com.br\/loja\/wp-json\/wp\/v2\/product"}],"about":[{"href":"https:\/\/mistersates-import.com.br\/loja\/wp-json\/wp\/v2\/types\/product"}],"wp:featuredmedia":[{"embeddable":true,"href":"https:\/\/mistersates-import.com.br\/loja\/wp-json\/wp\/v2\/media\/14131"}],"wp:attachment":[{"href":"https:\/\/mistersates-import.com.br\/loja\/wp-json\/wp\/v2\/media?parent=14126"}],"curies":[{"name":"wp","href":"https:\/\/api.w.org\/{rel}","templated":true}]}}