{"id":14132,"date":"2021-07-10T12:24:51","date_gmt":"2021-07-10T15:24:51","guid":{"rendered":"https:\/\/mistersates-import.com.br\/loja\/?post_type=product&#038;p=14132"},"modified":"2025-02-22T12:29:19","modified_gmt":"2025-02-22T15:29:19","slug":"conector-emenda-pcb-em-t-p-fita-led-5050-rgb-10mm","status":"publish","type":"product","link":"https:\/\/mistersates-import.com.br\/loja\/product\/conector-emenda-pcb-em-t-p-fita-led-5050-rgb-10mm\/","title":{"rendered":"Conector Emenda Pcb Em T P\/ Fita Led 5050 Rgb 10mm"},"content":{"rendered":"<p>Conector Emenda Pcb Em T p\/ Fita Led 5050 RGB 10mm<\/p>\n<p>&#8211; Largura: 10mm<br \/>\n&#8211; Para fitas LED RGB 5050<br \/>\n&#8211; 4 pinos \/ 4 vias<br \/>\n&#8211; Corrente 9A<br \/>\n&#8211; Tens\u00e3o DC 12-24V<\/p>\n<p>Produto \u00e0 pronta entrega.<\/p>\n<p>Para uso com solda ou com conectores de press\u00e3o que n\u00e3o est\u00e3o inclusos.<\/p>\n","protected":false},"excerpt":{"rendered":"<p>Conector Emenda Pcb Em T p\/ Fita Led 5050 RGB 10mm<\/p>\n<p>&#8211; Largura: 10mm<br \/>\n&#8211; Para fitas LED RGB 5050<br \/>\n&#8211; 4 pinos \/ 4 vias<br \/>\n&#8211; Corrente 9A<br \/>\n&#8211; Tens\u00e3o DC 12-24V<\/p>\n<p>Produto \u00e0 pronta entrega.<\/p>\n<p>Para uso com solda ou com conectores de press\u00e3o que n\u00e3o est\u00e3o inclusos.<\/p>\n","protected":false},"featured_media":14133,"template":"","meta":{"_joinchat":[]},"_links":{"self":[{"href":"https:\/\/mistersates-import.com.br\/loja\/wp-json\/wp\/v2\/product\/14132"}],"collection":[{"href":"https:\/\/mistersates-import.com.br\/loja\/wp-json\/wp\/v2\/product"}],"about":[{"href":"https:\/\/mistersates-import.com.br\/loja\/wp-json\/wp\/v2\/types\/product"}],"wp:featuredmedia":[{"embeddable":true,"href":"https:\/\/mistersates-import.com.br\/loja\/wp-json\/wp\/v2\/media\/14133"}],"wp:attachment":[{"href":"https:\/\/mistersates-import.com.br\/loja\/wp-json\/wp\/v2\/media?parent=14132"}],"curies":[{"name":"wp","href":"https:\/\/api.w.org\/{rel}","templated":true}]}}