{"id":14136,"date":"2021-07-10T12:51:34","date_gmt":"2021-07-10T15:51:34","guid":{"rendered":"https:\/\/mistersates-import.com.br\/loja\/?post_type=product&#038;p=14136"},"modified":"2024-03-15T18:27:27","modified_gmt":"2024-03-15T21:27:27","slug":"lanterna-para-bike-230-lumes-bicicleta-camping","status":"publish","type":"product","link":"https:\/\/mistersates-import.com.br\/loja\/product\/lanterna-para-bike-230-lumes-bicicleta-camping\/","title":{"rendered":"Lanterna para Bike 230 Lumes Bicicleta, Camping"},"content":{"rendered":"<p>Lanterna para Bike 230 Lumes Bicicleta, Camping<\/p>\n<p>Feito de pl\u00e1stico de alta qualidade, oferece resist\u00eancia para choques e derrapagens. Ele foi feito para lanternas de ajuste que t\u00eam um tubo de corpo de 32mm \/ 1,26 polegada . Bra\u00e7adeira universal para montagem em bicicleta de F\u00e1cil instala\u00e7\u00e3o e f\u00e1cil libera\u00e7\u00e3o** a almofada de borracha para proteger o seu guiador do desgaste e rasgo. Especialmente projetado para amantes de ciclismo. Pode ser ajustado em 360 graus.<\/p>\n<p>Especifica\u00e7\u00e3o: Material: plastic Diameter: 32mm \/ 1.26inch<\/p>\n<p>O Pacote possui:<\/p>\n<p>1 x lanterna<\/p>\n","protected":false},"excerpt":{"rendered":"<p>Lanterna para Bike 230 Lumes Bicicleta, Camping<\/p>\n<p>Feito de pl\u00e1stico de alta qualidade, oferece resist\u00eancia para choques e derrapagens. Ele foi feito para lanternas de ajuste que t\u00eam um tubo de corpo de 32mm \/ 1,26 polegada . Bra\u00e7adeira universal para montagem em bicicleta de F\u00e1cil instala\u00e7\u00e3o e f\u00e1cil libera\u00e7\u00e3o** a almofada de borracha para proteger o seu guiador do desgaste e rasgo. Especialmente projetado para amantes de ciclismo. Pode ser ajustado em 360 graus.<\/p>\n<p>Especifica\u00e7\u00e3o: Material: plastic Diameter: 32mm \/ 1.26inch<\/p>\n<p>O Pacote possui:<\/p>\n<p>1 x lanterna<\/p>\n","protected":false},"featured_media":15397,"template":"","meta":{"_joinchat":[]},"_links":{"self":[{"href":"https:\/\/mistersates-import.com.br\/loja\/wp-json\/wp\/v2\/product\/14136"}],"collection":[{"href":"https:\/\/mistersates-import.com.br\/loja\/wp-json\/wp\/v2\/product"}],"about":[{"href":"https:\/\/mistersates-import.com.br\/loja\/wp-json\/wp\/v2\/types\/product"}],"wp:featuredmedia":[{"embeddable":true,"href":"https:\/\/mistersates-import.com.br\/loja\/wp-json\/wp\/v2\/media\/15397"}],"wp:attachment":[{"href":"https:\/\/mistersates-import.com.br\/loja\/wp-json\/wp\/v2\/media?parent=14136"}],"curies":[{"name":"wp","href":"https:\/\/api.w.org\/{rel}","templated":true}]}}