{"id":14139,"date":"2021-07-10T13:23:20","date_gmt":"2021-07-10T16:23:20","guid":{"rendered":"https:\/\/mistersates-import.com.br\/loja\/?post_type=product&#038;p=14139"},"modified":"2025-03-10T11:14:11","modified_gmt":"2025-03-10T14:14:11","slug":"fita-led-rolo-5m-5050-branco-quente-5-mts-sem-fonte","status":"publish","type":"product","link":"https:\/\/mistersates-import.com.br\/loja\/product\/fita-led-rolo-5m-5050-branco-quente-5-mts-sem-fonte\/","title":{"rendered":"Fita Led Rolo 5m 5050 Branco Quente 5 mts SEM FONTE"},"content":{"rendered":"<p>Fita Led Adesiva, ideal para enfeite de Natal, decora\u00e7\u00e3o de interiores, piscina, sacadas, escadas, corredores, janelas, moveis, contornos de espelhos, em autom\u00f3veis e embarca\u00e7\u00f5es ou ilumina\u00e7\u00f5es de lugares. Produto com prote\u00e7\u00e3o de silicone\u2026<\/p>\n<p>&#8211; Flex\u00edvel<br \/>\n&#8211; Tens\u00e3o: 12 v, Pode colocar no carro para acender<br \/>\n&#8211; Livre de manuten\u00e7\u00e3o, e instala\u00e7\u00e3o f\u00e1cil<br \/>\n&#8211; Comprimento: 5 metros<br \/>\n&#8211; 60 LED&#8217;s por metro<br \/>\n&#8211; F\u00e1cil instala\u00e7\u00e3o<br \/>\n&#8211; 200 Lumens Aproximadamente 180 WATTS<br \/>\n&#8211; N\u00e3o emite calor<br \/>\n&#8211; \u00c9 poss\u00edvel cort\u00e1-la a cada 5cm ( Havera uma figura de tesoura, \u00c9 o local onde vc poder\u00e1 corta-la )<br \/>\n&#8211; Cor: Verde<br \/>\n&#8211; Acompanha Fonte: N\u00c3O<br \/>\n&#8211; Largura: 10mm<\/p>\n<p>&#8211; Fita Led Branco Quente 5M dupla face 5050<\/p>\n","protected":false},"excerpt":{"rendered":"<p>Fita Led Adesiva, ideal para enfeite de Natal, decora\u00e7\u00e3o de interiores, piscina, sacadas, escadas, corredores, janelas, moveis, contornos de espelhos, em autom\u00f3veis e embarca\u00e7\u00f5es ou ilumina\u00e7\u00f5es de lugares. Produto com prote\u00e7\u00e3o de silicone\u2026<\/p>\n<p>&#8211; Flex\u00edvel<br \/>\n&#8211; Tens\u00e3o: 12 v, Pode colocar no carro para acender<br \/>\n&#8211; Livre de manuten\u00e7\u00e3o, e instala\u00e7\u00e3o f\u00e1cil<br \/>\n&#8211; Comprimento: 5 metros<br \/>\n&#8211; 60 LED&#8217;s por metro<br \/>\n&#8211; F\u00e1cil instala\u00e7\u00e3o<br \/>\n&#8211; 200 Lumens Aproximadamente 180 WATTS<br \/>\n&#8211; N\u00e3o emite calor<br \/>\n&#8211; \u00c9 poss\u00edvel cort\u00e1-la a cada 5cm ( Havera uma figura de tesoura, \u00c9 o local onde vc poder\u00e1 corta-la )<br \/>\n&#8211; Cor: Verde<br \/>\n&#8211; Acompanha Fonte: N\u00c3O<br \/>\n&#8211; Largura: 10mm<\/p>\n<p>&#8211; Fita Led Branco Quente 5M dupla face 5050<\/p>\n","protected":false},"featured_media":14150,"template":"","meta":{"_joinchat":[]},"_links":{"self":[{"href":"https:\/\/mistersates-import.com.br\/loja\/wp-json\/wp\/v2\/product\/14139"}],"collection":[{"href":"https:\/\/mistersates-import.com.br\/loja\/wp-json\/wp\/v2\/product"}],"about":[{"href":"https:\/\/mistersates-import.com.br\/loja\/wp-json\/wp\/v2\/types\/product"}],"wp:featuredmedia":[{"embeddable":true,"href":"https:\/\/mistersates-import.com.br\/loja\/wp-json\/wp\/v2\/media\/14150"}],"wp:attachment":[{"href":"https:\/\/mistersates-import.com.br\/loja\/wp-json\/wp\/v2\/media?parent=14139"}],"curies":[{"name":"wp","href":"https:\/\/api.w.org\/{rel}","templated":true}]}}