{"id":14182,"date":"2021-07-10T21:38:19","date_gmt":"2021-07-11T00:38:19","guid":{"rendered":"https:\/\/mistersates-import.com.br\/loja\/?post_type=product&#038;p=14182"},"modified":"2022-12-13T12:31:36","modified_gmt":"2022-12-13T15:31:36","slug":"bateria-power-bank-knup-kp-pb03-resistente-preto-5000mah","status":"publish","type":"product","link":"https:\/\/mistersates-import.com.br\/loja\/product\/bateria-power-bank-knup-kp-pb03-resistente-preto-5000mah\/","title":{"rendered":"Bateria Power Bank Knup Kp-pb03 Resistente Preto 5000mah"},"content":{"rendered":"<p>O Power Bank \u00e9 utilizado quando necessitamos carregar dispositivos (celular, c\u00e2meras, Mp3 players, tablets, psp, etc&#8230;) e n\u00e3o temos uma tomada de energia por perto. Com uma bateria de alto desempenho, ele suporta todos os smartphones do mercado, fornecendo energia ao seu aparelho para que voc\u00ea continue a ler, assistir filmes ou ouvir sua m\u00fasica favorita. Possui porta USB para qualquer cabo, e tamb\u00e9m conta com saida Micro Usb e Iphone. O uso do Power Bank da Knup \u00e9 garantia de seguran\u00e7a e qualidade.<\/p>\n<p>Informa\u00e7\u00f5es t\u00e9cnicas<br \/>\nProduto: Novo<br \/>\nMarca: Knup<br \/>\nModelo: KP-PB03<br \/>\nCor: Preto<br \/>\nCapacidade: 5.000 mAh<br \/>\nAlimenta\u00e7\u00e3o: Usb 5V\/2A<br \/>\nVoltagem de sa\u00edda: 5V\/2A<br \/>\nPorta sa\u00edda: Usb, Micro Usb, Iphone 5 6 7 8 Plus X<br \/>\nTempo de carga: 3 \u00e0 5 h<br \/>\nBot\u00e3o liga\/desliga: Sim<\/p>\n<p>Pesos e medidas (aproximados)<br \/>\nMedidas do produto: 1,3 x 6,5 x 10,2 cm (altura x largura x comprimento)<br \/>\nMedida do cabo usb: 0,20 m<br \/>\nMedidas da embalagem: 3 x 10 x 16 cm (altura x largura x comprimento)<br \/>\nPeso bruto: 0,26 Kg<\/p>\n<p>Itens inclusos: 1 Carregador Power Bank, 1 Cabo Usb<\/p>\n","protected":false},"excerpt":{"rendered":"<p>O Power Bank \u00e9 utilizado quando necessitamos carregar dispositivos (celular, c\u00e2meras, Mp3 players, tablets, psp, etc&#8230;) e n\u00e3o temos uma tomada de energia por perto. Com uma bateria de alto desempenho, ele suporta todos os smartphones do mercado, fornecendo energia ao seu aparelho para que voc\u00ea continue a ler, assistir filmes ou ouvir sua m\u00fasica favorita. Possui porta USB para qualquer cabo, e tamb\u00e9m conta com saida Micro Usb e Iphone. O uso do Power Bank da Knup \u00e9 garantia de seguran\u00e7a e qualidade.<\/p>\n<p>Informa\u00e7\u00f5es t\u00e9cnicas<br \/>\nProduto: Novo<br \/>\nMarca: Knup<br \/>\nModelo: KP-PB03<br \/>\nCor: Preto<br \/>\nCapacidade: 5.000 mAh<br \/>\nAlimenta\u00e7\u00e3o: Usb 5V\/2A<br \/>\nVoltagem de sa\u00edda: 5V\/2A<br \/>\nPorta sa\u00edda: Usb, Micro Usb, Iphone 5 6 7 8 Plus X<br \/>\nTempo de carga: 3 \u00e0 5 h<br \/>\nBot\u00e3o liga\/desliga: Sim<\/p>\n","protected":false},"featured_media":15858,"template":"","meta":{"_joinchat":[]},"_links":{"self":[{"href":"https:\/\/mistersates-import.com.br\/loja\/wp-json\/wp\/v2\/product\/14182"}],"collection":[{"href":"https:\/\/mistersates-import.com.br\/loja\/wp-json\/wp\/v2\/product"}],"about":[{"href":"https:\/\/mistersates-import.com.br\/loja\/wp-json\/wp\/v2\/types\/product"}],"wp:featuredmedia":[{"embeddable":true,"href":"https:\/\/mistersates-import.com.br\/loja\/wp-json\/wp\/v2\/media\/15858"}],"wp:attachment":[{"href":"https:\/\/mistersates-import.com.br\/loja\/wp-json\/wp\/v2\/media?parent=14182"}],"curies":[{"name":"wp","href":"https:\/\/api.w.org\/{rel}","templated":true}]}}