{"id":14186,"date":"2021-07-10T22:00:52","date_gmt":"2021-07-11T01:00:52","guid":{"rendered":"https:\/\/mistersates-import.com.br\/loja\/?post_type=product&#038;p=14186"},"modified":"2024-03-15T18:28:05","modified_gmt":"2024-03-15T21:28:05","slug":"lanterna-tatica-recarregavel-usb-led-super-potente-luatek","status":"publish","type":"product","link":"https:\/\/mistersates-import.com.br\/loja\/product\/lanterna-tatica-recarregavel-usb-led-super-potente-luatek\/","title":{"rendered":"Lanterna Tatica Recarregavel Usb Led Super Potente Luatek"},"content":{"rendered":"<p>Lanterna USB, mini lanterna mais pot\u00eancia em pouco tamanho, efici\u00eancia, qualidade e economia garantida, carga \u00e1te 8 horas recomend\u00e1vel. Possui 3 modos de opera\u00e7\u00e3o, sendo eles: Alto brilho, M\u00e9dio brilho e S.O.S. Material em liga de alumino, resistente \u00e1 chuva<br \/>\n-Marca: LUATEK<br \/>\n-Pot\u00eancia: 980000W<br \/>\n-Cor: Preta<\/p>\n<p>Medidas<br \/>\n-Di\u00e2metro Maior: 2,7cm<br \/>\n-Di\u00e2metro Menor: 2,5cm<br \/>\n-Largura: 12 cm (Com zoom puxado)<\/p>\n<p>Itens Inclusos<\/p>\n<p>1 Lanterna Led Cree T6<\/p>\n<p>MODO DE CARREGAMENTO: Essa Lanterna \u00e9 especial, ela possui um modo de carregamento pr\u00e1tico, ao desrosquear voc\u00ea notar\u00e1 um USB macho, no qual ser\u00e1 o modo de carregamento ou seja carregamento via USB.<\/p>\n","protected":false},"excerpt":{"rendered":"<p>Lanterna USB, mini lanterna mais pot\u00eancia em pouco tamanho, efici\u00eancia, qualidade e economia garantida, carga \u00e1te 8 horas recomend\u00e1vel. Possui 3 modos de opera\u00e7\u00e3o, sendo eles: Alto brilho, M\u00e9dio brilho e S.O.S. Material em liga de alumino, resistente \u00e1 chuva<br \/>\n-Marca: LUATEK<br \/>\n-Pot\u00eancia: 980000W<br \/>\n-Cor: Preta<\/p>\n<p>Medidas<br \/>\n-Di\u00e2metro Maior: 2,7cm<br \/>\n-Di\u00e2metro Menor: 2,5cm<br \/>\n-Largura: 12 cm (Com zoom puxado)<\/p>\n<p>Itens Inclusos<\/p>\n<p>1 Lanterna Led Cree T6<\/p>\n<p>MODO DE CARREGAMENTO: Essa Lanterna \u00e9 especial, ela possui um modo de carregamento pr\u00e1tico, ao desrosquear voc\u00ea notar\u00e1 um USB macho, no qual ser\u00e1 o modo de carregamento ou seja carregamento via USB.<\/p>\n","protected":false},"featured_media":14193,"template":"","meta":{"_joinchat":[]},"_links":{"self":[{"href":"https:\/\/mistersates-import.com.br\/loja\/wp-json\/wp\/v2\/product\/14186"}],"collection":[{"href":"https:\/\/mistersates-import.com.br\/loja\/wp-json\/wp\/v2\/product"}],"about":[{"href":"https:\/\/mistersates-import.com.br\/loja\/wp-json\/wp\/v2\/types\/product"}],"wp:featuredmedia":[{"embeddable":true,"href":"https:\/\/mistersates-import.com.br\/loja\/wp-json\/wp\/v2\/media\/14193"}],"wp:attachment":[{"href":"https:\/\/mistersates-import.com.br\/loja\/wp-json\/wp\/v2\/media?parent=14186"}],"curies":[{"name":"wp","href":"https:\/\/api.w.org\/{rel}","templated":true}]}}