{"id":14200,"date":"2021-07-10T22:15:56","date_gmt":"2021-07-11T01:15:56","guid":{"rendered":"https:\/\/mistersates-import.com.br\/loja\/?post_type=product&#038;p=14200"},"modified":"2023-10-20T21:02:29","modified_gmt":"2023-10-21T00:02:29","slug":"headfone-bluetooth-knup-kp-367","status":"publish","type":"product","link":"https:\/\/mistersates-import.com.br\/loja\/product\/headfone-bluetooth-knup-kp-367\/","title":{"rendered":"Headfone bluetooth Knup KP-367"},"content":{"rendered":"<p>Com o fone de ouvido KP-367, voc\u00ea ouve suas m\u00fasicas com estilo e conforto, devido o belo acabamento que apresenta, e o interior acolchoado.<br \/>\nApresenta bot\u00f5es de f\u00e1cil acesso no earpad, sendo eles: mode, eq, on\/off, pausa\/liga\u00e7\u00e3o, pr\u00f3xima faixa e volume.<\/p>\n<p>ESPECIFICA\u00c7\u00d5ES T\u00c9CNICAS:<\/p>\n<p>&#8211; Headphone Bluetooth 3.0 HI-FI com entrada de cart\u00e3o TF\/SD;<br \/>\n&#8211; \u00c1udio: MP3, WMA, WAV;<br \/>\n&#8211; Frequ\u00eancia: 78 ~ 108Mhz;<br \/>\n&#8211; Ru\u00eddo: &gt;90dB;<br \/>\n&#8211; Distor\u00e7\u00e3o: &lt;1%;<br \/>\n&#8211; Imped\u00e2ncia: 32 Ohms;<br \/>\n&#8211; Frequ\u00eancia de Resposta: 20Hz ~ 20Kh;<br \/>\n&#8211; Compatibilidade: Bluetooth 1.2, 2.0 e 3.0;<br \/>\n&#8211; Alcance: 10 metros;<br \/>\n&#8211; Suporta Cart\u00e3o de mem\u00f3ria;<br \/>\n-Acompanha: cabo de energia(para carregar).<\/p>\n<p>MARCA:<br \/>\nKnup<\/p>\n<p>MODELO:<br \/>\nKP-367<\/p>\n","protected":false},"excerpt":{"rendered":"<p>Com o fone de ouvido KP-367, voc\u00ea ouve suas m\u00fasicas com estilo e conforto, devido o belo acabamento que apresenta, e o interior acolchoado.<br \/>\nApresenta bot\u00f5es de f\u00e1cil acesso no earpad, sendo eles: mode, eq, on\/off, pausa\/liga\u00e7\u00e3o, pr\u00f3xima faixa e volume.<\/p>\n<p>ESPECIFICA\u00c7\u00d5ES T\u00c9CNICAS:<\/p>\n<p>&#8211; Headphone Bluetooth 3.0 HI-FI com entrada de cart\u00e3o TF\/SD;<br \/>\n&#8211; \u00c1udio: MP3, WMA, WAV;<br \/>\n&#8211; Frequ\u00eancia: 78 ~ 108Mhz;<br \/>\n&#8211; Ru\u00eddo: &gt;90dB;<br \/>\n&#8211; Distor\u00e7\u00e3o: &lt;1%;<br \/>\n&#8211; Imped\u00e2ncia: 32 Ohms;<br \/>\n&#8211; Frequ\u00eancia de Resposta: 20Hz ~ 20Kh;<br \/>\n&#8211; Compatibilidade: Bluetooth 1.2, 2.0 e 3.0;<br \/>\n&#8211; Alcance: 10 metros;<br \/>\n&#8211; Suporta Cart\u00e3o de mem\u00f3ria;<br \/>\n-Acompanha: cabo de energia(para carregar).<\/p>\n<p>MARCA:<br \/>\nKnup<\/p>\n<p>MODELO:<br \/>\nKP-367<\/p>\n","protected":false},"featured_media":14201,"template":"","meta":{"_joinchat":[]},"_links":{"self":[{"href":"https:\/\/mistersates-import.com.br\/loja\/wp-json\/wp\/v2\/product\/14200"}],"collection":[{"href":"https:\/\/mistersates-import.com.br\/loja\/wp-json\/wp\/v2\/product"}],"about":[{"href":"https:\/\/mistersates-import.com.br\/loja\/wp-json\/wp\/v2\/types\/product"}],"wp:featuredmedia":[{"embeddable":true,"href":"https:\/\/mistersates-import.com.br\/loja\/wp-json\/wp\/v2\/media\/14201"}],"wp:attachment":[{"href":"https:\/\/mistersates-import.com.br\/loja\/wp-json\/wp\/v2\/media?parent=14200"}],"curies":[{"name":"wp","href":"https:\/\/api.w.org\/{rel}","templated":true}]}}