{"id":14206,"date":"2021-07-10T22:24:04","date_gmt":"2021-07-11T01:24:04","guid":{"rendered":"https:\/\/mistersates-import.com.br\/loja\/?post_type=product&#038;p=14206"},"modified":"2024-07-06T13:47:25","modified_gmt":"2024-07-06T16:47:25","slug":"cabo-adaptador-usb-femea-usb-femea-le-8031-lelong","status":"publish","type":"product","link":"https:\/\/mistersates-import.com.br\/loja\/product\/cabo-adaptador-usb-femea-usb-femea-le-8031-lelong\/","title":{"rendered":"Cabo Adaptador USB F\u00eamea + USB F\u00eamea LE-8031 &#8211; Lelong"},"content":{"rendered":"<p>CABO USB F\u00caMEA\/USB F\u00caMEA DE 2 METROS LELONG LE-8031<\/p>\n<p>Tipo: USB F\u00caMEA\/F\u00caMEA<\/p>\n<p>Marca: Lelong<\/p>\n<p>Modelo: LE-8031<\/p>\n<p>Cabo extensor USB 2.0<\/p>\n<p>Padr\u00f5es suportados: USB 1.1 e 2.0 (Pode ser usado em portas USB 3.0 Tamb\u00e9m, por\u00e9m a velocidade ficar\u00e1 limitada a 480mb\/s)<br \/>\nAplica\u00e7\u00e3o: Aumenta Extens\u00e3o de Cabos de perif\u00e9ricos USB.<br \/>\nConectores: 2 x USB Tipo A F\u00eamea<\/p>\n","protected":false},"excerpt":{"rendered":"<p>CABO USB F\u00caMEA\/USB F\u00caMEA DE 2 METROS LELONG LE-8031<\/p>\n<p>Tipo: USB F\u00caMEA\/F\u00caMEA<\/p>\n<p>Marca: Lelong<\/p>\n<p>Modelo: LE-8031<\/p>\n<p>Cabo extensor USB 2.0<\/p>\n<p>Padr\u00f5es suportados: USB 1.1 e 2.0 (Pode ser usado em portas USB 3.0 Tamb\u00e9m, por\u00e9m a velocidade ficar\u00e1 limitada a 480mb\/s)<br \/>\nAplica\u00e7\u00e3o: Aumenta Extens\u00e3o de Cabos de perif\u00e9ricos USB.<br \/>\nConectores: 2 x USB Tipo A F\u00eamea<\/p>\n","protected":false},"featured_media":15905,"template":"","meta":{"_joinchat":[]},"_links":{"self":[{"href":"https:\/\/mistersates-import.com.br\/loja\/wp-json\/wp\/v2\/product\/14206"}],"collection":[{"href":"https:\/\/mistersates-import.com.br\/loja\/wp-json\/wp\/v2\/product"}],"about":[{"href":"https:\/\/mistersates-import.com.br\/loja\/wp-json\/wp\/v2\/types\/product"}],"wp:featuredmedia":[{"embeddable":true,"href":"https:\/\/mistersates-import.com.br\/loja\/wp-json\/wp\/v2\/media\/15905"}],"wp:attachment":[{"href":"https:\/\/mistersates-import.com.br\/loja\/wp-json\/wp\/v2\/media?parent=14206"}],"curies":[{"name":"wp","href":"https:\/\/api.w.org\/{rel}","templated":true}]}}