{"id":14215,"date":"2021-07-10T23:17:28","date_gmt":"2021-07-11T02:17:28","guid":{"rendered":"https:\/\/mistersates-import.com.br\/loja\/?post_type=product&#038;p=14215"},"modified":"2025-06-19T08:23:18","modified_gmt":"2025-06-19T11:23:18","slug":"controle-17-tc-rf-wireless-para-fita-de-led-rgb-12v","status":"publish","type":"product","link":"https:\/\/mistersates-import.com.br\/loja\/product\/controle-17-tc-rf-wireless-para-fita-de-led-rgb-12v\/","title":{"rendered":"Controle 17 tc RF Wireless Para Fita De Led Rgb 12v"},"content":{"rendered":"<p>Sobre o mini controlador rgb:<br \/>\nTens\u00e3o: 5 v-24 v<br \/>\nCorrente de trabalho: 12a\/3 canais<br \/>\nControle rgb: 3 canais de sa\u00edda, \u00e2nodo comum<br \/>\nTemperatura de trabalho:-20 a + 60<br \/>\nDimens\u00e3o: l1.6 * w0.5 * h0.2 polegadas<br \/>\nCaracter\u00edsticas:<br \/>\nEste \u00e9 um mini controlador do rgb do diodo emissor de luz combinado com um controlador do rf de 17 bot\u00f5es. Ser\u00e1 mais conveniente para voc\u00ea controlar voc\u00ea tiras desde que o mini controlador \u00e9 f\u00e1cil de ser escondido e o controlador do rf \u00e9 capaz de passar atrav\u00e9s do battier e obt\u00e9m uma longa dist\u00e2ncia de controle e escala de controle desde que \u00e9 n\u00e3o \u00e9 necess\u00e1rio apontar para a unidade principal ao operar.<br \/>\nPacote Inclui:<\/p>\n<p>17key led controlador (bateria n\u00e3o inclu\u00edda)<\/p>\n<p>Sobre o controle remoto rf:<\/p>\n<p>20 cores est\u00e1ticas, 9 modos din\u00e2micos, 5 n\u00edveis para velocidade<br \/>\nOn\/standby: para ligar ou mudar para o modo de espera<br \/>\nModo +\/modo-: mudar para o modo din\u00e2mico do modo de ilumina\u00e7\u00e3o est\u00e1tica, ou alternar entre modos din\u00e2micos<br \/>\nVelocidade +\/velocidade-: ajustar a velocidade de ilumina\u00e7\u00e3o de modo din\u00e2mico<br \/>\nBrilhante +\/brilhante-: ajuste o brilho do modo de ilumina\u00e7\u00e3o<br \/>\nCor +\/cor-: ajuste de cor est\u00e1tica. alternar para a cor est\u00e1tica do modo din\u00e2mico, ou entre cores est\u00e1ticas<br \/>\nDemo: no modo de demonstra\u00e7\u00e3o, tira ir\u00e1 ciclo 9 modos din\u00e2micos e cada modo por 3 vezes<br \/>\nEscolha de cor \u00fanica: branco\/vermelho\/verde\/azul\/amarelo\/ching\/rosa<br \/>\nCuidado: o controle remoto do rf \u00e9 conduzido por 3 v cr2025 bateria do bot\u00e3o, (n\u00e3o inclu\u00eddo) por favor tente substituir com o mesmo tipo de bateria.<\/p>\n","protected":false},"excerpt":{"rendered":"<p>Sobre o mini controlador rgb:<br \/>\nTens\u00e3o: 5 v-24 v<br \/>\nCorrente de trabalho: 12a\/3 canais<br \/>\nControle rgb: 3 canais de sa\u00edda, \u00e2nodo comum<br \/>\nTemperatura de trabalho:-20 a + 60<br \/>\nDimens\u00e3o: l1.6 * w0.5 * h0.2 polegadas<br \/>\nCaracter\u00edsticas:<br \/>\nEste \u00e9 um mini controlador do rgb do diodo emissor de luz combinado com um controlador do rf de 17 bot\u00f5es. Ser\u00e1 mais conveniente para voc\u00ea controlar voc\u00ea tiras desde que o mini controlador \u00e9 f\u00e1cil de ser escondido e o controlador do rf \u00e9 capaz de passar atrav\u00e9s do battier e obt\u00e9m uma longa dist\u00e2ncia de controle e escala de controle desde que \u00e9 n\u00e3o \u00e9 necess\u00e1rio apontar para a unidade principal ao operar.<br \/>\nPacote Inclui:<\/p>\n<p>17key led controlador (bateria n\u00e3o inclu\u00edda)<\/p>\n<p>Sobre o controle remoto rf:<\/p>\n<p>20 cores est\u00e1ticas, 9 modos din\u00e2micos, 5 n\u00edveis para velocidade<br \/>\nOn\/standby: para ligar ou mudar para o modo de espera<br \/>\nModo +\/modo-: mudar para o modo din\u00e2mico do modo de ilumina\u00e7\u00e3o est\u00e1tica, ou alternar entre modos din\u00e2micos<br \/>\nVelocidade +\/velocidade-: ajustar a velocidade de ilumina\u00e7\u00e3o de modo din\u00e2mico<br \/>\nBrilhante +\/brilhante-: ajuste o brilho do modo de ilumina\u00e7\u00e3o<br \/>\nCor +\/cor-: ajuste de cor est\u00e1tica. alternar para a cor est\u00e1tica do modo din\u00e2mico, ou entre cores est\u00e1ticas<br \/>\nDemo: no modo de demonstra\u00e7\u00e3o, tira ir\u00e1 ciclo 9 modos din\u00e2micos e cada modo por 3 vezes<br \/>\nEscolha de cor \u00fanica: branco\/vermelho\/verde\/azul\/amarelo\/ching\/rosa<br \/>\nCuidado: o controle remoto do rf \u00e9 conduzido por 3 v cr2025 bateria do bot\u00e3o, (n\u00e3o inclu\u00eddo) por favor tente substituir com o mesmo tipo de bateria.<\/p>\n","protected":false},"featured_media":14216,"template":"","meta":{"_joinchat":[]},"_links":{"self":[{"href":"https:\/\/mistersates-import.com.br\/loja\/wp-json\/wp\/v2\/product\/14215"}],"collection":[{"href":"https:\/\/mistersates-import.com.br\/loja\/wp-json\/wp\/v2\/product"}],"about":[{"href":"https:\/\/mistersates-import.com.br\/loja\/wp-json\/wp\/v2\/types\/product"}],"wp:featuredmedia":[{"embeddable":true,"href":"https:\/\/mistersates-import.com.br\/loja\/wp-json\/wp\/v2\/media\/14216"}],"wp:attachment":[{"href":"https:\/\/mistersates-import.com.br\/loja\/wp-json\/wp\/v2\/media?parent=14215"}],"curies":[{"name":"wp","href":"https:\/\/api.w.org\/{rel}","templated":true}]}}