{"id":14248,"date":"2021-07-11T00:16:11","date_gmt":"2021-07-11T03:16:11","guid":{"rendered":"https:\/\/mistersates-import.com.br\/loja\/?post_type=product&#038;p=14248"},"modified":"2025-01-27T19:10:31","modified_gmt":"2025-01-27T22:10:31","slug":"apontador-laser-knup-13-metros-caneta-kp-8001","status":"publish","type":"product","link":"https:\/\/mistersates-import.com.br\/loja\/product\/apontador-laser-knup-13-metros-caneta-kp-8001\/","title":{"rendered":"Apontador Laser Knup 13 Metros Caneta Kp-8001"},"content":{"rendered":"<p>mborrachado Clip de Lapela Formato de caneta<\/p>\n<p>Caracter\u00edsticas:<\/p>\n<p>&#8211; Marca: Knup<br \/>\n&#8211; Modelo: KP-8001<br \/>\n&#8211; Laser, fun\u00e7\u00e3o de virar a p\u00e1gina<br \/>\n&#8211; Suporta 2 8GB de mem\u00f3ria<br \/>\n&#8211; Pode utilizar cabo usb para conectar ao computador<br \/>\n&#8211; Suporta Power Point, PDF, Internet, Excel. Word, etc.<br \/>\n&#8211; A dist\u00e2ncia m\u00e1xima entre receptor e emissor \u00e9 13 metros.<br \/>\n&#8211; Suporta Windows, Linux, Mac OS<\/p>\n<p>Conte\u00fado da embalagem:<\/p>\n<p>&#8211; 01 Apresentador a Laser<\/p>\n","protected":false},"excerpt":{"rendered":"<p>mborrachado Clip de Lapela Formato de caneta<\/p>\n<p>Caracter\u00edsticas:<\/p>\n<p>&#8211; Marca: Knup<br \/>\n&#8211; Modelo: KP-8001<br \/>\n&#8211; Laser, fun\u00e7\u00e3o de virar a p\u00e1gina<br \/>\n&#8211; Suporta 2 8GB de mem\u00f3ria<br \/>\n&#8211; Pode utilizar cabo usb para conectar ao computador<br \/>\n&#8211; Suporta Power Point, PDF, Internet, Excel. Word, etc.<br \/>\n&#8211; A dist\u00e2ncia m\u00e1xima entre receptor e emissor \u00e9 13 metros.<br \/>\n&#8211; Suporta Windows, Linux, Mac OS<\/p>\n<p>Conte\u00fado da embalagem:<\/p>\n<p>&#8211; 01 Apresentador a Laser<\/p>\n","protected":false},"featured_media":15818,"template":"","meta":{"_joinchat":[]},"_links":{"self":[{"href":"https:\/\/mistersates-import.com.br\/loja\/wp-json\/wp\/v2\/product\/14248"}],"collection":[{"href":"https:\/\/mistersates-import.com.br\/loja\/wp-json\/wp\/v2\/product"}],"about":[{"href":"https:\/\/mistersates-import.com.br\/loja\/wp-json\/wp\/v2\/types\/product"}],"wp:featuredmedia":[{"embeddable":true,"href":"https:\/\/mistersates-import.com.br\/loja\/wp-json\/wp\/v2\/media\/15818"}],"wp:attachment":[{"href":"https:\/\/mistersates-import.com.br\/loja\/wp-json\/wp\/v2\/media?parent=14248"}],"curies":[{"name":"wp","href":"https:\/\/api.w.org\/{rel}","templated":true}]}}