{"id":14257,"date":"2021-07-11T12:53:04","date_gmt":"2021-07-11T15:53:04","guid":{"rendered":"https:\/\/mistersates-import.com.br\/loja\/?post_type=product&#038;p=14257"},"modified":"2026-02-20T13:03:14","modified_gmt":"2026-02-20T16:03:14","slug":"adaptador-placa-som-usb-externo-7-1-audio-e-microfone-headset-3-5mm","status":"publish","type":"product","link":"https:\/\/mistersates-import.com.br\/loja\/product\/adaptador-placa-som-usb-externo-7-1-audio-e-microfone-headset-3-5mm\/","title":{"rendered":"Adaptador placa som USB externo 7.1 \u00e1udio e microfone headset 3.5mm"},"content":{"rendered":"<p>1: 5hv2 usb 7.1 canal externo placa de som jogo profissional,<br \/>\n2: \u00e9 uma interface de \u00e1udio altamente flex\u00edvel que pode ser usado murcham com sistemas de desktop ou computador port\u00e1til.<br \/>\n3: empacotado com xear software de simula\u00e7\u00e3o de som 3d, transforma seu alto-falante est\u00e9reo ou fones de ouvido em ambiente de canal 7.1.<br \/>\n4: nenhum motorista necess\u00e1rio. Apenas plug and play para palyback \u00e1udio instant\u00e2neo,<br \/>\n5: igualmente compat\u00edvel com todos os sistemas principais da opera\u00e7\u00e3o<\/p>\n<p>Caracter\u00edsticas:<\/p>\n<p>1 complacente com especifica\u00e7\u00e3o de velocidade m\u00e1xima de usb 2.0 (12mbps)<br \/>\n2 complacente com especifica\u00e7\u00e3o da classe do dispositivo audio de usb<br \/>\n3 complacente com usb oi classe d especifica\u00e7\u00e3o 1.1<br \/>\n4 modo usbbus-alimentado. Nenhum poder externo exigido<br \/>\n5 conectores: usb tipo-a, tomada de sa\u00edda est\u00e9reo, jack de entrada de microfone morlo<br \/>\n6 teclas funcionais: microfone-mudo, alto-falante-mudo, volume-para cima, volume-para baixo<\/p>\n<p>Requisitos do sistema:<\/p>\n<p>1 desktop ou computador port\u00e1til com porta usb<br \/>\n2 windows 98se\/me\/2000\/xp\/server2003\/vista, linux, macos10 ou superior<br \/>\n3 xear 3d (virtual 7.1 software de simula\u00e7\u00e3o de som de canal) para windows xp\/vista\/7\/10<br \/>\n4 stereoactive alto-falante ou fone de ouvido est\u00e9reo<br \/>\n5 mono microfone (opcional)<\/p>\n<p>Pacote:<\/p>\n<p>1 * placa de som usb (sem caixa de varejo)<\/p>\n","protected":false},"excerpt":{"rendered":"<p>1: 5hv2 usb 7.1 canal externo placa de som jogo profissional,<br \/>\n2: \u00e9 uma interface de \u00e1udio altamente flex\u00edvel que pode ser usado murcham com sistemas de desktop ou computador port\u00e1til.<br \/>\n3: empacotado com xear software de simula\u00e7\u00e3o de som 3d, transforma seu alto-falante est\u00e9reo ou fones de ouvido em ambiente de canal 7.1.<br \/>\n4: nenhum motorista necess\u00e1rio. Apenas plug and play para palyback \u00e1udio instant\u00e2neo,<br \/>\n5: igualmente compat\u00edvel com todos os sistemas principais da opera\u00e7\u00e3o<\/p>\n<p>Caracter\u00edsticas:<\/p>\n<p>1 complacente com especifica\u00e7\u00e3o de velocidade m\u00e1xima de usb 2.0 (12mbps)<br \/>\n2 complacente com especifica\u00e7\u00e3o da classe do dispositivo audio de usb<br \/>\n3 complacente com usb oi classe d especifica\u00e7\u00e3o 1.1<br \/>\n4 modo usbbus-alimentado. Nenhum poder externo exigido<br \/>\n5 conectores: usb tipo-a, tomada de sa\u00edda est\u00e9reo, jack de entrada de microfone morlo<br \/>\n6 teclas funcionais: microfone-mudo, alto-falante-mudo, volume-para cima, volume-para baixo<\/p>\n<p>Requisitos do sistema:<\/p>\n<p>1 desktop ou computador port\u00e1til com porta usb<br \/>\n2 windows 98se\/me\/2000\/xp\/server2003\/vista, linux, macos10 ou superior<br \/>\n3 xear 3d (virtual 7.1 software de simula\u00e7\u00e3o de som de canal) para windows xp\/vista\/7\/10<br \/>\n4 stereoactive alto-falante ou fone de ouvido est\u00e9reo<br \/>\n5 mono microfone (opcional)<\/p>\n<p>Pacote:<\/p>\n<p>1 * placa de som usb (sem caixa de varejo)<\/p>\n","protected":false},"featured_media":15710,"template":"","meta":{"_joinchat":[]},"_links":{"self":[{"href":"https:\/\/mistersates-import.com.br\/loja\/wp-json\/wp\/v2\/product\/14257"}],"collection":[{"href":"https:\/\/mistersates-import.com.br\/loja\/wp-json\/wp\/v2\/product"}],"about":[{"href":"https:\/\/mistersates-import.com.br\/loja\/wp-json\/wp\/v2\/types\/product"}],"wp:featuredmedia":[{"embeddable":true,"href":"https:\/\/mistersates-import.com.br\/loja\/wp-json\/wp\/v2\/media\/15710"}],"wp:attachment":[{"href":"https:\/\/mistersates-import.com.br\/loja\/wp-json\/wp\/v2\/media?parent=14257"}],"curies":[{"name":"wp","href":"https:\/\/api.w.org\/{rel}","templated":true}]}}