{"id":14263,"date":"2021-07-11T13:02:23","date_gmt":"2021-07-11T16:02:23","guid":{"rendered":"https:\/\/mistersates-import.com.br\/loja\/?post_type=product&#038;p=14263"},"modified":"2024-03-21T12:42:35","modified_gmt":"2024-03-21T15:42:35","slug":"controladora-sensor-ritmico-musical-fita-led-rgb-5-24-volts-24-teclas-usb","status":"publish","type":"product","link":"https:\/\/mistersates-import.com.br\/loja\/product\/controladora-sensor-ritmico-musical-fita-led-rgb-5-24-volts-24-teclas-usb\/","title":{"rendered":"Controladora Sensor R\u00edtmico Musical Fita Led Rgb 5 &#8211; 24 volts 24 teclas &#8211; USB"},"content":{"rendered":"<p><strong>FAVOR VERIFICAR SE A SUA FITA DE LED E 5 VOLS<\/strong><\/p>\n<p><strong>S\u00d3 VAI FUNCIONAR EM FITA DE LED DE 5 VOLTS<\/strong><\/p>\n<p>Caracter\u00edsticas:<\/p>\n<p>20key infravermelho m\u00fasica led controlador adota a unidade de controle micro avan\u00e7ada.<\/p>\n<p>\u00c9 usado para controlar uma variedade de l\u00e2mpada led.<\/p>\n<p>Por exemplo, luz ponto-fonte, luz de tira flex\u00edvel, luz da arruela da parede, luz de parede da cortina de vidro e assim por diante.<\/p>\n<p>Tem muitas vantagens tais como baixo custo, conex\u00e3o conveniente e facilidade de uso.<\/p>\n<p>Entrementes voc\u00ea pode ajustar o brilho, as cores est\u00e1ticas e os efeitos em mudan\u00e7a da cor atrav\u00e9s do controle remoto infravermelho, quando ele est\u00e1 no modo do som-controle, as cores mudar\u00e3o com o ritmo da m\u00fasica.<\/p>\n<p>Especifica\u00e7\u00e3o:<\/p>\n<p>Temperatura de trabalho:-20-60<\/p>\n<p>Tens\u00e3o de entrada: DC5V<\/p>\n<p>Modo de conex\u00e3o: \u00e2nodo comum<\/p>\n<p>Dimens\u00e3o externa: L63XW35XH22mm<\/p>\n<p>Consumo de pot\u00eancia satic: &lt;1 w<\/p>\n<p>Corrente de sa\u00edda: &lt;2a (cada canal)<\/p>\n<p>Pot\u00eancia de sa\u00edda: &lt;72 w<\/p>\n","protected":false},"excerpt":{"rendered":"<p><strong>FAVOR VERIFICAR SE A SUA FITA DE LED E 5 VOLS<\/strong><\/p>\n<p><strong>S\u00d3 VAI FUNCIONAR EM FITA DE LED DE 5 VOLTS<\/strong><\/p>\n<p>&nbsp;<\/p>\n<p>Caracter\u00edsticas:<\/p>\n<p>20key infravermelho m\u00fasica led controlador adota a unidade de controle micro avan\u00e7ada.<\/p>\n<p>\u00c9 usado para controlar uma variedade de l\u00e2mpada led.<\/p>\n<p>Por exemplo, luz ponto-fonte, luz de tira flex\u00edvel, luz da arruela da parede, luz de parede da cortina de vidro e assim por diante.<\/p>\n<p>Tem muitas vantagens tais como baixo custo, conex\u00e3o conveniente e facilidade de uso.<\/p>\n<p>Entrementes voc\u00ea pode ajustar o brilho, as cores est\u00e1ticas e os efeitos em mudan\u00e7a da cor atrav\u00e9s do controle remoto infravermelho, quando ele est\u00e1 no modo do som-controle, as cores mudar\u00e3o com o ritmo da m\u00fasica.<\/p>\n<p>&nbsp;<\/p>\n<p>Especifica\u00e7\u00e3o:<\/p>\n<p>Temperatura de trabalho:-20-60<\/p>\n<p>Tens\u00e3o de entrada: DC5V<\/p>\n<p>Modo de conex\u00e3o: \u00e2nodo comum<\/p>\n<p>Dimens\u00e3o externa: L63XW35XH22mm<\/p>\n<p>Consumo de pot\u00eancia satic: &lt;1 w<\/p>\n<p>Corrente de sa\u00edda: &lt;2a (cada canal)<\/p>\n<p>Pot\u00eancia de sa\u00edda: &lt;72 w<\/p>\n","protected":false},"featured_media":16537,"template":"","meta":{"_joinchat":[]},"_links":{"self":[{"href":"https:\/\/mistersates-import.com.br\/loja\/wp-json\/wp\/v2\/product\/14263"}],"collection":[{"href":"https:\/\/mistersates-import.com.br\/loja\/wp-json\/wp\/v2\/product"}],"about":[{"href":"https:\/\/mistersates-import.com.br\/loja\/wp-json\/wp\/v2\/types\/product"}],"wp:featuredmedia":[{"embeddable":true,"href":"https:\/\/mistersates-import.com.br\/loja\/wp-json\/wp\/v2\/media\/16537"}],"wp:attachment":[{"href":"https:\/\/mistersates-import.com.br\/loja\/wp-json\/wp\/v2\/media?parent=14263"}],"curies":[{"name":"wp","href":"https:\/\/api.w.org\/{rel}","templated":true}]}}