{"id":14268,"date":"2021-07-11T13:14:16","date_gmt":"2021-07-11T16:14:16","guid":{"rendered":"https:\/\/mistersates-import.com.br\/loja\/?post_type=product&#038;p=14268"},"modified":"2024-03-15T17:07:27","modified_gmt":"2024-03-15T20:07:27","slug":"capsula-reutilizavel-3-coracoes-caffitaly","status":"publish","type":"product","link":"https:\/\/mistersates-import.com.br\/loja\/product\/capsula-reutilizavel-3-coracoes-caffitaly\/","title":{"rendered":"Capsula Reutiliz\u00e1vel 3 Cora\u00e7\u00f5es caffitaly"},"content":{"rendered":"<p><strong>FAVOR VERIFICAR NA \u00daLTIMA FOTO QUE MOSTRA AS MAQUINAS COMPAT\u00cdVEIS. SE N\u00c3O TIVER, N\u00c3O SER\u00c1 COMPAT\u00cdVEL.<\/strong><br \/>\n<strong>FAVOR VERIFICAR NA \u00daLTIMA FOTO QUE MOSTRA AS MAQUINAS COMPAT\u00cdVEIS. SE N\u00c3O TIVER, N\u00c3O SER\u00c1 COMPAT\u00cdVEL.<\/strong><br \/>\n<strong>FAVOR VERIFICAR NA \u00daLTIMA FOTO QUE MOSTRA AS MAQUINAS COMPAT\u00cdVEIS. SE N\u00c3O TIVER, N\u00c3O SER\u00c1 COMPAT\u00cdVEL.<\/strong><br \/>\n<strong>FAVOR VERIFICAR NA \u00daLTIMA FOTO QUE MOSTRA AS MAQUINAS COMPAT\u00cdVEIS. SE N\u00c3O TIVER, N\u00c3O SER\u00c1 COMPAT\u00cdVEL.<\/strong><\/p>\n<p>Descri\u00e7\u00e3o:<\/p>\n<p>C\u00e1psula Reutiliz\u00e1vel 3 Cora\u00e7\u00f5es<\/p>\n<p>Permite o preparo de caf\u00e9 expresso na sua m\u00e1quina preferida, basta limpar e colocar caf\u00e9 em p\u00f3 para nova utiliza\u00e7\u00e3o. C\u00e1psula inovadora, al\u00e9m de ser econ\u00f4mica e ecol\u00f3gica tamb\u00e9m proporciona a melhor experi\u00eancia no preparo do caf\u00e9 expresso garantindo o melhor aroma e o mais intenso sabor.<\/p>\n<p>Como utilizar<\/p>\n<p>Para abrir a c\u00e1psula, ap\u00f3s isso bastar preencher a c\u00e1psula com o caf\u00e9 em p\u00f3 de sua prefer\u00eancia.<br \/>\nSugerimos utilizar p\u00f3 de caf\u00e9 de torra escura e na moagem fina. Preencher aos poucos conforme procedimento descrito abaixo.<br \/>\nTampa para fazer o fechamento e colocar a C\u00e1psula em sua m\u00e1quina Tr\u00eas Cora\u00e7\u00f5es\u00ae.<br \/>\nPreparar o caf\u00e9 expresso conforme seu gosto.<br \/>\nAo terminar o preparo a C\u00e1psula estar\u00e1 muito quente, sugerirmos aguardar alguns segundos antes que seja feito algum manuseio.<br \/>\nA c\u00e1psula pode n\u00e3o cair de imediato no reservat\u00f3rio de c\u00e1psulas usadas ap\u00f3s o preparo, isso acontece por conta da ader\u00eancia gerada entre a c\u00e1psula e a parte de borracha da cafeteira, ap\u00f3s alguns segundos ela cair\u00e1 normalmente.<br \/>\nLimpar a c\u00e1psula com \u00e1gua corrente.<br \/>\nPreparo do caf\u00e9 com a C\u00e1psula:<\/p>\n<p>Produto \u00e0 pronta entrega<br \/>\nEnviamos para todo o Brasil<\/p>\n<p>Cont\u00e9m:<\/p>\n<p>01 Capsula 3 cora\u00e7\u00f5es<\/p>\n","protected":false},"excerpt":{"rendered":"<p><strong>FAVOR VERIFICAR NA \u00daLTIMA FOTO QUE MOSTRA AS MAQUINAS COMPAT\u00cdVEIS. SE N\u00c3O TIVER, N\u00c3O SER\u00c1 COMPAT\u00cdVEL.<\/strong><br \/>\n<strong>FAVOR VERIFICAR NA \u00daLTIMA FOTO QUE MOSTRA AS MAQUINAS COMPAT\u00cdVEIS. SE N\u00c3O TIVER, N\u00c3O SER\u00c1 COMPAT\u00cdVEL.<\/strong><br \/>\n<strong>FAVOR VERIFICAR NA \u00daLTIMA FOTO QUE MOSTRA AS MAQUINAS COMPAT\u00cdVEIS. SE N\u00c3O TIVER, N\u00c3O SER\u00c1 COMPAT\u00cdVEL.<\/strong><br \/>\n<strong>FAVOR VERIFICAR NA \u00daLTIMA FOTO QUE MOSTRA AS MAQUINAS COMPAT\u00cdVEIS. SE N\u00c3O TIVER, N\u00c3O SER\u00c1 COMPAT\u00cdVEL.<\/strong><\/p>\n<p>Descri\u00e7\u00e3o:<\/p>\n<p>C\u00e1psula Reutiliz\u00e1vel 3 Cora\u00e7\u00f5es<\/p>\n<p>Permite o preparo de caf\u00e9 expresso na sua m\u00e1quina preferida, basta limpar e colocar caf\u00e9 em p\u00f3 para nova utiliza\u00e7\u00e3o. C\u00e1psula inovadora, al\u00e9m de ser econ\u00f4mica e ecol\u00f3gica tamb\u00e9m proporciona a melhor experi\u00eancia no preparo do caf\u00e9 expresso garantindo o melhor aroma e o mais intenso sabor.<\/p>\n<p>Como utilizar<\/p>\n<p>Para abrir a c\u00e1psula, ap\u00f3s isso bastar preencher a c\u00e1psula com o caf\u00e9 em p\u00f3 de sua prefer\u00eancia.<br \/>\nSugerimos utilizar p\u00f3 de caf\u00e9 de torra escura e na moagem fina. Preencher aos poucos conforme procedimento descrito abaixo.<br \/>\nTampa para fazer o fechamento e colocar a C\u00e1psula em sua m\u00e1quina Tr\u00eas Cora\u00e7\u00f5es\u00ae.<br \/>\nPreparar o caf\u00e9 expresso conforme seu gosto.<br \/>\nAo terminar o preparo a C\u00e1psula estar\u00e1 muito quente, sugerirmos aguardar alguns segundos antes que seja feito algum manuseio.<br \/>\nA c\u00e1psula pode n\u00e3o cair de imediato no reservat\u00f3rio de c\u00e1psulas usadas ap\u00f3s o preparo, isso acontece por conta da ader\u00eancia gerada entre a c\u00e1psula e a parte de borracha da cafeteira, ap\u00f3s alguns segundos ela cair\u00e1 normalmente.<br \/>\nLimpar a c\u00e1psula com \u00e1gua corrente.<br \/>\nPreparo do caf\u00e9 com a C\u00e1psula:<\/p>\n<p>Produto \u00e0 pronta entrega<br \/>\nEnviamos para todo o Brasil<\/p>\n<p>Cont\u00e9m:<\/p>\n<p>01 Capsula 3 cora\u00e7\u00f5es<\/p>\n","protected":false},"featured_media":14272,"template":"","meta":{"_joinchat":[]},"_links":{"self":[{"href":"https:\/\/mistersates-import.com.br\/loja\/wp-json\/wp\/v2\/product\/14268"}],"collection":[{"href":"https:\/\/mistersates-import.com.br\/loja\/wp-json\/wp\/v2\/product"}],"about":[{"href":"https:\/\/mistersates-import.com.br\/loja\/wp-json\/wp\/v2\/types\/product"}],"wp:featuredmedia":[{"embeddable":true,"href":"https:\/\/mistersates-import.com.br\/loja\/wp-json\/wp\/v2\/media\/14272"}],"wp:attachment":[{"href":"https:\/\/mistersates-import.com.br\/loja\/wp-json\/wp\/v2\/media?parent=14268"}],"curies":[{"name":"wp","href":"https:\/\/api.w.org\/{rel}","templated":true}]}}