{"id":14294,"date":"2021-07-11T19:52:33","date_gmt":"2021-07-11T22:52:33","guid":{"rendered":"https:\/\/mistersates-import.com.br\/loja\/?post_type=product&#038;p=14294"},"modified":"2026-05-08T05:46:44","modified_gmt":"2026-05-08T08:46:44","slug":"kit-de-ferramentas-de-desmontagem-21-em-1-para-celulares","status":"publish","type":"product","link":"https:\/\/mistersates-import.com.br\/loja\/product\/kit-de-ferramentas-de-desmontagem-21-em-1-para-celulares\/","title":{"rendered":"Kit de ferramentas de desmontagem 21 em 1 para celulares"},"content":{"rendered":"<p>Caracter\u00edsticas:<br \/>\n1.F\u00e1cil de usar e manusear.: Chave de fenda com al\u00e7a antiderrapante e ponta magn\u00e9tica.<br \/>\n2.Dur\u00e1vel: Feito de materiais de alta qualidade, forte e dur\u00e1vel, de alta precis\u00e3o.<br \/>\n3.Profissional: Ferramentas de manuten\u00e7\u00e3o profissional s\u00e3o projetadas para ajudar durante a manuten\u00e7\u00e3o do equipamento. Kit de abertura da ferramenta de servi\u00e7o 21 em 1. Ferramentas de v\u00e1rios tamanhos podem atender a todas as necessidades.<\/p>\n<p>Descri\u00e7\u00e3o:<\/p>\n<p>Ideal para reparar rel\u00f3gios, telefones celulares, tablets de PC, \u00f3culos, c\u00e2meras, etc<\/p>\n<p>Especifica\u00e7\u00f5es:<\/p>\n<p>Cor: Multicolor<br \/>\nMaterial: a\u00e7o, pl\u00e1stico<br \/>\nQuantidade: 21 pe\u00e7as\/conjunto<\/p>\n<p>Pacote inclu\u00eddo:<\/p>\n<p>1 * 0,6 Y chave de fenda para iPhone 7\/8\/X<br \/>\n1 * 0.8 Pentalobe chave de fenda<br \/>\n1 * 1.5 Phillips chave de fenda<br \/>\n1 * 1.5 Flat chave de fenda<br \/>\n5 * Plastic Tri-Agnle picaretas<br \/>\n2 * Mini ventosa<br \/>\n1 * abridor de metal<br \/>\n1 * raspador flex\u00edvel<br \/>\n1 * metal \u00f3rf\u00e3os<br \/>\n7 * Plastic Spudger<\/p>\n<p>Notas:<\/p>\n<p>1. Devido \u00e0 diferen\u00e7a entre monitores diferentes, a imagem pode n\u00e3o refletir a cor real do item. N\u00f3s garantimos que o estilo \u00e9 o mesmo mostrado nas fotos.<br \/>\n2. Por favor, permita uma ligeira diferen\u00e7a de dimens\u00e3o devido a diferentes medi\u00e7\u00f5es manuais.<\/p>\n","protected":false},"excerpt":{"rendered":"<p>Caracter\u00edsticas:<br \/>\n1.F\u00e1cil de usar e manusear.: Chave de fenda com al\u00e7a antiderrapante e ponta magn\u00e9tica.<br \/>\n2.Dur\u00e1vel: Feito de materiais de alta qualidade, forte e dur\u00e1vel, de alta precis\u00e3o.<br \/>\n3.Profissional: Ferramentas de manuten\u00e7\u00e3o profissional s\u00e3o projetadas para ajudar durante a manuten\u00e7\u00e3o do equipamento. Kit de abertura da ferramenta de servi\u00e7o 21 em 1. Ferramentas de v\u00e1rios tamanhos podem atender a todas as necessidades.<\/p>\n<p>Descri\u00e7\u00e3o:<\/p>\n<p>Ideal para reparar rel\u00f3gios, telefones celulares, tablets de PC, \u00f3culos, c\u00e2meras, etc<\/p>\n<p>Especifica\u00e7\u00f5es:<\/p>\n<p>Cor: Multicolor<br \/>\nMaterial: a\u00e7o, pl\u00e1stico<br \/>\nQuantidade: 21 pe\u00e7as\/conjunto<\/p>\n<p>Pacote inclu\u00eddo:<\/p>\n<p>1 * 0,6 Y chave de fenda para iPhone 7\/8\/X<br \/>\n1 * 0.8 Pentalobe chave de fenda<br \/>\n1 * 1.5 Phillips chave de fenda<br \/>\n1 * 1.5 Flat chave de fenda<br \/>\n5 * Plastic Tri-Agnle picaretas<br \/>\n2 * Mini ventosa<br \/>\n1 * abridor de metal<br \/>\n1 * raspador flex\u00edvel<br \/>\n1 * metal \u00f3rf\u00e3os<br \/>\n7 * Plastic Spudger<\/p>\n<p>Notas:<\/p>\n<p>1. Devido \u00e0 diferen\u00e7a entre monitores diferentes, a imagem pode n\u00e3o refletir a cor real do item. N\u00f3s garantimos que o estilo \u00e9 o mesmo mostrado nas fotos.<br \/>\n2. Por favor, permita uma ligeira diferen\u00e7a de dimens\u00e3o devido a diferentes medi\u00e7\u00f5es manuais.<\/p>\n","protected":false},"featured_media":14303,"template":"","meta":{"_joinchat":[]},"_links":{"self":[{"href":"https:\/\/mistersates-import.com.br\/loja\/wp-json\/wp\/v2\/product\/14294"}],"collection":[{"href":"https:\/\/mistersates-import.com.br\/loja\/wp-json\/wp\/v2\/product"}],"about":[{"href":"https:\/\/mistersates-import.com.br\/loja\/wp-json\/wp\/v2\/types\/product"}],"wp:featuredmedia":[{"embeddable":true,"href":"https:\/\/mistersates-import.com.br\/loja\/wp-json\/wp\/v2\/media\/14303"}],"wp:attachment":[{"href":"https:\/\/mistersates-import.com.br\/loja\/wp-json\/wp\/v2\/media?parent=14294"}],"curies":[{"name":"wp","href":"https:\/\/api.w.org\/{rel}","templated":true}]}}