{"id":14320,"date":"2021-07-11T20:30:07","date_gmt":"2021-07-11T23:30:07","guid":{"rendered":"https:\/\/mistersates-import.com.br\/loja\/?post_type=product&#038;p=14320"},"modified":"2025-08-13T12:23:43","modified_gmt":"2025-08-13T15:23:43","slug":"suporte-para-celular-smartphone-com-encaixe-para-tripe","status":"publish","type":"product","link":"https:\/\/mistersates-import.com.br\/loja\/product\/suporte-para-celular-smartphone-com-encaixe-para-tripe\/","title":{"rendered":"Suporte Para Celular Smartphone Com Encaixe Para Trip\u00e9"},"content":{"rendered":"<p>Este suporte de celular smartphone permite voc\u00ea utilizar seu aparelho em bast\u00f5es, trip\u00e9s e outros acess\u00f3rios que possuam rosca de encaixe em parafusos padr\u00e3o 1\/4??.<br \/>\n\u00c9 um suporte leve, ultracompacto, que possui abertura com encaixe firme e seguro para seu celular.<\/p>\n<p>\u00c9 um acess\u00f3rio compat\u00edvel com smartphones de 5,5 at\u00e9 8,5cm de largura. Possui f\u00e1cil instala\u00e7\u00e3o e proporciona um apoio seguro e est\u00e1vel para seu telefone, suportando at\u00e9 325g.<\/p>\n<p>Caracter\u00edsticas Gerais<br \/>\nMarca: Shoot Material: ABS Encaixe: acess\u00f3rios com parafusos padr\u00e3o 1\/4 polegadas.<\/p>\n<p>Compatibilidade<br \/>\nEste produto \u00e9 compat\u00edvel com smartphones com largura entre 5,5 at\u00e9 8,5cm.<\/p>\n<p>Itens inclusos<br \/>\n1 x Suporte Para Celular Smartfone Com Encaixe em Parafuso 1\/4 Polegadas<\/p>\n<p>N\u00e3o acompanham smartphones e acess\u00f3rios. Imagens meramente ilustrativas.<\/p>\n","protected":false},"excerpt":{"rendered":"<p>Este suporte de celular smartphone permite voc\u00ea utilizar seu aparelho em bast\u00f5es, trip\u00e9s e outros acess\u00f3rios que possuam rosca de encaixe em parafusos padr\u00e3o 1\/4??.<br \/>\n\u00c9 um suporte leve, ultracompacto, que possui abertura com encaixe firme e seguro para seu celular.<\/p>\n<p>\u00c9 um acess\u00f3rio compat\u00edvel com smartphones de 5,5 at\u00e9 8,5cm de largura. Possui f\u00e1cil instala\u00e7\u00e3o e proporciona um apoio seguro e est\u00e1vel para seu telefone, suportando at\u00e9 325g.<\/p>\n<p>Caracter\u00edsticas Gerais<br \/>\nMarca: Shoot Material: ABS Encaixe: acess\u00f3rios com parafusos padr\u00e3o 1\/4 polegadas.<\/p>\n<p>Compatibilidade<br \/>\nEste produto \u00e9 compat\u00edvel com smartphones com largura entre 5,5 at\u00e9 8,5cm.<\/p>\n<p>Itens inclusos<br \/>\n1 x Suporte Para Celular Smartfone Com Encaixe em Parafuso 1\/4 Polegadas<\/p>\n<p>N\u00e3o acompanham smartphones e acess\u00f3rios. Imagens meramente ilustrativas.<\/p>\n","protected":false},"featured_media":14321,"template":"","meta":{"_joinchat":[]},"_links":{"self":[{"href":"https:\/\/mistersates-import.com.br\/loja\/wp-json\/wp\/v2\/product\/14320"}],"collection":[{"href":"https:\/\/mistersates-import.com.br\/loja\/wp-json\/wp\/v2\/product"}],"about":[{"href":"https:\/\/mistersates-import.com.br\/loja\/wp-json\/wp\/v2\/types\/product"}],"wp:featuredmedia":[{"embeddable":true,"href":"https:\/\/mistersates-import.com.br\/loja\/wp-json\/wp\/v2\/media\/14321"}],"wp:attachment":[{"href":"https:\/\/mistersates-import.com.br\/loja\/wp-json\/wp\/v2\/media?parent=14320"}],"curies":[{"name":"wp","href":"https:\/\/api.w.org\/{rel}","templated":true}]}}