{"id":14331,"date":"2021-07-11T21:01:10","date_gmt":"2021-07-12T00:01:10","guid":{"rendered":"https:\/\/mistersates-import.com.br\/loja\/?post_type=product&#038;p=14331"},"modified":"2024-08-30T12:36:40","modified_gmt":"2024-08-30T15:36:40","slug":"cabo-conversor-adaptador-ssd-hd-sata-note-2-5-usb-3-0-50cm-para-hd-ate-2-tb","status":"publish","type":"product","link":"https:\/\/mistersates-import.com.br\/loja\/product\/cabo-conversor-adaptador-ssd-hd-sata-note-2-5-usb-3-0-50cm-para-hd-ate-2-tb\/","title":{"rendered":"Cabo Conversor Adaptador Ssd Hd Sata Note 2.5 Usb 3.0 50cm PARA HD AT\u00c9 2 TB"},"content":{"rendered":"<p>Caracter\u00edsticas:<\/p>\n<p>&#8211; Marca: F3<\/p>\n<p>&#8211; Modelo: Cabo Adaptador USB 3.0 para HD de notebook<\/p>\n<p>Especifica\u00e7\u00f5es:<\/p>\n<p>&#8211; Capacidade de HD Suportado:2 TB<\/p>\n<p>&#8211; Alta Qualidade<\/p>\n<p>&#8211; Design compacto para f\u00e1cil armazenamento<\/p>\n<p>&#8211; Hot swappable, plug and play<\/p>\n<p>&#8211; As luzes LED que indica poder e status HDD<\/p>\n<p>&#8211; Ideal solu\u00e7\u00e3o de armazenamento externo de alto desempenho e dur\u00e1vel<\/p>\n<p>&#8211; Compat\u00edvel com a Especifica\u00e7\u00e3o USB 3.0, para baixo compat\u00edvel com USB2.0, 1.1<\/p>\n<p>&#8211; Super speed (5 Gbps)\/High-speed (480 Mbps)\/Full-speed (12 Mbps)\/Low-speed (1.5 Mbps)<\/p>\n<p>&#8211; Compat\u00edvel com Serial ATA 2.6<\/p>\n<p>&#8211; Suporte SATA 1.5 Gbps\/3 Gbps\/6 Gbps de velocidade de negocia\u00e7\u00e3o<\/p>\n<p>&#8211; Suporte 2.5 &#8221; SATA SSD, DISCO R\u00cdGIDO ou Dispositivo, ESTRANHO<\/p>\n<p>&#8211; Suporte a USB Mass Storage Class Bulk-Only Transport especifica\u00e7\u00e3o<\/p>\n<p>&#8211; Requisitos do sistema: Microsoft Windows 2000\/XP\/Vista\/7\/8\/10 Mac os 9.2 ou superior<\/p>\n<p>&#8211; Fonte de Alimenta\u00e7\u00e3o: Entrada: AC 100-240 V, 50\/60Hz; Sa\u00edda: DC 12 V 2A<\/p>\n<p>&#8211; Cor: Preto<\/p>\n<p>&#8211; Taxa de transfer\u00eancia de Super-Speed USB 3.0 interface pode ser de at\u00e9 5 Gb\/sec (Max)<\/p>\n<p>&#8211; Conformidade Para a Especifica\u00e7\u00e3o Serial ATA Revis\u00e3o 2.6<\/p>\n<p>&#8211; Compat\u00edvel com vers\u00f5es anteriores Para vers\u00f5es anteriores de portas USB (1.0, 1.1 &amp; 2.0) &amp; discos r\u00edgidos SATA (1.5 Gb\/s)<\/p>\n<p>&#8211; Cuporta 2.5 &#8221; Unidade De Classe De Armazenamento Em Massa<\/p>\n<p>&#8211; Comprimento: 50 cm<\/p>\n","protected":false},"excerpt":{"rendered":"<p>Caracter\u00edsticas:<\/p>\n<p>&#8211; Marca: F3<\/p>\n<p>&#8211; Modelo: Cabo Adaptador USB 3.0 para HD de notebook<\/p>\n<p>Especifica\u00e7\u00f5es:<\/p>\n<p>&#8211; Capacidade de HD Suportado:2 TB<\/p>\n<p>&#8211; Alta Qualidade<\/p>\n<p>&#8211; Design compacto para f\u00e1cil armazenamento<\/p>\n<p>&#8211; Hot swappable, plug and play<\/p>\n<p>&#8211; As luzes LED que indica poder e status HDD<\/p>\n<p>&#8211; Ideal solu\u00e7\u00e3o de armazenamento externo de alto desempenho e dur\u00e1vel<\/p>\n<p>&#8211; Compat\u00edvel com a Especifica\u00e7\u00e3o USB 3.0, para baixo compat\u00edvel com USB2.0, 1.1<\/p>\n<p>&#8211; Super speed (5 Gbps)\/High-speed (480 Mbps)\/Full-speed (12 Mbps)\/Low-speed (1.5 Mbps)<\/p>\n<p>&#8211; Compat\u00edvel com Serial ATA 2.6<\/p>\n<p>&#8211; Suporte SATA 1.5 Gbps\/3 Gbps\/6 Gbps de velocidade de negocia\u00e7\u00e3o<\/p>\n<p>&#8211; Suporte 2.5 &#8221; SATA SSD, DISCO R\u00cdGIDO ou Dispositivo, ESTRANHO<\/p>\n<p>&#8211; Suporte a USB Mass Storage Class Bulk-Only Transport especifica\u00e7\u00e3o<\/p>\n<p>&#8211; Requisitos do sistema: Microsoft Windows 2000\/XP\/Vista\/7\/8\/10 Mac os 9.2 ou superior<\/p>\n<p>&#8211; Fonte de Alimenta\u00e7\u00e3o: Entrada: AC 100-240 V, 50\/60Hz; Sa\u00edda: DC 12 V 2A<\/p>\n<p>&#8211; Cor: Preto<\/p>\n<p>&#8211; Taxa de transfer\u00eancia de Super-Speed USB 3.0 interface pode ser de at\u00e9 5 Gb\/sec (Max)<\/p>\n<p>&#8211; Conformidade Para a Especifica\u00e7\u00e3o Serial ATA Revis\u00e3o 2.6<\/p>\n<p>&#8211; Compat\u00edvel com vers\u00f5es anteriores Para vers\u00f5es anteriores de portas USB (1.0, 1.1 &amp; 2.0) &amp; discos r\u00edgidos SATA (1.5 Gb\/s)<\/p>\n<p>&#8211; Cuporta 2.5 &#8221; Unidade De Classe De Armazenamento Em Massa<\/p>\n<p>&#8211; Comprimento: 50 cm<\/p>\n","protected":false},"featured_media":15925,"template":"","meta":{"_joinchat":[]},"_links":{"self":[{"href":"https:\/\/mistersates-import.com.br\/loja\/wp-json\/wp\/v2\/product\/14331"}],"collection":[{"href":"https:\/\/mistersates-import.com.br\/loja\/wp-json\/wp\/v2\/product"}],"about":[{"href":"https:\/\/mistersates-import.com.br\/loja\/wp-json\/wp\/v2\/types\/product"}],"wp:featuredmedia":[{"embeddable":true,"href":"https:\/\/mistersates-import.com.br\/loja\/wp-json\/wp\/v2\/media\/15925"}],"wp:attachment":[{"href":"https:\/\/mistersates-import.com.br\/loja\/wp-json\/wp\/v2\/media?parent=14331"}],"curies":[{"name":"wp","href":"https:\/\/api.w.org\/{rel}","templated":true}]}}