{"id":14337,"date":"2021-07-11T21:13:38","date_gmt":"2021-07-12T00:13:38","guid":{"rendered":"https:\/\/mistersates-import.com.br\/loja\/?post_type=product&#038;p=14337"},"modified":"2025-09-30T11:24:02","modified_gmt":"2025-09-30T14:24:02","slug":"higrometro-termometro-digital-lcd-mede-umidade-temperatura","status":"publish","type":"product","link":"https:\/\/mistersates-import.com.br\/loja\/product\/higrometro-termometro-digital-lcd-mede-umidade-temperatura\/","title":{"rendered":"Higr\u00f4metro Term\u00f4metro Digital Lcd &#8211; Mede Umidade Temperatura"},"content":{"rendered":"<div style=\"width: 940px;\" class=\"wp-video\"><!--[if lt IE 9]><script>document.createElement('video');<\/script><![endif]-->\n<video class=\"wp-video-shortcode\" id=\"video-14337-1\" width=\"940\" height=\"529\" preload=\"metadata\" controls=\"controls\"><source type=\"video\/mp4\" src=\"https:\/\/mistersates-import.com.br\/loja\/wp-content\/uploads\/2021\/07\/Mini-Medidor-Digital-de-Umidade-do-Ar-e-Temperatura-Higrometro-Termometro-LCD-LED-COM-LOGO.mp4?_=1\" \/><a href=\"https:\/\/mistersates-import.com.br\/loja\/wp-content\/uploads\/2021\/07\/Mini-Medidor-Digital-de-Umidade-do-Ar-e-Temperatura-Higrometro-Termometro-LCD-LED-COM-LOGO.mp4\">https:\/\/mistersates-import.com.br\/loja\/wp-content\/uploads\/2021\/07\/Mini-Medidor-Digital-de-Umidade-do-Ar-e-Temperatura-Higrometro-Termometro-LCD-LED-COM-LOGO.mp4<\/a><\/video><\/div>\n<h2 class=\"quick-overview\">DESCRI\u00c7\u00c3O R\u00c1PIDA<\/h2>\n<p>HIGR\u00d4METRO TERM\u00d4METRO DIGITAL LCD INTERNO (SEM CABO) UMA UNIDADE!!!!!!!!<\/p>\n<p>Faixa da medi\u00e7\u00e3o de umidade: 10% RH-99% RH<br \/>\nPrecis\u00e3o umidade: \u00b1 5%<br \/>\nResolu\u00e7\u00e3o da umidade: 1% RH<br \/>\nFaixa da medi\u00e7\u00e3o de temperatura: -50\u00b0C ~ 70\u00b0C<br \/>\nPrecis\u00e3o de temperatura: \u00b1 1\u00b0C<br \/>\nAlimenta\u00e7\u00e3o: 2 baterias LR44 (INCLUSAS)<\/p>\n<p>Dimens\u00f5es: 48 x 28.6 x 15.2 mm<br \/>\nDimens\u00f5es do Display: 3,6 x 1,7 cm<br \/>\nPeso: 18g<br \/>\nCor: PRETA<\/p>\n<p>PACOTE INCLUI:<\/p>\n<p>1 HIGR\u00d4METRO\/TERM\u00d4METRO DIGITAL LCD INTERNO (SEM CABO)<\/p>\n","protected":false},"excerpt":{"rendered":"<p>HIGR\u00d4METRO TERM\u00d4METRO DIGITAL LCD INTERNO (SEM CABO) UMA UNIDADE!!!!!!!!<\/p>\n<p>Faixa da medi\u00e7\u00e3o de umidade: 10% RH-99% RH<br \/>\nPrecis\u00e3o umidade: \u00b1 5%<br \/>\nResolu\u00e7\u00e3o da umidade: 1% RH<br \/>\nFaixa da medi\u00e7\u00e3o de temperatura: -50\u00b0C ~ 70\u00b0C<br \/>\nPrecis\u00e3o de temperatura: \u00b1 1\u00b0C<br \/>\nAlimenta\u00e7\u00e3o: 2 baterias LR44 (INCLUSAS)<\/p>\n<p>Dimens\u00f5es: 48 x 28.6 x 15.2 mm<br \/>\nDimens\u00f5es do Display: 3,6 x 1,7 cm<br \/>\nPeso: 18g<br \/>\nCor: PRETA<\/p>\n<p>PACOTE INCLUI:<\/p>\n<p>1 HIGR\u00d4METRO\/TERM\u00d4METRO DIGITAL LCD INTERNO (SEM CABO)<\/p>\n","protected":false},"featured_media":14338,"template":"","meta":{"_joinchat":[]},"_links":{"self":[{"href":"https:\/\/mistersates-import.com.br\/loja\/wp-json\/wp\/v2\/product\/14337"}],"collection":[{"href":"https:\/\/mistersates-import.com.br\/loja\/wp-json\/wp\/v2\/product"}],"about":[{"href":"https:\/\/mistersates-import.com.br\/loja\/wp-json\/wp\/v2\/types\/product"}],"wp:featuredmedia":[{"embeddable":true,"href":"https:\/\/mistersates-import.com.br\/loja\/wp-json\/wp\/v2\/media\/14338"}],"wp:attachment":[{"href":"https:\/\/mistersates-import.com.br\/loja\/wp-json\/wp\/v2\/media?parent=14337"}],"curies":[{"name":"wp","href":"https:\/\/api.w.org\/{rel}","templated":true}]}}