{"id":14349,"date":"2021-07-11T21:36:08","date_gmt":"2021-07-12T00:36:08","guid":{"rendered":"https:\/\/mistersates-import.com.br\/loja\/?post_type=product&#038;p=14349"},"modified":"2024-12-06T12:35:19","modified_gmt":"2024-12-06T15:35:19","slug":"smartwatch-smart-bracelet-d20-android-e-ios","status":"publish","type":"product","link":"https:\/\/mistersates-import.com.br\/loja\/product\/smartwatch-smart-bracelet-d20-android-e-ios\/","title":{"rendered":"Smartwatch Smart Bracelet D20 Android e IOS"},"content":{"rendered":"<p>Rel\u00f3gio inteligente y68<\/p>\n<p>OBS: N\u00c3O CARREGAR EM CARREGADOR TURBO, PODE DANIFICAR O PRODUTO. EVITE O USO DE CARREGADORES DE CELULAR, SE POSS\u00cdVEL CARREGUE EM UMA PORTA USB DO COMPUTADOR, CARRO OU TELEVIS\u00c3O.<br \/>\nUSB Remo\u00e7\u00e3o R\u00e1pida Carga Direta<\/p>\n<p>Marca novo m\u00e9todo de carregamento da pulseira, design de pulseira destac\u00e1vel de libera\u00e7\u00e3o r\u00e1pida, pode ser carregado conectando a interface USB, eliminando o problema de carregar um cabo e suporte de carregamento.<br \/>\nAssistente de vida inteligente<\/p>\n<p>O rel\u00f3gio pode monitorar os passos, calorias, freq\u00fc\u00eancia card\u00edaca, dist\u00e2ncia, qualidade do sono, etc Do dia. Ao mesmo tempo, ele pode ser  conectado a um telefone inteligente para visualizar informa\u00e7\u00f5es, tirar fotos remotamente, recuperar telefones celulares e outras fun\u00e7\u00f5es pensativas e convenientes para tornar sua vida mais conveniente. Plano em tempo h\u00e1bil.<br \/>\nMaterial amig\u00e1vel da pele<\/p>\n<p>A pulseira \u00e9 feita de leve pele amig\u00e1vel TPU macio, que adota design leve, sem sensa\u00e7\u00e3o de usar.<\/p>\n<p>Caracter\u00edsticas principais:<\/p>\n<p>N\u00famero do modelo: D20 Pro Smart Watch<br \/>\nAPP: FitPro<br \/>\nVers\u00e3o Bluetooth: Bluetooth 4.0<br \/>\nIdioma: Ingl\u00eas.t<br \/>\nimperme\u00e1vel\/resistente \u00e0 \u00e1gua: sim (n\u00e3o para nata\u00e7\u00e3o)<br \/>\nModo de opera\u00e7\u00e3o: bot\u00e3o de toque<br \/>\nLigar: pressione e segure a tecla de fun\u00e7\u00e3o<br \/>\nTipo de tela: 1,3 polegadas partner <a href=\"https:\/\/bachelorarbeit-schreiben-lassen.com\/doktorarbeit-schreiben-lassen\/\"><span data-sheets-value=\"{&quot;1&quot;:2,&quot;2&quot;:&quot;Doktorarbeit schreiben lassen&quot;}\" data-sheets-userformat=\"{&quot;2&quot;:4482,&quot;4&quot;:{&quot;1&quot;:2,&quot;2&quot;:16777215},&quot;10&quot;:2,&quot;11&quot;:0,&quot;15&quot;:&quot;Arial&quot;}\">Doktorarbeit schreiben lassen<\/span><\/a> TFT LCD<br \/>\nStorage (FLASH) 16 MB+128 KBSO compat\u00edvel: Android, IOS<br \/>\nTempo de espera: 4-7 dias normalmente usar; 30 dias de espera baseado em 230mAh<br \/>\nFun\u00e7\u00f5es: Esporte, Mensagem, Despertador, Oxig\u00eanio Sangue, Data, Medi\u00e7\u00e3o da freq\u00fc\u00eancia card\u00edaca, Lembrete sedent\u00e1rio, Gest\u00e3o do sono, Tempo<br \/>\nTipo de notifica\u00e7\u00e3o: Facebook, Twitter, Wechat, WhatsApp<br \/>\nTipo de alerta: Vibra\u00e7\u00e3o<\/p>\n<p>Conte\u00fado do pacote:<\/p>\n<p>1 x SmartWatch,<br \/>\n1 x Manual,<br \/>\n1 x Caixa<\/p>\n<p>Dicas:<\/p>\n<p>1. Este produto s\u00f3 pode seurface espirrar \u00e0 prova d&#8217;\u00e1gua (\u00e1gua fria), por favor n\u00e3o us\u00e1-lo para nadar, solt\u00e1-lo na \u00e1gua ou embebido em \u00e1gua etc.<br \/>\n2. Quando voc\u00ea receber o produto <a href=\"https:\/\/bachelorarbeit-schreiben-lassen.com\/preise\/\"><span data-sheets-value=\"{&quot;1&quot;:2,&quot;2&quot;:&quot;Ghostwriter Bachelorarbeit Kosten&quot;}\" data-sheets-userformat=\"{&quot;2&quot;:4224,&quot;10&quot;:2,&quot;15&quot;:&quot;Arial&quot;}\">Ghostwriter Bachelorarbeit Kosten<\/span><\/a> pela primeira vez, carregue-o por 5-10 minutos no in\u00edcio, se n\u00e3o puder ser ligado porque j\u00e1 est\u00e1 baixo consumo de energia.<br \/>\n3- Recomenda-se que o carregamento seja feito na entrada usb de um computador ou tv, em carregadores para celulares o produto pode ser danificado. Em caso de carregamento em carregadores n\u00e3o utilizar carregadores turbo, os mesmos danificam o item.<\/p>\n","protected":false},"excerpt":{"rendered":"<p>Rel\u00f3gio inteligente y68<\/p>\n<p>OBS: N\u00c3O CARREGAR EM CARREGADOR TURBO, PODE DANIFICAR O PRODUTO. EVITE O USO DE CARREGADORES DE CELULAR, SE POSS\u00cdVEL CARREGUE EM UMA PORTA USB DO COMPUTADOR, CARRO OU TELEVIS\u00c3O.<br \/>\nUSB Remo\u00e7\u00e3o R\u00e1pida Carga Direta<\/p>\n<p>Marca novo m\u00e9todo de <a href=\"https:\/\/hausarbeit-ghostwriter.com\/\"><span data-sheets-value=\"{&quot;1&quot;:2,&quot;2&quot;:&quot;Hausrbeit schreiben lassen&quot;}\" data-sheets-userformat=\"{&quot;2&quot;:513,&quot;3&quot;:{&quot;1&quot;:0},&quot;12&quot;:0}\">Hausrbeit schreiben lassen<\/span><\/a> carregamento da pulseira, design de pulseira destac\u00e1vel de libera\u00e7\u00e3o r\u00e1pida, pode ser carregado conectando a interface USB, eliminando o problema de carregar um cabo e suporte de carregamento.<br \/>\nAssistente de vida inteligente<\/p>\n<p>O rel\u00f3gio pode monitorar os passos, calorias, freq\u00fc\u00eancia card\u00edaca, dist\u00e2ncia, qualidade do sono, etc Do dia. Ao mesmo tempo, ele pode ser conectado a um telefone inteligente para visualizar informa\u00e7\u00f5es, tirar fotos remotamente, recuperar telefones celulares e outras fun\u00e7\u00f5es pensativas e convenientes para tornar sua vida mais conveniente. Plano em tempo h\u00e1bil.<br \/>\nMaterial amig\u00e1vel da pele<\/p>\n<p>A pulseira \u00e9 feita de leve pele amig\u00e1vel TPU macio, que adota design leve, sem sensa\u00e7\u00e3o de usar.<\/p>\n","protected":false},"featured_media":14350,"template":"","meta":{"_joinchat":[]},"_links":{"self":[{"href":"https:\/\/mistersates-import.com.br\/loja\/wp-json\/wp\/v2\/product\/14349"}],"collection":[{"href":"https:\/\/mistersates-import.com.br\/loja\/wp-json\/wp\/v2\/product"}],"about":[{"href":"https:\/\/mistersates-import.com.br\/loja\/wp-json\/wp\/v2\/types\/product"}],"wp:featuredmedia":[{"embeddable":true,"href":"https:\/\/mistersates-import.com.br\/loja\/wp-json\/wp\/v2\/media\/14350"}],"wp:attachment":[{"href":"https:\/\/mistersates-import.com.br\/loja\/wp-json\/wp\/v2\/media?parent=14349"}],"curies":[{"name":"wp","href":"https:\/\/api.w.org\/{rel}","templated":true}]}}