{"id":14375,"date":"2021-07-11T22:19:57","date_gmt":"2021-07-12T01:19:57","guid":{"rendered":"https:\/\/mistersates-import.com.br\/loja\/?post_type=product&#038;p=14375"},"modified":"2023-09-12T18:47:52","modified_gmt":"2023-09-12T21:47:52","slug":"carregador-tork-sem-fio-10w-para-iphone-xs-max-x-8-plus-e-samsung-note-8-9-s10","status":"publish","type":"product","link":"https:\/\/mistersates-import.com.br\/loja\/product\/carregador-tork-sem-fio-10w-para-iphone-xs-max-x-8-plus-e-samsung-note-8-9-s10\/","title":{"rendered":"Carregador Tork Sem Fio 10W para Iphone Xs Max X 8 Plus e Samsung Note 8 9 S10"},"content":{"rendered":"<p>Um conjunto de chipset de alta efici\u00eancia de uma gal\u00e1xia fornece carregamento de alta velocidade de 10W para Samsung Galaxy. iPhones recebem uma carga 5W compartilhada em 10% mais r\u00e1pido que outros carregadores sem fio.<\/p>\n<p>Tecnologia de controle de temperatura Exclusiva tecnologia multifuncional inteligente protege a tecnologia que fornece controle de temperatura, prote\u00e7\u00e3o contra superf\u00edsica, preven\u00e7\u00e3o de curto-circuito e more.O sistema de controle de temperatura garante que o telefone n\u00e3o seja muito quente, mas tamb\u00e9m \u00e9 muito mais efici\u00eancia.<\/p>\n<p>O projetor LED o indicador acender\u00e1 vermelho quando o carregamento sem fio estiver conectado \u00e0 energia; O indicador LED acender\u00e1 bluewhen o carregador \u00e9 carregado o dispositivo.<\/p>\n<p>Modo de 7.5W: Usando o adaptador QC2. 0 \/ QC3. 0 (9V, 1. 67a) \u00e9 compat\u00edvel com iPhone 11 \/ 11 Pro \/ 11 Pro Max \/ XS MAX \/ XR \/ X \/ 8 \/ 8 Plus;<\/p>\n<p>Modo de 10 W: Usando QC2. 0 \/ QC3. 0 adaptador (9 V, 1. 67a) \u00e9 APENAS para Samsung Galaxy Note 10 \/ Note 10 Plus \/ S10 \/ S10 Plus \/ S10E \/ S9Plus \/ Note8 \/ S8 \/ SS7 Edge \/ S6 Edge; 5<\/p>\n<p>Modo de 10W: Usando o adaptador 5V, 2A \u00e9 para todos os dispositivos habilitados para todos os Qi-energizados;<\/p>\n<p>Dicas: Dicas:<\/p>\n<p>1.<br \/>\nCaro amigos, verifique se o seu celular suporta carregamento sem fio antes de comprar. Se o seu telefone n\u00e3o estiver suportado, voc\u00ea precisa de um adaptador de carregamento sem fio<\/p>\n<p>**************************************************<\/p>\n","protected":false},"excerpt":{"rendered":"<p>Um conjunto de chipset de alta efici\u00eancia de uma gal\u00e1xia fornece carregamento de alta velocidade de 10W para Samsung Galaxy. iPhones recebem uma carga 5W compartilhada em 10% mais r\u00e1pido que outros carregadores sem fio.<\/p>\n<p>Tecnologia de controle de temperatura Exclusiva tecnologia multifuncional inteligente protege a tecnologia que fornece controle de temperatura, prote\u00e7\u00e3o contra superf\u00edsica, preven\u00e7\u00e3o de curto-circuito e more.O sistema de controle de temperatura garante que o telefone n\u00e3o seja muito quente, mas tamb\u00e9m \u00e9 muito mais efici\u00eancia.<\/p>\n<p>O projetor LED o indicador acender\u00e1 vermelho quando o carregamento sem fio estiver conectado \u00e0 energia; O indicador LED acender\u00e1 bluewhen o carregador \u00e9 carregado o dispositivo.<\/p>\n<p>Modo de 7.5W: Usando o adaptador QC2. 0 \/ QC3. 0 (9V, 1. 67a) \u00e9 compat\u00edvel com iPhone 11 \/ 11 Pro \/ 11 Pro Max \/ XS MAX \/ XR \/ X \/ 8 \/ 8 Plus;<\/p>\n<p>Modo de 10 W: Usando QC2. 0 \/ QC3. 0 adaptador (9 V, 1. 67a) \u00e9 APENAS para Samsung Galaxy Note 10 \/ Note 10 Plus \/ S10 \/ S10 Plus \/ S10E \/ S9Plus \/ Note8 \/ S8 \/ SS7 Edge \/ S6 Edge; 5<\/p>\n<p>Modo de 10W: Usando o adaptador 5V, 2A \u00e9 para todos os dispositivos habilitados para todos os Qi-energizados;<\/p>\n<p>Dicas: Dicas:<\/p>\n<p>1.<br \/>\nCaro amigos, verifique se o seu celular suporta carregamento sem fio antes de comprar. Se o seu telefone n\u00e3o estiver suportado, voc\u00ea precisa de um adaptador de carregamento sem fio<\/p>\n<p>**************************************************<\/p>\n","protected":false},"featured_media":14376,"template":"","meta":{"_joinchat":[]},"_links":{"self":[{"href":"https:\/\/mistersates-import.com.br\/loja\/wp-json\/wp\/v2\/product\/14375"}],"collection":[{"href":"https:\/\/mistersates-import.com.br\/loja\/wp-json\/wp\/v2\/product"}],"about":[{"href":"https:\/\/mistersates-import.com.br\/loja\/wp-json\/wp\/v2\/types\/product"}],"wp:featuredmedia":[{"embeddable":true,"href":"https:\/\/mistersates-import.com.br\/loja\/wp-json\/wp\/v2\/media\/14376"}],"wp:attachment":[{"href":"https:\/\/mistersates-import.com.br\/loja\/wp-json\/wp\/v2\/media?parent=14375"}],"curies":[{"name":"wp","href":"https:\/\/api.w.org\/{rel}","templated":true}]}}