{"id":14403,"date":"2021-07-11T23:09:58","date_gmt":"2021-07-12T02:09:58","guid":{"rendered":"https:\/\/mistersates-import.com.br\/loja\/?post_type=product&#038;p=14403"},"modified":"2026-04-02T12:01:59","modified_gmt":"2026-04-02T15:01:59","slug":"capa-silicone-caixa-estanque-gopro-hero-5-6-7","status":"publish","type":"product","link":"https:\/\/mistersates-import.com.br\/loja\/product\/capa-silicone-caixa-estanque-gopro-hero-5-6-7\/","title":{"rendered":"Capa Silicone Caixa Estanque Gopro Hero 5 6 7"},"content":{"rendered":"<p>Proteja sua c\u00e2mera GoPro Hero 7 Black Hero 6 Black ou Hero 5 Black contra poeira, choques e batidas com esta case de silicone suave e confort\u00e1vel, fabricada em material de alta qualidade, dur\u00e1vel e leve (15g). Ela deve ser colocada diretamente na c\u00e2mera, sem o frame de montagem, n\u00e3o sendo poss\u00edvel utiliz\u00e1-la em conjunto com demais acess\u00f3rios para GoPro.<\/p>\n<p>Itens Inclusos<\/p>\n<p>1 Capa Case Protetora Silicone Para C\u00e2meras GoPro Hero 7 Black Hero 6 Black e Hero 5 Black<\/p>\n","protected":false},"excerpt":{"rendered":"<p>Proteja sua c\u00e2mera GoPro Hero 7 Black Hero 6 Black ou Hero 5 Black contra poeira, choques e batidas com esta case de silicone suave e confort\u00e1vel, fabricada em material de alta qualidade, dur\u00e1vel e leve (15g). Ela deve ser colocada diretamente na c\u00e2mera, sem o frame de montagem, n\u00e3o sendo poss\u00edvel utiliz\u00e1-la em conjunto com demais acess\u00f3rios para GoPro.<\/p>\n<p>Itens Inclusos<\/p>\n<p>1 Capa Case Protetora Silicone Para C\u00e2meras GoPro Hero 7 Black Hero 6 Black e Hero 5 Black<\/p>\n","protected":false},"featured_media":14404,"template":"","meta":{"_joinchat":[]},"_links":{"self":[{"href":"https:\/\/mistersates-import.com.br\/loja\/wp-json\/wp\/v2\/product\/14403"}],"collection":[{"href":"https:\/\/mistersates-import.com.br\/loja\/wp-json\/wp\/v2\/product"}],"about":[{"href":"https:\/\/mistersates-import.com.br\/loja\/wp-json\/wp\/v2\/types\/product"}],"wp:featuredmedia":[{"embeddable":true,"href":"https:\/\/mistersates-import.com.br\/loja\/wp-json\/wp\/v2\/media\/14404"}],"wp:attachment":[{"href":"https:\/\/mistersates-import.com.br\/loja\/wp-json\/wp\/v2\/media?parent=14403"}],"curies":[{"name":"wp","href":"https:\/\/api.w.org\/{rel}","templated":true}]}}