{"id":14409,"date":"2021-07-11T23:23:45","date_gmt":"2021-07-12T02:23:45","guid":{"rendered":"https:\/\/mistersates-import.com.br\/loja\/?post_type=product&#038;p=14409"},"modified":"2023-05-09T18:30:16","modified_gmt":"2023-05-09T21:30:16","slug":"mini-ventilador-fan-7407-usb-portatil","status":"publish","type":"product","link":"https:\/\/mistersates-import.com.br\/loja\/product\/mini-ventilador-fan-7407-usb-portatil\/","title":{"rendered":"Mini Ventilador FAN-7407 USB Port\u00e1til &#8211; AZUL"},"content":{"rendered":"<p>Mini Ventilador FAN-7407 USB Port\u00e1til<\/p>\n<p>Chegou a solu\u00e7\u00e3o para voc\u00ea, quer n\u00e3o quer mais passar calor. Com esse ventilador ultra silencioso e com ajuste de \u00e2ngulo, voc\u00ea vai conseguir se refrescar tranquilamente em ambientes fechados, como. Escrit\u00f3rio, home office e tamb\u00e9m para as suas sess\u00f5es de games no notebook ou Computador.<\/p>\n<p>Informa\u00e7\u00f5es t\u00e9cnicas:<\/p>\n<p>&#8211; Fabricante: Inova<\/p>\n<p>&#8211; Modelo: FAN-7407<\/p>\n<p>&#8211; Design ultra silencioso<\/p>\n<p>&#8211; Plug USB<\/p>\n<p>&#8211; Com Interruptor<\/p>\n<p>&#8211; O motor \u00e9 silencioso e de baixo consumo<\/p>\n<p>&#8211; Metal de design estrutural, est\u00e1vel e mais forte<\/p>\n<p>&#8211; Longa vida \u00fatil<\/p>\n<p>&#8211; Pequeno e Port\u00e1til<\/p>\n<p>&#8211; Ajuste de \u00c2ngulo<\/p>\n<p>&#8211; Cor: Azul<\/p>\n<p>&#8211; Peso: 0,89 Kg<\/p>\n<p>&#8211; Dimens\u00f5es Aproximadas:<\/p>\n<p>&#8211; Produto: AL-7cm \/ LAR-12cm \/ COM-15cm<\/p>\n<p>&#8211; Dimens\u00f5es da embalagem: AL-8cm \/ LAR-15cm \/ COM-15cm<\/p>\n","protected":false},"excerpt":{"rendered":"<p>Mini Ventilador FAN-7407 USB Port\u00e1til<\/p>\n<p>Chegou a solu\u00e7\u00e3o para voc\u00ea, quer n\u00e3o quer mais passar calor. Com esse ventilador ultra silencioso e com ajuste de \u00e2ngulo, voc\u00ea vai conseguir se refrescar tranquilamente em ambientes fechados, como. Escrit\u00f3rio, home office e tamb\u00e9m para as suas sess\u00f5es de games no notebook ou Computador.<\/p>\n<p>Informa\u00e7\u00f5es t\u00e9cnicas:<\/p>\n<p>&#8211; Fabricante: Inova<\/p>\n<p>&#8211; Modelo: FAN-7407<\/p>\n<p>&#8211; Design ultra silencioso<\/p>\n<p>&#8211; Plug USB<\/p>\n<p>&#8211; Com Interruptor<\/p>\n<p>&#8211; O motor \u00e9 silencioso e de baixo consumo<\/p>\n<p>&#8211; Metal de design estrutural, est\u00e1vel e mais forte<\/p>\n<p>&#8211; Longa vida \u00fatil<\/p>\n<p>&#8211; Pequeno e Port\u00e1til<\/p>\n<p>&#8211; Ajuste de \u00c2ngulo<\/p>\n<p>&#8211; Cor: Azul \/ Branco \/ Preto \/ Vermelho<\/p>\n<p>&#8211; Peso: 0,89 Kg<\/p>\n<p>&#8211; Dimens\u00f5es Aproximadas:<\/p>\n<p>&#8211; Produto: AL-7cm \/ LAR-12cm \/ COM-15cm<\/p>\n<p>&#8211; Dimens\u00f5es da embalagem: AL-8cm \/ LAR-15cm \/ COM-15cm<\/p>\n","protected":false},"featured_media":17535,"template":"","meta":{"_joinchat":[]},"_links":{"self":[{"href":"https:\/\/mistersates-import.com.br\/loja\/wp-json\/wp\/v2\/product\/14409"}],"collection":[{"href":"https:\/\/mistersates-import.com.br\/loja\/wp-json\/wp\/v2\/product"}],"about":[{"href":"https:\/\/mistersates-import.com.br\/loja\/wp-json\/wp\/v2\/types\/product"}],"wp:featuredmedia":[{"embeddable":true,"href":"https:\/\/mistersates-import.com.br\/loja\/wp-json\/wp\/v2\/media\/17535"}],"wp:attachment":[{"href":"https:\/\/mistersates-import.com.br\/loja\/wp-json\/wp\/v2\/media?parent=14409"}],"curies":[{"name":"wp","href":"https:\/\/api.w.org\/{rel}","templated":true}]}}