{"id":14415,"date":"2021-07-11T23:32:55","date_gmt":"2021-07-12T02:32:55","guid":{"rendered":"https:\/\/mistersates-import.com.br\/loja\/?post_type=product&#038;p=14415"},"modified":"2023-04-25T11:44:59","modified_gmt":"2023-04-25T14:44:59","slug":"carregador-multi-8-saidas-usb-turbo-10a-basike","status":"publish","type":"product","link":"https:\/\/mistersates-import.com.br\/loja\/product\/carregador-multi-8-saidas-usb-turbo-10a-basike\/","title":{"rendered":"Carregador Multi 8 Sa\u00eddas USB Turbo 10A Basike"},"content":{"rendered":"<p>Carregador Multi 8 Sa\u00eddas USB Turbo 10A Basike<\/p>\n<p>Carregador inteligente, o carregador multi usb \u00e9 adequado para casa, escrit\u00f3rio, fam\u00edlias grandes que necessitam de mais portas usb para carregamento de seus eletr\u00f4nicos.<\/p>\n<p>&#8211; 8 sa\u00eddas usb<br \/>\n&#8211; Cabo de alimenta\u00e7\u00e3o 150cm<br \/>\n&#8211; Prote\u00e7\u00e3o<br \/>\n&#8211; Smart il<br \/>\n&#8211; Carregamento turbo<\/p>\n<p>MODELO: BA-CAR0093<br \/>\nENTRADA: AC100-240V 50-60HZ MAX 1100MA<br \/>\nQC3.0 SA\u00cdDA: 3.6V-6V=3A 6V-9V=2A\/9V-12V=1.5A<br \/>\nSA\u00cdDA DE IDENTIFICA\u00c7\u00c3O AUTOM\u00c1TICA: 5V=10A<br \/>\nPODER TOTAL: 50W(MAX)<\/p>\n","protected":false},"excerpt":{"rendered":"<p>Carregador Multi 8 Sa\u00eddas USB Turbo 10A Basike<\/p>\n<p>Carregador inteligente, o carregador multi usb \u00e9 adequado para casa, escrit\u00f3rio, fam\u00edlias grandes que necessitam de mais portas usb para carregamento de seus eletr\u00f4nicos.<\/p>\n<p>&#8211; 8 sa\u00eddas usb<br \/>\n&#8211; Cabo de alimenta\u00e7\u00e3o 150cm<br \/>\n&#8211; Prote\u00e7\u00e3o<br \/>\n&#8211; Smart il<br \/>\n&#8211; Carregamento turbo<\/p>\n<p>MODELO: BA-CAR0093<br \/>\nENTRADA: AC100-240V 50-60HZ MAX 1100MA<br \/>\nQC3.0 SA\u00cdDA: 3.6V-6V=3A 6V-9V=2A\/9V-12V=1.5A<br \/>\nSA\u00cdDA DE IDENTIFICA\u00c7\u00c3O AUTOM\u00c1TICA: 5V=10A<br \/>\nPODER TOTAL: 50W(MAX)<\/p>\n","protected":false},"featured_media":14416,"template":"","meta":{"_joinchat":[]},"_links":{"self":[{"href":"https:\/\/mistersates-import.com.br\/loja\/wp-json\/wp\/v2\/product\/14415"}],"collection":[{"href":"https:\/\/mistersates-import.com.br\/loja\/wp-json\/wp\/v2\/product"}],"about":[{"href":"https:\/\/mistersates-import.com.br\/loja\/wp-json\/wp\/v2\/types\/product"}],"wp:featuredmedia":[{"embeddable":true,"href":"https:\/\/mistersates-import.com.br\/loja\/wp-json\/wp\/v2\/media\/14416"}],"wp:attachment":[{"href":"https:\/\/mistersates-import.com.br\/loja\/wp-json\/wp\/v2\/media?parent=14415"}],"curies":[{"name":"wp","href":"https:\/\/api.w.org\/{rel}","templated":true}]}}