{"id":14440,"date":"2021-07-12T00:10:00","date_gmt":"2021-07-12T03:10:00","guid":{"rendered":"https:\/\/mistersates-import.com.br\/loja\/?post_type=product&#038;p=14440"},"modified":"2024-03-15T18:28:35","modified_gmt":"2024-03-15T21:28:35","slug":"relogio-masculino-tela-lcd-alarme-a-prova-dagua-mtx-003","status":"publish","type":"product","link":"https:\/\/mistersates-import.com.br\/loja\/product\/relogio-masculino-tela-lcd-alarme-a-prova-dagua-mtx-003\/","title":{"rendered":"R\u00e9logio Masculino Tela Lcd Alarme A Prova D\u00e0gua Mtx-003"},"content":{"rendered":"<p>Chegou o rel\u00f3gio Tomate MTX-003 Mec\u00e2nico tela LCD 6 d\u00edgitos super moderno e bonito. Constru\u00eddo com material de qualidade, possu\u00ed um lindo design inovador e moderno, que combina com todos os estilos e ocasi\u00f5es<\/p>\n<p>Marca Tomate<\/p>\n<p>Modelo Mtx-003<\/p>\n<p>G\u00eanero Masculino<\/p>\n<p>Cor da caixa Vermelho<\/p>\n<p>Material da correia Silicone<\/p>\n","protected":false},"excerpt":{"rendered":"<p>Chegou o rel\u00f3gio Tomate MTX-003 Mec\u00e2nico tela LCD 6 d\u00edgitos super moderno e bonito. Constru\u00eddo com material de qualidade, possu\u00ed um lindo design inovador e moderno, que combina com todos os estilos e ocasi\u00f5es<\/p>\n<p>Marca Tomate<\/p>\n<p>Modelo Mtx-003<\/p>\n<p>G\u00eanero Masculino<\/p>\n<p>Cor da caixa Vermelho<\/p>\n<p>Material da correia Silicone<\/p>\n","protected":false},"featured_media":14441,"template":"","meta":{"_joinchat":[]},"_links":{"self":[{"href":"https:\/\/mistersates-import.com.br\/loja\/wp-json\/wp\/v2\/product\/14440"}],"collection":[{"href":"https:\/\/mistersates-import.com.br\/loja\/wp-json\/wp\/v2\/product"}],"about":[{"href":"https:\/\/mistersates-import.com.br\/loja\/wp-json\/wp\/v2\/types\/product"}],"wp:featuredmedia":[{"embeddable":true,"href":"https:\/\/mistersates-import.com.br\/loja\/wp-json\/wp\/v2\/media\/14441"}],"wp:attachment":[{"href":"https:\/\/mistersates-import.com.br\/loja\/wp-json\/wp\/v2\/media?parent=14440"}],"curies":[{"name":"wp","href":"https:\/\/api.w.org\/{rel}","templated":true}]}}