{"id":14479,"date":"2021-07-12T16:49:16","date_gmt":"2021-07-12T19:49:16","guid":{"rendered":"https:\/\/mistersates-import.com.br\/loja\/?post_type=product&#038;p=14479"},"modified":"2026-03-06T18:41:56","modified_gmt":"2026-03-06T21:41:56","slug":"14479","status":"publish","type":"product","link":"https:\/\/mistersates-import.com.br\/loja\/product\/14479\/","title":{"rendered":"Carregador Por Indu\u00e7\u00e3o Sem Fio Iwatch Port\u00e1til Watch 1 2 3 4"},"content":{"rendered":"<p>Cabo-livre feito do m\u00f3dulo de carregamento magn\u00e9tico de alta qualidade, n\u00e3o s\u00e3o necess\u00e1rios cabos de carregamento extra.<br \/>\nOfere\u00e7a uma velocidade de carregamento original r\u00e1pida que menos de 2 horas. Conveniente para transportar ao redor com design leve e breve.<br \/>\nDesign para apple iwatch carregamento. Carregador de rel\u00f3gio leve e port\u00e1til \u00e9 uma boa ideia para seus esportes de viagem. Com design de cord\u00e3o voc\u00ea pode pendur\u00e1-lo em sua bolsa ou coloc\u00e1-lo em seu bolso.<br \/>\nProjetado para todos os 44mm 42mm 40mm 38mm apple assistir s\u00e9ries 4 3 2 1, e outras s\u00e9ries de rel\u00f3gio de ma\u00e7\u00e3;<br \/>\nFeito de material \u00e0 prova de fogo abs + pc de alta qualidade, embutido sobre a corrente, sobre a tens\u00e3o, curto-circuito e sobre a prote\u00e7\u00e3o da temperatura. Conveniente e compacto para usar, nunca se preocupe com o seu rel\u00f3gio \u00e9 desligado.<\/p>\n<p>Especifica\u00e7\u00f5es:<\/p>\n<p>Material: ABS<br \/>\nMaterial: 65x33x10mm\/2.55&#215;1.29&#215;0.39 polegadas<br \/>\nCorrente de emiss\u00e3o: 180ma<br \/>\nFrequ\u00eancia de trabalho: 100-200 kHz<br \/>\nEfici\u00eancia de convers\u00e3o: maior do que 72%<br \/>\nM\u00e9todo de carregamento: carregamento de indu\u00e7\u00e3o magn\u00e9tica<\/p>\n<p>O pacote inclui:<\/p>\n<p>1 pe\u00e7a carregador de rel\u00f3gio (para n\u00e3o incluir rel\u00f3gio)<br \/>\n1 pe\u00e7a Manual<\/p>\n","protected":false},"excerpt":{"rendered":"<p>Cabo-livre feito do m\u00f3dulo de carregamento magn\u00e9tico de alta qualidade, n\u00e3o s\u00e3o necess\u00e1rios cabos de carregamento extra.<br \/>\nOfere\u00e7a uma velocidade de carregamento original r\u00e1pida que menos de 2 horas. Conveniente para transportar ao redor com design leve e breve.<br \/>\nDesign para apple iwatch carregamento. Carregador de rel\u00f3gio leve e port\u00e1til \u00e9 uma boa ideia para seus esportes de viagem. Com design de cord\u00e3o voc\u00ea pode pendur\u00e1-lo em sua bolsa ou coloc\u00e1-lo em seu bolso.<br \/>\nProjetado para todos os 44mm 42mm 40mm 38mm apple assistir s\u00e9ries 4 3 2 1, e outras s\u00e9ries de rel\u00f3gio de ma\u00e7\u00e3;<br \/>\nFeito de material \u00e0 prova de fogo abs + pc de alta qualidade, embutido sobre a corrente, sobre a tens\u00e3o, curto-circuito e sobre a prote\u00e7\u00e3o da temperatura. Conveniente e compacto para usar, nunca se preocupe com o seu rel\u00f3gio \u00e9 desligado.<\/p>\n","protected":false},"featured_media":14488,"template":"","meta":{"_joinchat":[]},"_links":{"self":[{"href":"https:\/\/mistersates-import.com.br\/loja\/wp-json\/wp\/v2\/product\/14479"}],"collection":[{"href":"https:\/\/mistersates-import.com.br\/loja\/wp-json\/wp\/v2\/product"}],"about":[{"href":"https:\/\/mistersates-import.com.br\/loja\/wp-json\/wp\/v2\/types\/product"}],"wp:featuredmedia":[{"embeddable":true,"href":"https:\/\/mistersates-import.com.br\/loja\/wp-json\/wp\/v2\/media\/14488"}],"wp:attachment":[{"href":"https:\/\/mistersates-import.com.br\/loja\/wp-json\/wp\/v2\/media?parent=14479"}],"curies":[{"name":"wp","href":"https:\/\/api.w.org\/{rel}","templated":true}]}}