{"id":14491,"date":"2021-07-12T17:19:41","date_gmt":"2021-07-12T20:19:41","guid":{"rendered":"https:\/\/mistersates-import.com.br\/loja\/?post_type=product&#038;p=14491"},"modified":"2026-04-17T15:04:59","modified_gmt":"2026-04-17T18:04:59","slug":"mini-lampada-led-globo-giratoria-rgb-magic-ball-para-celular-iphone-tipo-c-e-v8","status":"publish","type":"product","link":"https:\/\/mistersates-import.com.br\/loja\/product\/mini-lampada-led-globo-giratoria-rgb-magic-ball-para-celular-iphone-tipo-c-e-v8\/","title":{"rendered":"Mini L\u00e2mpada Led Globo Girat\u00f3ria Rgb Magic Ball Para Celular IPHONE, TIPO-C E V8"},"content":{"rendered":"<p>Tipo de item: l\u00e2mpada<br \/>\nTens\u00e3o de funcionamento: USB 5V<br \/>\nenergia do produto: 4W<br \/>\ncor luminosa: rgb<br \/>\nMode: auto-caminhada + controle de voz<br \/>\nMaterial do produto: abs<br \/>\nTamanho do produto: 4x4x4cm<br \/>\nIndicado para: ktv, bar, palco, carro, festa de fam\u00edlia, festa de anivers\u00e1rio<\/p>\n<p>Caracter\u00edsticas<\/p>\n<p>&#8211; material Top ranking<br \/>\n&#8211; fino acabamento<\/p>\n<p>Itens incluso:<\/p>\n<p>1 * l\u00e2mpada Magic Ball<br \/>\n1 * adaptador para IPHONE, TIPO-C OU V8<\/p>\n","protected":false},"excerpt":{"rendered":"<p>Tipo de item: l\u00e2mpada<br \/>\nTens\u00e3o de funcionamento: USB 5V<br \/>\nenergia do produto: 4W<br \/>\ncor luminosa: rgb<br \/>\nMode: auto-caminhada + controle de voz<br \/>\nMaterial do produto: abs<br \/>\nTamanho do produto: 4x4x4cm<br \/>\nIndicado para: ktv, bar, palco, carro, festa de fam\u00edlia, festa de anivers\u00e1rio<\/p>\n<p>Caracter\u00edsticas<\/p>\n<p>&#8211; material Top ranking<br \/>\n&#8211; fino acabamento<\/p>\n<p>Itens incluso:<\/p>\n<p>1 * l\u00e2mpada Magic Ball<br \/>\n1 * adaptador para IPHONE, TIPO-C OU V8<\/p>\n","protected":false},"featured_media":14501,"template":"","meta":{"_joinchat":[]},"_links":{"self":[{"href":"https:\/\/mistersates-import.com.br\/loja\/wp-json\/wp\/v2\/product\/14491"}],"collection":[{"href":"https:\/\/mistersates-import.com.br\/loja\/wp-json\/wp\/v2\/product"}],"about":[{"href":"https:\/\/mistersates-import.com.br\/loja\/wp-json\/wp\/v2\/types\/product"}],"wp:featuredmedia":[{"embeddable":true,"href":"https:\/\/mistersates-import.com.br\/loja\/wp-json\/wp\/v2\/media\/14501"}],"wp:attachment":[{"href":"https:\/\/mistersates-import.com.br\/loja\/wp-json\/wp\/v2\/media?parent=14491"}],"curies":[{"name":"wp","href":"https:\/\/api.w.org\/{rel}","templated":true}]}}