{"id":14508,"date":"2021-07-14T17:27:37","date_gmt":"2021-07-14T20:27:37","guid":{"rendered":"https:\/\/mistersates-import.com.br\/loja\/?post_type=product&#038;p=14508"},"modified":"2023-10-20T21:51:06","modified_gmt":"2023-10-21T00:51:06","slug":"zero-9-portatil-usb-fan-bladeless-handheld-mini-cooler-com-3-velocidade-nivel","status":"publish","type":"product","link":"https:\/\/mistersates-import.com.br\/loja\/product\/zero-9-portatil-usb-fan-bladeless-handheld-mini-cooler-com-3-velocidade-nivel\/","title":{"rendered":"Zero 9 port\u00e1til USB Fan Bladeless Handheld Mini Cooler Com 3 Velocidade N\u00edvel"},"content":{"rendered":"<p>Mini usb port\u00e1til alimentado fan bladeless sem fio.<br \/>\nPossui um ventilador bladeless \u00fanico com n\u00edvel tr\u00eas ventilador de velocidade &#8211; baixa, m\u00e9dia e alta.<br \/>\n\u00d3timo para as crian\u00e7as &amp; # 39; s seguran\u00e7a e f\u00e1cil de usar.<br \/>\n\u00e9 aerodinamicamente fez, pode absorver vento de todos os 360 graus e fornece brisa poderosa e suave.<br \/>\nAl\u00e9m disso, ele pode levar a um m\u00ednimo de ru\u00eddo (at\u00e9 80dBA) devido \u00e0 tecnologia f\u00e3 bladeless.<br \/>\nEle traz o vento da parte inferior para a sa\u00edda, onde ele pode resultar ru\u00eddo do corpo interno do ventilador.<br \/>\nuso f\u00e1cil, um interruptor para controlar a velocidade do ventilador.<br \/>\nExig\u00edvel com carregador cabo usb que est\u00e1 inclu\u00eddo no pacote, e tem um ber\u00e7o destac\u00e1vel que pode ser usado em uma tabela ou para carreg\u00e1-lo.<br \/>\nLeva at\u00e9 4 horas para carregar completamente. Espet\u00e1culos de luz LED vermelho quando est\u00e1 a carregar e verde quando estiver conclu\u00edda.<\/p>\n<p>Especifica\u00e7\u00f5es:<br \/>\nMarca: zero9<br \/>\nMaterial: Pl\u00e1stico<br \/>\nCor: preto, branco, verde<br \/>\nTamanho: 68x43x197mm<br \/>\nEntrada: 5V, 1A-2.1A<br \/>\nTempo de carregamento: 4 horas<br \/>\nTempo de funcionamento: 8 horas<\/p>\n<p>Inclu\u00eddo no Pacote:<br \/>\n1 x Ventilador<br \/>\n1 x cabo usb<\/p>\n","protected":false},"excerpt":{"rendered":"<p>Mini usb port\u00e1til alimentado fan bladeless sem fio.<br \/>\nPossui um ventilador bladeless \u00fanico com n\u00edvel tr\u00eas ventilador de velocidade &#8211; baixa, m\u00e9dia e alta.<br \/>\n\u00d3timo para as crian\u00e7as &amp; # 39; s seguran\u00e7a e f\u00e1cil de usar.<br \/>\n\u00e9 aerodinamicamente fez, pode absorver vento de todos os 360 graus e fornece brisa poderosa e suave.<br \/>\nAl\u00e9m disso, ele pode levar a um m\u00ednimo de ru\u00eddo (at\u00e9 80dBA) devido \u00e0 tecnologia f\u00e3 bladeless.<br \/>\nEle traz o vento da parte inferior para a sa\u00edda, onde ele pode resultar ru\u00eddo do corpo interno do ventilador.<br \/>\nuso f\u00e1cil, um interruptor para controlar a velocidade do ventilador.<br \/>\nExig\u00edvel com carregador cabo usb que est\u00e1 inclu\u00eddo no pacote, e tem um ber\u00e7o destac\u00e1vel que pode ser usado em uma tabela ou para carreg\u00e1-lo.<br \/>\nLeva at\u00e9 4 horas para carregar completamente. Espet\u00e1culos de luz LED vermelho quando est\u00e1 a carregar e verde quando estiver conclu\u00edda.<\/p>\n<p>Especifica\u00e7\u00f5es:<br \/>\nMarca: zero9<br \/>\nMaterial: Pl\u00e1stico<\/p>\n","protected":false},"featured_media":14509,"template":"","meta":{"_joinchat":[]},"_links":{"self":[{"href":"https:\/\/mistersates-import.com.br\/loja\/wp-json\/wp\/v2\/product\/14508"}],"collection":[{"href":"https:\/\/mistersates-import.com.br\/loja\/wp-json\/wp\/v2\/product"}],"about":[{"href":"https:\/\/mistersates-import.com.br\/loja\/wp-json\/wp\/v2\/types\/product"}],"wp:featuredmedia":[{"embeddable":true,"href":"https:\/\/mistersates-import.com.br\/loja\/wp-json\/wp\/v2\/media\/14509"}],"wp:attachment":[{"href":"https:\/\/mistersates-import.com.br\/loja\/wp-json\/wp\/v2\/media?parent=14508"}],"curies":[{"name":"wp","href":"https:\/\/api.w.org\/{rel}","templated":true}]}}