{"id":14525,"date":"2021-07-14T17:59:22","date_gmt":"2021-07-14T20:59:22","guid":{"rendered":"https:\/\/mistersates-import.com.br\/loja\/?post_type=product&#038;p=14525"},"modified":"2022-12-13T12:31:37","modified_gmt":"2022-12-13T15:31:37","slug":"cabo-adaptador-v8-micro-usb-para-usb-femea-otg-liga-teclado","status":"publish","type":"product","link":"https:\/\/mistersates-import.com.br\/loja\/product\/cabo-adaptador-v8-micro-usb-para-usb-femea-otg-liga-teclado\/","title":{"rendered":"Cabo Adaptador V8 Micro Usb Para Usb F\u00eamea Otg Liga Teclado"},"content":{"rendered":"<p>Aten\u00e7\u00e3o: Verifique a compatibilidade do seu aparelho, n\u00e3o nos responsabilizamos por incompatibilidades.<\/p>\n<p>Esse cabo permite a transfer\u00eancia de dados entre smartphones, tablets e outros aparelhos micro USB, com fun\u00e7\u00e3o OTG (On The Go) a pen drives, HDs, mp3, c\u00e2meras fotogr\u00e1ficas, filmadoras e outros dispositivos com entrada USB. Possibilita tamb\u00e9m a conex\u00e3o entre aparelhos Micro USB (com fun\u00e7\u00e3o OTG) a teclados, mouses, cart\u00f5es de mem\u00f3ria, impressoras, controles de v\u00eddeo game entre outros dispositivos com entrada USB (atuando como um host USB).<\/p>\n<p>Especifica\u00e7\u00f5es T\u00e9cnicas:<\/p>\n<p>&#8211; Compat\u00edvel com aparelhos com entrada V8<br \/>\n&#8211; Comprimento: 10cm<br \/>\n&#8211; Conte\u00fado da Embalagem: 1 cabo OTG V8<\/p>\n","protected":false},"excerpt":{"rendered":"<p>Aten\u00e7\u00e3o: Verifique a compatibilidade do seu aparelho, n\u00e3o nos responsabilizamos por incompatibilidades.<\/p>\n<p>Esse cabo permite a transfer\u00eancia de dados entre smartphones, tablets e outros aparelhos micro USB, com fun\u00e7\u00e3o OTG (On The Go) a pen drives, HDs, mp3, c\u00e2meras fotogr\u00e1ficas, filmadoras e outros dispositivos com entrada USB. Possibilita tamb\u00e9m a conex\u00e3o entre aparelhos Micro USB (com fun\u00e7\u00e3o OTG) a teclados, mouses, cart\u00f5es de mem\u00f3ria, impressoras, controles de v\u00eddeo game entre outros dispositivos com entrada USB (atuando como um host USB).<\/p>\n<p>Especifica\u00e7\u00f5es T\u00e9cnicas:<\/p>\n<p>&#8211; Compat\u00edvel com aparelhos com entrada V8<br \/>\n&#8211; Comprimento: 10cm<br \/>\n&#8211; Conte\u00fado da Embalagem: 1 cabo OTG V8<\/p>\n","protected":false},"featured_media":15907,"template":"","meta":{"_joinchat":[]},"_links":{"self":[{"href":"https:\/\/mistersates-import.com.br\/loja\/wp-json\/wp\/v2\/product\/14525"}],"collection":[{"href":"https:\/\/mistersates-import.com.br\/loja\/wp-json\/wp\/v2\/product"}],"about":[{"href":"https:\/\/mistersates-import.com.br\/loja\/wp-json\/wp\/v2\/types\/product"}],"wp:featuredmedia":[{"embeddable":true,"href":"https:\/\/mistersates-import.com.br\/loja\/wp-json\/wp\/v2\/media\/15907"}],"wp:attachment":[{"href":"https:\/\/mistersates-import.com.br\/loja\/wp-json\/wp\/v2\/media?parent=14525"}],"curies":[{"name":"wp","href":"https:\/\/api.w.org\/{rel}","templated":true}]}}