{"id":14536,"date":"2021-07-14T18:56:54","date_gmt":"2021-07-14T21:56:54","guid":{"rendered":"https:\/\/mistersates-import.com.br\/loja\/?post_type=product&#038;p=14536"},"modified":"2024-07-27T21:09:59","modified_gmt":"2024-07-28T00:09:59","slug":"suporte-de-montagem-duplo-gopro-sjcam-xiaomi-cameras-em-acao","status":"publish","type":"product","link":"https:\/\/mistersates-import.com.br\/loja\/product\/suporte-de-montagem-duplo-gopro-sjcam-xiaomi-cameras-em-acao\/","title":{"rendered":"Suporte De Montagem Duplo &#8211; Gopro Sjcam Xiaomi Cameras em A\u00e7\u00e3o"},"content":{"rendered":"<p>O suporte duplo permite fazer uma combina\u00e7\u00e3o com duas c\u00e2meras de a\u00e7\u00e3o ou acess\u00f3rios com o mesmo encaixe, ao mesmo tempo. Voc\u00ea pode, por exemplo, montar uma GoPro junto com uma Luz LED no mesmo bast\u00e3o para uma filmagem noturna ou ainda, duas GoPro em um bast\u00e3o extensor, uma capturando sua imagem e a outra capturando a cena a sua frente.<\/p>\n<p>Compatibilidade:<\/p>\n<p>Todos os modelos de GoPro, SJCAM e Xiaomi Yi, EKEN e todas as demais ACTION Cam<\/p>\n<p>Itens inclusos:<\/p>\n<p>1 Base de Montagem Dupla<br \/>\n2 Parafusos Longo<\/p>\n<p>Observa\u00e7\u00f5es:<\/p>\n<p>N\u00e3o acompanha c\u00e2mera<br \/>\nImagens meramente ilustrativas<\/p>\n","protected":false},"excerpt":{"rendered":"<p>O suporte duplo permite fazer uma combina\u00e7\u00e3o com duas c\u00e2meras de a\u00e7\u00e3o ou acess\u00f3rios com o mesmo encaixe, ao mesmo tempo. Voc\u00ea pode, por exemplo, montar uma GoPro junto com uma Luz LED no mesmo bast\u00e3o para uma filmagem noturna ou ainda, duas GoPro em um bast\u00e3o extensor, uma capturando sua imagem e a outra capturando a cena a sua frente.<\/p>\n<p>Compatibilidade:<\/p>\n<p>Todos os modelos de GoPro, SJCAM e Xiaomi Yi, EKEN e todas as demais ACTION Cam<\/p>\n<p>Itens inclusos:<\/p>\n<p>1 Base de Montagem Dupla<br \/>\n2 Parafusos Longo<\/p>\n<p>Observa\u00e7\u00f5es:<\/p>\n<p>N\u00e3o acompanha c\u00e2mera<br \/>\nImagens meramente ilustrativas<\/p>\n","protected":false},"featured_media":14537,"template":"","meta":{"_joinchat":[]},"_links":{"self":[{"href":"https:\/\/mistersates-import.com.br\/loja\/wp-json\/wp\/v2\/product\/14536"}],"collection":[{"href":"https:\/\/mistersates-import.com.br\/loja\/wp-json\/wp\/v2\/product"}],"about":[{"href":"https:\/\/mistersates-import.com.br\/loja\/wp-json\/wp\/v2\/types\/product"}],"wp:featuredmedia":[{"embeddable":true,"href":"https:\/\/mistersates-import.com.br\/loja\/wp-json\/wp\/v2\/media\/14537"}],"wp:attachment":[{"href":"https:\/\/mistersates-import.com.br\/loja\/wp-json\/wp\/v2\/media?parent=14536"}],"curies":[{"name":"wp","href":"https:\/\/api.w.org\/{rel}","templated":true}]}}