{"id":14543,"date":"2021-07-14T20:06:05","date_gmt":"2021-07-14T23:06:05","guid":{"rendered":"https:\/\/mistersates-import.com.br\/loja\/?post_type=product&#038;p=14543"},"modified":"2025-09-02T12:20:50","modified_gmt":"2025-09-02T15:20:50","slug":"filtro-de-mergulho-vermelho-gopro-hero-8-black-para-caixa-estanque-da-shoot","status":"publish","type":"product","link":"https:\/\/mistersates-import.com.br\/loja\/product\/filtro-de-mergulho-vermelho-gopro-hero-8-black-para-caixa-estanque-da-shoot\/","title":{"rendered":"Filtro de Mergulho Vermelho GoPro Hero 8 Black &#8211; Para Caixa Estanque da Shoot"},"content":{"rendered":"<p>S\u00f3 Vai Servir Para Caixa Estanque da Shoot<br \/>\nS\u00f3 Vai Servir Para Caixa Estanque da Shoot<br \/>\nS\u00f3 Vai Servir Para Caixa Estanque da Shoot<\/p>\n<p>Filtro De Lente Vermelho Para Mergulho Para GoPro Hero 8 Black<\/p>\n<p>Descri\u00e7\u00e3o do Produto:<br \/>\nEste filtro de mergulho vermelho para GoPro Hero 8 Black deve ser instalado diretamente sobre a lente da caixa estanque, e ajuda a corrigir o desvio de cor na \u00e1gua, de fontes de luz vermelha, em \u00e1guas azuis ou tropicais, em profundidade de 4 a 25 metros. \u00c9 fabricado em policarbonato \u00f3ptico com frame em pl\u00e1stico, com f\u00e1cil instala\u00e7\u00e3o e remo\u00e7\u00e3o. Acompanha um cord\u00e3o para prender na lateral do filtro e aumentar a seguran\u00e7a ao utilizar, evitando que se perca caso caia da caixa estanque.<br \/>\nFiltro facilmente encaixado \u00e0 frente do pequeno domo da caixa estanque da GoPro, n\u00e3o requerendo qualquer outra configura\u00e7\u00e3o na c\u00e2mera, permitindo assim, a capta\u00e7\u00e3o de excelentes imagens com cores bem reais do local onde ocorre o mergulho.<\/p>\n<p>Caracter\u00edsticas:<br \/>\n\u2022 Filtro na cor vermelha, ideal para uso em profundidade entre 4 e 25 metros;<br \/>\n\u2022 Encaixe diretamente na lente da caixa estanque;<br \/>\n\u2022 Fabricado em policarbonato \u00f3ptico, de alta qualidade e durabilidade;<br \/>\n\u2022 Acompanha cord\u00e3o para prender o filtro em outros acess\u00f3rios ou suportes, evitando perd\u00ea-lo com facilidade;<br \/>\n\u2022 Ideal para capturar fotos subaqu\u00e1ticas com sua c\u00e2mera.<\/p>\n<p>Especifica\u00e7\u00f5es:<br \/>\n&#8211; Tamanho: 5,0 cm x 4,3 cm<br \/>\n&#8211; Cor: Vermelho<br \/>\n&#8211; 100% novo, alta qualidade.<br \/>\n&#8211; Pl\u00e1stico r\u00edgido.<br \/>\n&#8211; F\u00e1cil instala\u00e7\u00e3o.<br \/>\n&#8211; Utiliza\u00e7\u00e3o Recomendada: Em luz natural ambiente em \u00e1guas azuladas (sem flash de v\u00eddeo).<br \/>\n&#8211; Material Frame: Pl\u00e1stico<br \/>\n&#8211; Material Lente: Policarbonato \u00f3ptico<br \/>\n&#8211; Tipo: Mergulho Vermelho<\/p>\n<p>Item Incluso:<br \/>\n. 1 Filtro De Lente Vermelho Para Mergulho Para GoPro Hero 8 Black<\/p>\n<p>Adequado Para A c\u00e2mera De A\u00e7\u00e3o GoPro Hero 8 Black<\/p>\n","protected":false},"excerpt":{"rendered":"<p>S\u00f3 Vai Servir Para Caixa Estanque da Shoot<br \/>\nS\u00f3 Vai Servir Para Caixa Estanque da Shoot<br \/>\nS\u00f3 Vai Servir Para Caixa Estanque da Shoot<\/p>\n<p>Filtro De Lente Vermelho Para Mergulho Para GoPro Hero 8 Black<\/p>\n<p>Descri\u00e7\u00e3o do Produto:<br \/>\nEste filtro de mergulho vermelho para GoPro Hero 8 Black deve ser instalado diretamente sobre a lente da caixa estanque, e ajuda a corrigir o desvio de cor na \u00e1gua, de fontes de luz vermelha, em \u00e1guas azuis ou tropicais, em profundidade de 4 a 25 metros. \u00c9 fabricado em policarbonato \u00f3ptico com frame em pl\u00e1stico, com f\u00e1cil instala\u00e7\u00e3o e remo\u00e7\u00e3o. Acompanha um cord\u00e3o para prender na lateral do filtro e aumentar a seguran\u00e7a ao utilizar, evitando que se perca caso caia da caixa estanque.<br \/>\nFiltro facilmente encaixado \u00e0 frente do pequeno domo da caixa estanque da GoPro, n\u00e3o requerendo qualquer outra configura\u00e7\u00e3o na c\u00e2mera, permitindo assim, a capta\u00e7\u00e3o de excelentes imagens com cores bem reais do local onde ocorre o mergulho.<\/p>\n","protected":false},"featured_media":14544,"template":"","meta":{"_joinchat":[]},"_links":{"self":[{"href":"https:\/\/mistersates-import.com.br\/loja\/wp-json\/wp\/v2\/product\/14543"}],"collection":[{"href":"https:\/\/mistersates-import.com.br\/loja\/wp-json\/wp\/v2\/product"}],"about":[{"href":"https:\/\/mistersates-import.com.br\/loja\/wp-json\/wp\/v2\/types\/product"}],"wp:featuredmedia":[{"embeddable":true,"href":"https:\/\/mistersates-import.com.br\/loja\/wp-json\/wp\/v2\/media\/14544"}],"wp:attachment":[{"href":"https:\/\/mistersates-import.com.br\/loja\/wp-json\/wp\/v2\/media?parent=14543"}],"curies":[{"name":"wp","href":"https:\/\/api.w.org\/{rel}","templated":true}]}}