{"id":14554,"date":"2021-07-15T11:35:43","date_gmt":"2021-07-15T14:35:43","guid":{"rendered":"https:\/\/mistersates-import.com.br\/loja\/?post_type=product&#038;p=14554"},"modified":"2026-04-06T10:46:28","modified_gmt":"2026-04-06T13:46:28","slug":"adaptador-fone-carregador-iphone-lighting-7-8-x-plus-ipad","status":"publish","type":"product","link":"https:\/\/mistersates-import.com.br\/loja\/product\/adaptador-fone-carregador-iphone-lighting-7-8-x-plus-ipad\/","title":{"rendered":"Adaptador Fone Carregador iPhone Lighting 7\/8\/x\/plus\/iPad"},"content":{"rendered":"<p>SER\u00c1 ENVIADO A COR DISPON\u00cdVEL EM NOSSO ESTOQUE NO MOMENTO DA COMPRA<\/p>\n<p>Splitter Adaptador de Carregador e \u00c1udio para IPhone 7, 7 Plus, 8, 8 Plus e X.<br \/>\nSuporte total ao iOS 11.4.1<\/p>\n<p>Agora, carregar seu IPhone 7, 8 ou X ouvindo musicas n\u00e3o ser\u00e1 mais problema!!!<br \/>\nCom o novo lightning splitter, voc\u00ea poder\u00e1 ouvir musicas, efetuar liga\u00e7\u00f5es e realizar suas tarefas com fone como fazia nos modelos anteriores carregando seu aparelho simultaneamente, pois ele funciona como uma expans\u00e3o transformando sua sa\u00edda m\u00faltipla AC\/\u00c1udio em duas sa\u00eddas inteligentes.<\/p>\n<p>Produto compat\u00edvel aos aparelhos:<br \/>\n&#8211; IPhone 7;<br \/>\n&#8211; IPhone 7 Plus;<br \/>\n&#8211; IPhone 8;<br \/>\n&#8211; IPhone 8 Plus;<br \/>\n&#8211; IPhone X;<br \/>\n&#8211; Ipad a partir do modelo 4<\/p>\n","protected":false},"excerpt":{"rendered":"<p>SER\u00c1 ENVIADO A COR DISPON\u00cdVEL EM NOSSO ESTOQUE NO MOMENTO DA COMPRA<\/p>\n<p>Splitter Adaptador de Carregador e \u00c1udio para IPhone 7, 7 Plus, 8, 8 Plus e X.<br \/>\nSuporte total ao iOS 11.4.1<\/p>\n<p>Agora, carregar seu IPhone 7, 8 ou X ouvindo musicas n\u00e3o ser\u00e1 mais problema!!!<br \/>\nCom o novo lightning splitter, voc\u00ea poder\u00e1 ouvir musicas, efetuar liga\u00e7\u00f5es e realizar suas tarefas com fone como fazia nos modelos anteriores carregando seu aparelho simultaneamente, pois ele funciona como uma expans\u00e3o transformando sua sa\u00edda m\u00faltipla AC\/\u00c1udio em duas sa\u00eddas inteligentes.<\/p>\n<p>Produto compat\u00edvel aos aparelhos:<br \/>\n&#8211; IPhone 7;<br \/>\n&#8211; IPhone 7 Plus;<br \/>\n&#8211; IPhone 8;<br \/>\n&#8211; IPhone 8 Plus;<br \/>\n&#8211; IPhone X;<br \/>\n&#8211; Ipad a partir do modelo 4<\/p>\n","protected":false},"featured_media":15669,"template":"","meta":{"_joinchat":[]},"_links":{"self":[{"href":"https:\/\/mistersates-import.com.br\/loja\/wp-json\/wp\/v2\/product\/14554"}],"collection":[{"href":"https:\/\/mistersates-import.com.br\/loja\/wp-json\/wp\/v2\/product"}],"about":[{"href":"https:\/\/mistersates-import.com.br\/loja\/wp-json\/wp\/v2\/types\/product"}],"wp:featuredmedia":[{"embeddable":true,"href":"https:\/\/mistersates-import.com.br\/loja\/wp-json\/wp\/v2\/media\/15669"}],"wp:attachment":[{"href":"https:\/\/mistersates-import.com.br\/loja\/wp-json\/wp\/v2\/media?parent=14554"}],"curies":[{"name":"wp","href":"https:\/\/api.w.org\/{rel}","templated":true}]}}